{"id":54516,"date":"2026-04-03T00:11:04","date_gmt":"2026-04-02T21:11:04","guid":{"rendered":"http:\/\/new.ceasuri.md\/shop\/uncategorized\/orient-contemporary-chronograph-solar-ra-tx0303l10b\/"},"modified":"2026-04-20T01:36:48","modified_gmt":"2026-04-19T22:36:48","slug":"orient-contemporary-chronograph-solar-ra-tx0303l10b","status":"publish","type":"product","link":"https:\/\/ceasuri.md\/ru\/shop\/branduri\/orient\/orient-contemporary-chronograph-solar-ra-tx0303l10b\/","title":{"rendered":"\u0427\u0430\u0441\u044b ORIENT CONTEMPORARY CHRONOGRAPH SOLAR RA-TX0303L10B"},"content":{"rendered":"<p>Orient a ad\u0103ugat \u00een colec\u021bia Contemporary modele de cronografe alimentate cu energie solar\u0103, cu mi\u0219care in-house. Noile ceasuri sunt alimentate prin conversia energiei ob\u021binute din lumina soarelui \u0219i din alte surse de lumin\u0103 \u00een energie electric\u0103, astfel \u00eenc\u00e2t nu este necesar\u0103 \u00eenlocuirea bateriilor \u00een mod regulat. Acest lucru le face convenabile pentru utilizarea zilnic\u0103 \u0219i activit\u0103\u021bile \u00een aer liber atunci c\u00e2nd este utilizat\u0103 func\u021bia de cronograf.<\/p>\n<p>Func\u021bia de cronograf a fost ad\u0103ugat\u0103 modelelor populare din colec\u021bia Contemporary, f\u0103c\u00e2ndu-le mai atractive pentru un public mai t\u00e2n\u0103r. Acestea sunt disponibile ca op\u021biuni cu br\u0103\u021bar\u0103 metalic\u0103 \u0219i curea din piele. Modelul cu curea din piele este inspirat de bucuria automobilismului \u0219i evoc\u0103 interiorul luxos \u0219i tapi\u021beria retro din piele a ma\u0219inilor clasice, detaliile cus\u0103turilor \u00eembun\u0103t\u0103\u021bind \u0219i mai mult designul.<\/p>\n<p>Detaliile ingenioase de design se extind \u0219i la cadran. Indicii \u00een form\u0103 de pan\u0103 primesc mai mult\u0103 dimensiune de dedesubt, folosind o tehnic\u0103 de t\u0103iere \u00een diamant \u0219i un finisaj de moar\u0103 pe circumferin\u021b\u0103. Cu un finisaj \u00een oglind\u0103 distinctiv pe urechile carcasei \u0219i butoane proiectate pentru o operabilitate sporit\u0103, noile modele ofer\u0103 un design meticulos \u0219i o calitate asigurat\u0103.<\/p>\n<p>Cadranul este disponibil \u00een culorile standard alb, \u0219ampanie, albastru marin \u0219i negru, precum \u0219i \u00eentr-o culoare proasp\u0103t\u0103 albastru cer. Caracterul practic al modelului \u00eel face perfect potrivit pentru utilizarea zilnic\u0103.<\/p>","protected":false},"excerpt":{"rendered":"<p>Orient a ad\u0103ugat \u00een colec\u021bia Contemporary modele de cronografe alimentate cu energie solar\u0103, cu mi\u0219care in-house. Noile ceasuri sunt alimentate prin conversia energiei ob\u021binute din lumina soarelui \u0219i din alte surse de lumin\u0103 \u00een energie electric\u0103, astfel \u00eenc\u00e2t nu este necesar\u0103 \u00eenlocuirea bateriilor \u00een mod regulat. Acest lucru le face convenabile pentru utilizarea zilnic\u0103 \u0219i [&hellip;]<\/p>\n","protected":false},"featured_media":54517,"comment_status":"closed","ping_status":"open","template":"","meta":{"_acf_changed":false},"product_brand":[],"product_cat":[20,596],"product_tag":[],"class_list":{"0":"post-54516","1":"product","2":"type-product","3":"status-publish","4":"has-post-thumbnail","6":"product_cat-ceasuri-barbati","7":"product_cat-orient","8":"pa_brand-orient","9":"pa_braslet-otel-inoxidabil","10":"pa_corpus-40mm","11":"pa_forma-rotund","12":"pa_funcii-cronograf","13":"pa_funcii-data","14":"pa_garatia-24-luni","15":"pa_korpus-argintiu","16":"pa_kvarc-quartz","17":"pa_material-otel-inoxidabil","18":"pa_mehanizm-baterie-solara","19":"pa_mehanizm-quartz","20":"pa_remeshok-argintiu","21":"pa_steklo-cristal-safir","22":"pa_strana-japonia","23":"pa_voda-5-atm","25":"first","26":"instock","27":"purchasable","28":"product-type-simple"},"acf":[],"_links":{"self":[{"href":"https:\/\/ceasuri.md\/ru\/wp-json\/wp\/v2\/product\/54516","targetHints":{"allow":["GET"]}}],"collection":[{"href":"https:\/\/ceasuri.md\/ru\/wp-json\/wp\/v2\/product"}],"about":[{"href":"https:\/\/ceasuri.md\/ru\/wp-json\/wp\/v2\/types\/product"}],"replies":[{"embeddable":true,"href":"https:\/\/ceasuri.md\/ru\/wp-json\/wp\/v2\/comments?post=54516"}],"wp:featuredmedia":[{"embeddable":true,"href":"https:\/\/ceasuri.md\/ru\/wp-json\/wp\/v2\/media\/54517"}],"wp:attachment":[{"href":"https:\/\/ceasuri.md\/ru\/wp-json\/wp\/v2\/media?parent=54516"}],"wp:term":[{"taxonomy":"product_brand","embeddable":true,"href":"https:\/\/ceasuri.md\/ru\/wp-json\/wp\/v2\/product_brand?post=54516"},{"taxonomy":"product_cat","embeddable":true,"href":"https:\/\/ceasuri.md\/ru\/wp-json\/wp\/v2\/product_cat?post=54516"},{"taxonomy":"product_tag","embeddable":true,"href":"https:\/\/ceasuri.md\/ru\/wp-json\/wp\/v2\/product_tag?post=54516"}],"curies":[{"name":"wp","href":"https:\/\/api.w.org\/{rel}","templated":true}]}}