{"id":54484,"date":"2026-04-03T00:10:20","date_gmt":"2026-04-02T21:10:20","guid":{"rendered":"http:\/\/new.ceasuri.md\/shop\/uncategorized\/orient-star-contemporary-modern-skeleton-re-av0124g00b\/"},"modified":"2026-04-20T01:36:53","modified_gmt":"2026-04-19T22:36:53","slug":"orient-star-contemporary-modern-skeleton-re-av0124g00b","status":"publish","type":"product","link":"https:\/\/ceasuri.md\/ru\/shop\/branduri\/orient-star\/orient-star-contemporary-modern-skeleton-re-av0124g00b\/","title":{"rendered":"\u0427\u0430\u0441\u044b ORIENT STAR CONTEMPORARY Modern Skeleton RE-AV0124G00B"},"content":{"rendered":"<p>Modern Skeleton de la Orient Star a fost un bestseller \u00een \u00eentreaga lume \u00eenc\u0103 de la lansarea sa \u00een 2014. Al\u0103tur\u00e2ndu-se colec\u021biei \u00een al 10-lea an, noile modele sunt caracterizate de culori ale cadranului care completeaz\u0103 luneta \u0219i carcasa. \u00cen timp ce cadranele de culoare albastr\u0103, verde \u0219i maro ale modelelor anterioare contrastau cu carcasa pentru a eviden\u021bia cadranul, tonurile noilor culori ale cadranului completeaz\u0103 texturile metalice ale carcasei \u0219i ale altor p\u0103r\u021bi ale ceasului. Acest lucru creeaz\u0103 o armonie vizual\u0103 \u00eentre cadran, cu lucr\u0103rile sale \u00eendr\u0103zne\u021be deschise la orele 9, 2 \u0219i 6, \u0219i mi\u0219carea mecanic\u0103 vizibil\u0103 dedesubt. Rezultatul este o nou\u0103 estetic\u0103 pentru designul unic al Modern Skeleton, care utilizeaz\u0103 mi\u0219carea pentru a pune \u00een valoare cadranul.<\/p>\n<p>Cadranul argintiu une\u0219te vizual luneta \u0219i carcasa din o\u021bel inoxidabil pentru a crea un aspect uniform, \u00eentr-o singur\u0103 nuan\u021b\u0103, \u00een timp ce cadranele \u0219ampanie \u0219i filde\u0219 ofer\u0103 un punct de contrast cu carcasa \u0219i br\u0103\u021bara din o\u021bel inoxidabil, complet\u00e2nd \u00een acela\u0219i timp luneta din aur galben sau aur roz.<\/p>\n<p>Frumuse\u021bea ceasului poate fi apreciat\u0103 din ambele p\u0103r\u021bi, cadranul sau spatele carcasei transparent, f\u0103c\u00e2nd din acesta un model cu adev\u0103rat atractiv pentru pasiona\u021bii de ceasuri mecanice din \u00eentreaga lume.<\/p>","protected":false},"excerpt":{"rendered":"<p>Modern Skeleton de la Orient Star a fost un bestseller \u00een \u00eentreaga lume \u00eenc\u0103 de la lansarea sa \u00een 2014. Al\u0103tur\u00e2ndu-se colec\u021biei \u00een al 10-lea an, noile modele sunt caracterizate de culori ale cadranului care completeaz\u0103 luneta \u0219i carcasa. \u00cen timp ce cadranele de culoare albastr\u0103, verde \u0219i maro ale modelelor anterioare contrastau cu carcasa [&hellip;]<\/p>\n","protected":false},"featured_media":54485,"comment_status":"closed","ping_status":"open","template":"","meta":{"_acf_changed":false},"product_brand":[],"product_cat":[20,106,598],"product_tag":[],"class_list":{"0":"post-54484","1":"product","2":"type-product","3":"status-publish","4":"has-post-thumbnail","6":"product_cat-ceasuri-barbati","7":"product_cat-ceasuri-premium","8":"product_cat-orient-star","9":"pa_brand-orient-star","10":"pa_braslet-otel-inoxidabil","11":"pa_corpus-41-mm","12":"pa_forma-rotund","13":"pa_funcii-offset-second-hand","14":"pa_funcii-rezerva-de-energie","15":"pa_funcii-semischelet","16":"pa_garatia-24-luni","17":"pa_korpus-argintiu","18":"pa_korpus-auriu","19":"pa_material-otel-inoxidabil","20":"pa_mehanizm-mecanic","21":"pa_mehanizm-mecanism-automatic","22":"pa_remeshok-argintiu","23":"pa_steklo-cristal-safir","24":"pa_strana-japonia","25":"pa_voda-10-atm","27":"first","28":"instock","29":"purchasable","30":"product-type-simple"},"acf":[],"_links":{"self":[{"href":"https:\/\/ceasuri.md\/ru\/wp-json\/wp\/v2\/product\/54484","targetHints":{"allow":["GET"]}}],"collection":[{"href":"https:\/\/ceasuri.md\/ru\/wp-json\/wp\/v2\/product"}],"about":[{"href":"https:\/\/ceasuri.md\/ru\/wp-json\/wp\/v2\/types\/product"}],"replies":[{"embeddable":true,"href":"https:\/\/ceasuri.md\/ru\/wp-json\/wp\/v2\/comments?post=54484"}],"wp:featuredmedia":[{"embeddable":true,"href":"https:\/\/ceasuri.md\/ru\/wp-json\/wp\/v2\/media\/54485"}],"wp:attachment":[{"href":"https:\/\/ceasuri.md\/ru\/wp-json\/wp\/v2\/media?parent=54484"}],"wp:term":[{"taxonomy":"product_brand","embeddable":true,"href":"https:\/\/ceasuri.md\/ru\/wp-json\/wp\/v2\/product_brand?post=54484"},{"taxonomy":"product_cat","embeddable":true,"href":"https:\/\/ceasuri.md\/ru\/wp-json\/wp\/v2\/product_cat?post=54484"},{"taxonomy":"product_tag","embeddable":true,"href":"https:\/\/ceasuri.md\/ru\/wp-json\/wp\/v2\/product_tag?post=54484"}],"curies":[{"name":"wp","href":"https:\/\/api.w.org\/{rel}","templated":true}]}}