{"id":54480,"date":"2026-04-03T00:10:20","date_gmt":"2026-04-02T21:10:20","guid":{"rendered":"http:\/\/new.ceasuri.md\/shop\/uncategorized\/orient-star-contemporary-modern-skeleton-keshiki-le-re-av0127l00b\/"},"modified":"2026-04-20T01:36:54","modified_gmt":"2026-04-19T22:36:54","slug":"orient-star-contemporary-modern-skeleton-keshiki-le-re-av0127l00b","status":"publish","type":"product","link":"https:\/\/ceasuri.md\/ru\/shop\/branduri\/orient-star\/orient-star-contemporary-modern-skeleton-keshiki-le-re-av0127l00b\/","title":{"rendered":"\u0427\u0430\u0441\u044b ORIENT STAR CONTEMPORARY Modern Skeleton &#8216;Keshiki&#8217; LE RE-AV0127L00B"},"content":{"rendered":"<p>Orient Star a lansat o serie de ceasuri \u00een edi\u021bie limitat\u0103 inspirate de culorile cerului \u0219i m\u0103rii care leag\u0103 lumea. Seria, numit\u0103 Keshiki, care \u00eenseamn\u0103 peisaj frumos \u00een japonez\u0103, include trei modele: Modern Skeleton \u0219i Semi Skeleton din colec\u021bia Contemporary, \u0219i mai micul Classic Semi Skeleton din colec\u021bia Classic. Fiecare model are un cadran albastru cer care eman\u0103 transluciditate, evoc\u00e2nd aerul proasp\u0103t de iarn\u0103.<br \/>\nSeria Keshiki de modele \u00een edi\u021bie limitat\u0103 care \u00eencorporeaz\u0103 culori ale cadranului reprezent\u00e2nd cerul \u0219i marea, care leag\u0103 lumea, a \u00eenceput cu dorin\u021ba Orient Star de a fi purtat\u0103 de oameni de pe tot globul. Inspirate de peisajele \u00eenz\u0103pezite, cadranele albastru cer de pe noile modele amintesc de aerul rece de iarn\u0103 al unui peisaj \u00eenz\u0103pezit, iar culoarea lor izbitoare evoc\u0103 elegan\u021ba.<br \/>\nORIENT STAR CONTEMPORARY Modern Skeleton &#8216;Keshiki&#8217; Limited Edition este un ceas automat exclusiv pentru b\u0103rba\u021bi, disponibil \u00eentr-o edi\u021bie limitat\u0103. Carcasa \u0219i br\u0103\u021bara din o\u021bel inoxidabil se potrivesc perfect cu cadranul albastru decorat cu o mi\u0219care cu inim\u0103 deschis\u0103. Datorit\u0103 acestuia, pute\u021bi admira munca precis\u0103 a mi\u0219c\u0103rii japoneze Orient Star F6F44, dotat\u0103 cu func\u021bia de oprire a m\u00e2inii secunde. Ceasul are un cristal de safir care protejeaz\u0103 cadranul de zg\u00e2rieturi \u0219i este rezistent la ap\u0103 p\u00e2n\u0103 la 100 de metri, ceea ce \u00eel face ideal pentru purtarea de zi cu zi \u0219i pentru ocazii speciale.<br \/>\nDisponibil N 048,120, 427,445 din cele 900 de piese.<\/p>","protected":false},"excerpt":{"rendered":"<p>Orient Star a lansat o serie de ceasuri \u00een edi\u021bie limitat\u0103 inspirate de culorile cerului \u0219i m\u0103rii care leag\u0103 lumea. Seria, numit\u0103 Keshiki, care \u00eenseamn\u0103 peisaj frumos \u00een japonez\u0103, include trei modele: Modern Skeleton \u0219i Semi Skeleton din colec\u021bia Contemporary, \u0219i mai micul Classic Semi Skeleton din colec\u021bia Classic. Fiecare model are un cadran albastru [&hellip;]<\/p>\n","protected":false},"featured_media":54481,"comment_status":"closed","ping_status":"open","template":"","meta":{"_acf_changed":false},"product_brand":[],"product_cat":[20,106,205,598],"product_tag":[],"class_list":{"0":"post-54480","1":"product","2":"type-product","3":"status-publish","4":"has-post-thumbnail","6":"product_cat-ceasuri-barbati","7":"product_cat-ceasuri-premium","8":"product_cat-limited-edition","9":"product_cat-orient-star","10":"pa_brand-orient-star","11":"pa_braslet-otel-inoxidabil","12":"pa_corpus-41-mm","13":"pa_forma-rotund","14":"pa_funcii-limited-edition","15":"pa_funcii-offset-second-hand","16":"pa_funcii-rezerva-de-energie","17":"pa_funcii-semischelet","18":"pa_garatia-24-luni","19":"pa_korpus-argintiu","20":"pa_material-otel-inoxidabil","21":"pa_mehanizm-mecanic","22":"pa_mehanizm-mecanism-automatic","23":"pa_remeshok-argintiu","24":"pa_steklo-cristal-safir","25":"pa_strana-japonia","26":"pa_voda-10-atm","28":"first","29":"instock","30":"purchasable","31":"product-type-simple"},"acf":[],"_links":{"self":[{"href":"https:\/\/ceasuri.md\/ru\/wp-json\/wp\/v2\/product\/54480","targetHints":{"allow":["GET"]}}],"collection":[{"href":"https:\/\/ceasuri.md\/ru\/wp-json\/wp\/v2\/product"}],"about":[{"href":"https:\/\/ceasuri.md\/ru\/wp-json\/wp\/v2\/types\/product"}],"replies":[{"embeddable":true,"href":"https:\/\/ceasuri.md\/ru\/wp-json\/wp\/v2\/comments?post=54480"}],"wp:featuredmedia":[{"embeddable":true,"href":"https:\/\/ceasuri.md\/ru\/wp-json\/wp\/v2\/media\/54481"}],"wp:attachment":[{"href":"https:\/\/ceasuri.md\/ru\/wp-json\/wp\/v2\/media?parent=54480"}],"wp:term":[{"taxonomy":"product_brand","embeddable":true,"href":"https:\/\/ceasuri.md\/ru\/wp-json\/wp\/v2\/product_brand?post=54480"},{"taxonomy":"product_cat","embeddable":true,"href":"https:\/\/ceasuri.md\/ru\/wp-json\/wp\/v2\/product_cat?post=54480"},{"taxonomy":"product_tag","embeddable":true,"href":"https:\/\/ceasuri.md\/ru\/wp-json\/wp\/v2\/product_tag?post=54480"}],"curies":[{"name":"wp","href":"https:\/\/api.w.org\/{rel}","templated":true}]}}