{"id":54472,"date":"2026-04-03T00:10:20","date_gmt":"2026-04-02T21:10:20","guid":{"rendered":"http:\/\/new.ceasuri.md\/shop\/uncategorized\/orient-star-contemporary-classic-semi-skeleton-keshiki-re-nd0020l00b\/"},"modified":"2026-04-20T01:36:55","modified_gmt":"2026-04-19T22:36:55","slug":"orient-star-contemporary-classic-semi-skeleton-keshiki-re-nd0020l00b","status":"publish","type":"product","link":"https:\/\/ceasuri.md\/ru\/shop\/branduri\/orient-star\/orient-star-contemporary-classic-semi-skeleton-keshiki-re-nd0020l00b\/","title":{"rendered":"\u0427\u0430\u0441\u044b ORIENT STAR CONTEMPORARY Classic Semi Skeleton &#8216;Keshiki&#8217; RE-ND0020L00B"},"content":{"rendered":"<p>Seria Keshiki de modele \u00een edi\u021bie limitat\u0103 cu cadrane de culoarea cerului \u0219i a m\u0103rii, care conecteaz\u0103 lumea, a \u00eenceput cu dorin\u021ba Orient Star de a fi purtate de oameni din \u00eentreaga lume. Inspirate de peisajele \u00eenz\u0103pezite, cadranele albastru cer ale noilor modele amintesc de aerul rece de iarn\u0103 al unui peisaj \u00eenz\u0103pezit, iar culoarea lor str\u0103lucitoare evoc\u0103 elegan\u021ba.<br \/>\nModelele Modern Skeleton \u0219i Semi Skeleton din colec\u021bia Contemporary au cadrane ajurate cu mici secunde, secunde \u0219i m\u00e2ini pentru rezerva de putere care completeaz\u0103 perfect cadranul albastru cer. Modelul Classic Semi Skeleton din colec\u021bia Contemporary are, de asemenea, ar\u0103t\u0103tori albastru \u00eenchis pentru ore \u0219i minute, care se potrivesc cu cadranul albastru cer. Luneta cald\u0103 din aur roz a modelului Classic Semi Skeleton contrasteaz\u0103 cu cadranul albastru cer \u0219i confer\u0103 elegan\u021b\u0103 carcasei compacte. Marca OS de culoarea aurului roz de pe toate cele trei modele aminte\u0219te de fulgii de z\u0103pad\u0103 str\u0103lucitori care flutur\u0103 prin aer.<br \/>\nCele trei modele Keshiki, limitate la 900 de exemplare pentru Modern Skeleton, 700 de exemplare pentru Semi Skeleton \u0219i 400 de exemplare pentru Classic Semi Skeleton, dispun de o mi\u0219care automat\u0103 fabricat\u0103 in-house \u0219i de un capac din o\u021bel inoxidabil gravat cu edi\u021bia limitat\u0103 \u0219i num\u0103rul de serie.<br \/>\nDisponibil N 061, 107, 130 din cele 400 de piese.<\/p>","protected":false},"excerpt":{"rendered":"<p>Seria Keshiki de modele \u00een edi\u021bie limitat\u0103 cu cadrane de culoarea cerului \u0219i a m\u0103rii, care conecteaz\u0103 lumea, a \u00eenceput cu dorin\u021ba Orient Star de a fi purtate de oameni din \u00eentreaga lume. Inspirate de peisajele \u00eenz\u0103pezite, cadranele albastru cer ale noilor modele amintesc de aerul rece de iarn\u0103 al unui peisaj \u00eenz\u0103pezit, iar culoarea [&hellip;]<\/p>\n","protected":false},"featured_media":54473,"comment_status":"closed","ping_status":"open","template":"","meta":{"_acf_changed":false},"product_brand":[],"product_cat":[25,106,205,598,627],"product_tag":[],"class_list":{"0":"post-54472","1":"product","2":"type-product","3":"status-publish","4":"has-post-thumbnail","6":"product_cat-ceasuri-dama","7":"product_cat-ceasuri-premium","8":"product_cat-limited-edition","9":"product_cat-orient-star","10":"product_cat-orient-star-x-iutecredit","11":"pa_brand-orient-star","12":"pa_braslet-otel-inoxidabil","13":"pa_corpus-31-mm","14":"pa_forma-rotund","15":"pa_funcii-limited-edition","16":"pa_funcii-semischelet","17":"pa_garatia-24-luni","18":"pa_korpus-argintiu","19":"pa_korpus-roz-gold","20":"pa_material-otel-inoxidabil","21":"pa_mehanizm-mecanic","22":"pa_mehanizm-mecanism-automatic","23":"pa_remeshok-argintiu","24":"pa_steklo-cristal-mineral","25":"pa_strana-japonia","26":"pa_voda-5-atm","28":"first","29":"instock","30":"purchasable","31":"product-type-simple"},"acf":[],"_links":{"self":[{"href":"https:\/\/ceasuri.md\/ru\/wp-json\/wp\/v2\/product\/54472","targetHints":{"allow":["GET"]}}],"collection":[{"href":"https:\/\/ceasuri.md\/ru\/wp-json\/wp\/v2\/product"}],"about":[{"href":"https:\/\/ceasuri.md\/ru\/wp-json\/wp\/v2\/types\/product"}],"replies":[{"embeddable":true,"href":"https:\/\/ceasuri.md\/ru\/wp-json\/wp\/v2\/comments?post=54472"}],"wp:featuredmedia":[{"embeddable":true,"href":"https:\/\/ceasuri.md\/ru\/wp-json\/wp\/v2\/media\/54473"}],"wp:attachment":[{"href":"https:\/\/ceasuri.md\/ru\/wp-json\/wp\/v2\/media?parent=54472"}],"wp:term":[{"taxonomy":"product_brand","embeddable":true,"href":"https:\/\/ceasuri.md\/ru\/wp-json\/wp\/v2\/product_brand?post=54472"},{"taxonomy":"product_cat","embeddable":true,"href":"https:\/\/ceasuri.md\/ru\/wp-json\/wp\/v2\/product_cat?post=54472"},{"taxonomy":"product_tag","embeddable":true,"href":"https:\/\/ceasuri.md\/ru\/wp-json\/wp\/v2\/product_tag?post=54472"}],"curies":[{"name":"wp","href":"https:\/\/api.w.org\/{rel}","templated":true}]}}