{"id":54469,"date":"2026-04-03T00:10:20","date_gmt":"2026-04-02T21:10:20","guid":{"rendered":"http:\/\/new.ceasuri.md\/shop\/uncategorized\/casio-a168weuc-1aer-accessories\/"},"modified":"2026-04-20T01:36:39","modified_gmt":"2026-04-19T22:36:39","slug":"casio-a168weuc-1aer-accessories","status":"publish","type":"product","link":"https:\/\/ceasuri.md\/ru\/shop\/accesorii\/accesorii-barbati\/casio-a168weuc-1aer-accessories\/","title":{"rendered":"CASIO A168WEUC-1AER Accessories"},"content":{"rendered":"<p>UNO este un joc de c\u0103r\u021bi distractiv care a c\u00e2\u0219tigat inimile a milioane de juc\u0103tori din \u00eentreaga lume. Creat \u00een 1971, \u00eenc\u0103 bate recorduri de popularitate printre jocurile de societate! C\u0103r\u021bile curcubeu, momentele emo\u021bionante \u0219i jocul care creeaz\u0103 dependen\u021b\u0103 fac din UNO o alegere excelent\u0103 pentru un moment distractiv cu familia \u0219i prietenii. Jocul dezvolt\u0103 reac\u021bia, aten\u021bia \u0219i este potrivit pentru copiii de aproape orice v\u00e2rst\u0103, atunci c\u00e2nd \u0219tiu deja numerele. Casio nu a trecut pe l\u00e2ng\u0103 \u0219i a creat o colaborare plin\u0103 de culoare cu UNO &#8211; noul pachet prezint\u0103 un ceas Casio! Ce \u00eenseamn\u0103 aceast\u0103 carte pentru joc? Vei afla c\u00e2nd vei cump\u0103ra un joc nou de la noi! Cufund\u0103-te \u00een atmosfera competi\u021biilor interesante \u0219i a mi\u0219c\u0103rilor strategice cu UNO, juc\u00e2ndu-l la petreceri, \u00een vacan\u021b\u0103 sau chiar \u00eentr-o sear\u0103 obi\u0219nuit\u0103 acas\u0103.<\/p>","protected":false},"excerpt":{"rendered":"<p>UNO este un joc de c\u0103r\u021bi distractiv care a c\u00e2\u0219tigat inimile a milioane de juc\u0103tori din \u00eentreaga lume. Creat \u00een 1971, \u00eenc\u0103 bate recorduri de popularitate printre jocurile de societate! C\u0103r\u021bile curcubeu, momentele emo\u021bionante \u0219i jocul care creeaz\u0103 dependen\u021b\u0103 fac din UNO o alegere excelent\u0103 pentru un moment distractiv cu familia \u0219i prietenii. Jocul dezvolt\u0103 [&hellip;]<\/p>\n","protected":false},"featured_media":53675,"comment_status":"closed","ping_status":"open","template":"","meta":{"_acf_changed":false},"product_brand":[],"product_cat":[581,576,621,27],"product_tag":[],"class_list":{"0":"post-54469","1":"product","2":"type-product","3":"status-publish","4":"has-post-thumbnail","6":"product_cat-accesorii-barbati","7":"product_cat-accesorii-dama","8":"product_cat-accesorii-pentru-copii","9":"product_cat-casio","10":"pa_brand-casio","11":"pa_korpus-multicolor","12":"pa_strana-japonia","14":"first","15":"instock","16":"purchasable","17":"product-type-simple"},"acf":[],"_links":{"self":[{"href":"https:\/\/ceasuri.md\/ru\/wp-json\/wp\/v2\/product\/54469","targetHints":{"allow":["GET"]}}],"collection":[{"href":"https:\/\/ceasuri.md\/ru\/wp-json\/wp\/v2\/product"}],"about":[{"href":"https:\/\/ceasuri.md\/ru\/wp-json\/wp\/v2\/types\/product"}],"replies":[{"embeddable":true,"href":"https:\/\/ceasuri.md\/ru\/wp-json\/wp\/v2\/comments?post=54469"}],"wp:featuredmedia":[{"embeddable":true,"href":"https:\/\/ceasuri.md\/ru\/wp-json\/wp\/v2\/media\/53675"}],"wp:attachment":[{"href":"https:\/\/ceasuri.md\/ru\/wp-json\/wp\/v2\/media?parent=54469"}],"wp:term":[{"taxonomy":"product_brand","embeddable":true,"href":"https:\/\/ceasuri.md\/ru\/wp-json\/wp\/v2\/product_brand?post=54469"},{"taxonomy":"product_cat","embeddable":true,"href":"https:\/\/ceasuri.md\/ru\/wp-json\/wp\/v2\/product_cat?post=54469"},{"taxonomy":"product_tag","embeddable":true,"href":"https:\/\/ceasuri.md\/ru\/wp-json\/wp\/v2\/product_tag?post=54469"}],"curies":[{"name":"wp","href":"https:\/\/api.w.org\/{rel}","templated":true}]}}