{"id":54468,"date":"2026-04-03T00:10:20","date_gmt":"2026-04-02T21:10:20","guid":{"rendered":"http:\/\/new.ceasuri.md\/shop\/uncategorized\/casio-bgd-10k-accessories\/"},"modified":"2026-04-07T04:48:36","modified_gmt":"2026-04-07T01:48:36","slug":"casio-bgd-10k-accessories","status":"publish","type":"product","link":"https:\/\/ceasuri.md\/ru\/shop\/accesorii\/accesorii-barbati\/casio-bgd-10k-accessories\/","title":{"rendered":"CASIO BGD-10K Accessories"},"content":{"rendered":"<p>Cum s\u0103 surprinzi copilul modern? Oferi\u021bi-i o hus\u0103 KUROMI \u00een form\u0103 de pisicu\u021b\u0103 neagr\u0103 &#8211; este un accesoriu elegant \u0219i convenabil conceput special pentru a proteja ceasurile Casio (model BGD-10K). Pute\u021bi \u00eendep\u0103rta cu u\u0219urin\u021b\u0103 br\u0103\u021bara de la ceas \u0219i pute\u021bi plasa ceasul \u00een carcasa juc\u0103u\u0219\u0103!<br \/>\nFabricat\u0103 din materiale de \u00eenalt\u0103 calitate, carcasa pentru breloc ofer\u0103 o protec\u021bie fiabil\u0103 \u00eempotriva zg\u00e2rieturilor \u0219i a prafului, ajut\u00e2nd la men\u021binerea ceasului dvs. \u00een stare perfect\u0103.<br \/>\nDesignul carcasei este realizat \u00een stilul unic KUROMI &#8211; sub forma unei pisicu\u021be negre. O abordare original\u0103 a citirii orei!<br \/>\nCompact \u0219i u\u0219or, este ideal pentru utilizarea zilnic\u0103 \u0219i pentru c\u0103l\u0103torii. Carcasa ofer\u0103 acces convenabil la ceas \u00een orice moment.<br \/>\n\u00cen plus, carcasa pentru breloc KUROMI are o bucl\u0103 convenabil\u0103 pentru ata\u0219area la un \u0219nur sau la o geant\u0103, ceea ce o face u\u0219or de utilizat \u0219i ofer\u0103 func\u021bionalitate suplimentar\u0103. Acest accesoriu nu numai c\u0103 v\u0103 protejeaz\u0103 ceasul Casio (model BGD-10K) , dar, de asemenea, \u00eel face \u0219i mai elegant \u0219i atractiv &#8211; copilul dvs. \u00eel va iubi!<br \/>\nCu husa pentru breloc KUROMI pute\u021bi fi sigur c\u0103 ceasul dumneavoastr\u0103 Casio (model BGD-10K) este protejat \u0219i \u00eentotdeauna la \u00eendem\u00e2n\u0103, gata de utilizare. Acest accesoriu v\u0103 va face cu siguran\u021b\u0103 s\u0103 ie\u0219i\u021bi \u00een eviden\u021b\u0103 din mul\u021bime, subliniindu-v\u0103 personalitatea \u0219i gusturile.<\/p>","protected":false},"excerpt":{"rendered":"<p>Cum s\u0103 surprinzi copilul modern? Oferi\u021bi-i o hus\u0103 KUROMI \u00een form\u0103 de pisicu\u021b\u0103 neagr\u0103 &#8211; este un accesoriu elegant \u0219i convenabil conceput special pentru a proteja ceasurile Casio (model BGD-10K). Pute\u021bi \u00eendep\u0103rta cu u\u0219urin\u021b\u0103 br\u0103\u021bara de la ceas \u0219i pute\u021bi plasa ceasul \u00een carcasa juc\u0103u\u0219\u0103! Fabricat\u0103 din materiale de \u00eenalt\u0103 calitate, carcasa pentru breloc ofer\u0103 [&hellip;]<\/p>\n","protected":false},"featured_media":52724,"comment_status":"closed","ping_status":"open","template":"","meta":{"_acf_changed":false},"product_brand":[],"product_cat":[581,576,621,27],"product_tag":[],"class_list":{"0":"post-54468","1":"product","2":"type-product","3":"status-publish","4":"has-post-thumbnail","6":"product_cat-accesorii-barbati","7":"product_cat-accesorii-dama","8":"product_cat-accesorii-pentru-copii","9":"product_cat-casio","10":"pa_brand-casio","11":"pa_korpus-negru","12":"pa_material-silicon","13":"pa_strana-japonia","15":"first","16":"instock","17":"purchasable","18":"product-type-simple"},"acf":[],"_links":{"self":[{"href":"https:\/\/ceasuri.md\/ru\/wp-json\/wp\/v2\/product\/54468","targetHints":{"allow":["GET"]}}],"collection":[{"href":"https:\/\/ceasuri.md\/ru\/wp-json\/wp\/v2\/product"}],"about":[{"href":"https:\/\/ceasuri.md\/ru\/wp-json\/wp\/v2\/types\/product"}],"replies":[{"embeddable":true,"href":"https:\/\/ceasuri.md\/ru\/wp-json\/wp\/v2\/comments?post=54468"}],"wp:featuredmedia":[{"embeddable":true,"href":"https:\/\/ceasuri.md\/ru\/wp-json\/wp\/v2\/media\/52724"}],"wp:attachment":[{"href":"https:\/\/ceasuri.md\/ru\/wp-json\/wp\/v2\/media?parent=54468"}],"wp:term":[{"taxonomy":"product_brand","embeddable":true,"href":"https:\/\/ceasuri.md\/ru\/wp-json\/wp\/v2\/product_brand?post=54468"},{"taxonomy":"product_cat","embeddable":true,"href":"https:\/\/ceasuri.md\/ru\/wp-json\/wp\/v2\/product_cat?post=54468"},{"taxonomy":"product_tag","embeddable":true,"href":"https:\/\/ceasuri.md\/ru\/wp-json\/wp\/v2\/product_tag?post=54468"}],"curies":[{"name":"wp","href":"https:\/\/api.w.org\/{rel}","templated":true}]}}