{"id":54448,"date":"2026-04-03T00:10:20","date_gmt":"2026-04-02T21:10:20","guid":{"rendered":"http:\/\/new.ceasuri.md\/shop\/uncategorized\/casio-g-shock-dw-5600rw-1er\/"},"modified":"2026-04-07T04:48:32","modified_gmt":"2026-04-07T01:48:32","slug":"casio-g-shock-dw-5600rw-1er","status":"publish","type":"product","link":"https:\/\/ceasuri.md\/ru\/shop\/branduri\/casio\/casio-g-shock-dw-5600rw-1er\/","title":{"rendered":"Ceas CASIO G-SHOCK DW-5600RW-1ER"},"content":{"rendered":"<p>Aceast\u0103 serie se caracterizeaz\u0103 prin modelul special de zid de c\u0103r\u0103mid\u0103 de pe afi\u0219aj, care este \u00een culorile curcubeului. Acest model a fost deja utilizat ca element de design la primul G-SHOCK.<br \/>\nCu ajutorul acoperirii cu vapori, modelul simbolic al zidului de c\u0103r\u0103mid\u0103 este reprodus \u00een nuan\u021be str\u0103lucitoare de curcubeu care se schimb\u0103 \u0219i se modific\u0103 \u00een func\u021bie de inciden\u021ba luminii. Designul colorat r\u0103m\u00e2ne fidel originilor G-SHOCK \u0219i ilustreaz\u0103 spiritul de perseveren\u021b\u0103 necesar pentru a dep\u0103\u0219i barierele \u0219i a dep\u0103\u0219i limitele de fiecare dat\u0103.<br \/>\nAlege\u021bi-v\u0103 ceasul preferat din legendarele modele 5600 sau din modelele cu combina\u021bie analog-digital\u0103 2100.<br \/>\nLa ceasurile DW-5600 \u0219i GM-5600, sticla prezint\u0103 un model de c\u0103r\u0103mid\u0103 cu efecte de schimbare a culorilor, reprodus cu strat de vapori cu tonuri gradate de curcubeu.<br \/>\nLa modelele GA-2100 \u0219i GM-2100, modelul c\u0103r\u0103miziu str\u0103lucitor al cadranului este creat printr-o combina\u021bie de acoperire cu vapori argintii, gravare cu laser \u0219i imprimare \u00een culori curcubeu.<\/p>","protected":false},"excerpt":{"rendered":"<p>Aceast\u0103 serie se caracterizeaz\u0103 prin modelul special de zid de c\u0103r\u0103mid\u0103 de pe afi\u0219aj, care este \u00een culorile curcubeului. Acest model a fost deja utilizat ca element de design la primul G-SHOCK. Cu ajutorul acoperirii cu vapori, modelul simbolic al zidului de c\u0103r\u0103mid\u0103 este reprodus \u00een nuan\u021be str\u0103lucitoare de curcubeu care se schimb\u0103 \u0219i se [&hellip;]<\/p>\n","protected":false},"featured_media":54449,"comment_status":"closed","ping_status":"open","template":"","meta":{"_acf_changed":false},"product_brand":[],"product_cat":[27,20,419],"product_tag":[],"class_list":{"0":"post-54448","1":"product","2":"type-product","3":"status-publish","4":"has-post-thumbnail","6":"product_cat-casio","7":"product_cat-ceasuri-barbati","8":"product_cat-g-shock","9":"pa_brand-casio","10":"pa_brand-g-shock","11":"pa_braslet-plastic","12":"pa_corpus-43x49mm","13":"pa_forma-octogonala","14":"pa_funcii-alarma","15":"pa_funcii-calendar","16":"pa_funcii-cronometru","17":"pa_funcii-iluminare","18":"pa_garatia-24-luni","19":"pa_korpus-negru","20":"pa_material-plastic","21":"pa_mehanizm-electronic","22":"pa_mehanizm-quartz","23":"pa_remeshok-negru","24":"pa_steklo-cristal-mineral","25":"pa_strana-japonia","26":"pa_voda-20-atm","28":"first","29":"instock","30":"purchasable","31":"product-type-simple"},"acf":[],"_links":{"self":[{"href":"https:\/\/ceasuri.md\/ru\/wp-json\/wp\/v2\/product\/54448","targetHints":{"allow":["GET"]}}],"collection":[{"href":"https:\/\/ceasuri.md\/ru\/wp-json\/wp\/v2\/product"}],"about":[{"href":"https:\/\/ceasuri.md\/ru\/wp-json\/wp\/v2\/types\/product"}],"replies":[{"embeddable":true,"href":"https:\/\/ceasuri.md\/ru\/wp-json\/wp\/v2\/comments?post=54448"}],"wp:featuredmedia":[{"embeddable":true,"href":"https:\/\/ceasuri.md\/ru\/wp-json\/wp\/v2\/media\/54449"}],"wp:attachment":[{"href":"https:\/\/ceasuri.md\/ru\/wp-json\/wp\/v2\/media?parent=54448"}],"wp:term":[{"taxonomy":"product_brand","embeddable":true,"href":"https:\/\/ceasuri.md\/ru\/wp-json\/wp\/v2\/product_brand?post=54448"},{"taxonomy":"product_cat","embeddable":true,"href":"https:\/\/ceasuri.md\/ru\/wp-json\/wp\/v2\/product_cat?post=54448"},{"taxonomy":"product_tag","embeddable":true,"href":"https:\/\/ceasuri.md\/ru\/wp-json\/wp\/v2\/product_tag?post=54448"}],"curies":[{"name":"wp","href":"https:\/\/api.w.org\/{rel}","templated":true}]}}