{"id":54443,"date":"2026-04-03T00:10:20","date_gmt":"2026-04-02T21:10:20","guid":{"rendered":"http:\/\/new.ceasuri.md\/shop\/uncategorized\/casio-edifice-ecb-2200cb-2aef\/"},"modified":"2026-04-20T01:36:06","modified_gmt":"2026-04-19T22:36:06","slug":"casio-edifice-ecb-2200cb-2aef","status":"publish","type":"product","link":"https:\/\/ceasuri.md\/ru\/shop\/branduri\/casio\/casio-edifice-ecb-2200cb-2aef\/","title":{"rendered":"\u0427\u0430\u0441\u044b CASIO EDIFICE ECB-2200CB-2AEF"},"content":{"rendered":"<p>Trece\u021bi \u00een scaunul \u0219oferului cu intensitatea unui pilot de curse. V\u0103 prezent\u0103m cronograful de \u00eenalt\u0103 performan\u021b\u0103 pentru sporturi cu motor EDIFICE de un albastru rece.<br \/>\nECB-2200 WINDFLOW are o carcas\u0103 din r\u0103\u0219in\u0103 ranforsat\u0103 cu fibr\u0103 de carbon, realizat\u0103 din carbon albastru indigo &#8211; o premier\u0103 pentru linia EDIFICE. Luneta \u0219i banda placate cu ioni alba\u0219tri, \u00eempreun\u0103 cu tonurile de baz\u0103 albastre ale cadranului, eman\u0103 un stil rece care surprinde concentrarea glacial\u0103 necesar\u0103 pentru a domina pe<br \/>\nEste foarte simplu s\u0103 v\u0103 sincroniza\u021bi cu smartphone-ul prin Bluetooth\u00ae. Conecta\u021bi-v\u0103 la aplica\u021bie pentru a accesa func\u021bii care v\u0103 fac via\u021ba mai u\u0219oar\u0103, indiferent dac\u0103 v\u0103 afla\u021bi sau nu la volan &#8211; ob\u021bine\u021bi o cronometrare de precizie ajustat\u0103 automat, gestiona\u021bi f\u0103r\u0103 efort lista orei mondiale a peste 300 de ora\u0219e din \u00eentreaga lume, transfera\u021bi datele cronometrului m\u0103surate la milisecund\u0103 pe smartphone, g\u0103si\u021bi-v\u0103 telefonul doar \u021bin\u00e2nd ap\u0103sat un buton de pe ceas \u0219i multe altele! Tough Solar \u00eencarc\u0103 ceasul de la lumina soarelui sau chiar de la lumina unei l\u0103mpi fluorescente.<\/p>","protected":false},"excerpt":{"rendered":"<p>Trece\u021bi \u00een scaunul \u0219oferului cu intensitatea unui pilot de curse. V\u0103 prezent\u0103m cronograful de \u00eenalt\u0103 performan\u021b\u0103 pentru sporturi cu motor EDIFICE de un albastru rece. ECB-2200 WINDFLOW are o carcas\u0103 din r\u0103\u0219in\u0103 ranforsat\u0103 cu fibr\u0103 de carbon, realizat\u0103 din carbon albastru indigo &#8211; o premier\u0103 pentru linia EDIFICE. Luneta \u0219i banda placate cu ioni alba\u0219tri, [&hellip;]<\/p>\n","protected":false},"featured_media":54444,"comment_status":"closed","ping_status":"open","template":"","meta":{"_acf_changed":false},"product_brand":[],"product_cat":[27,20,536],"product_tag":[],"class_list":{"0":"post-54443","1":"product","2":"type-product","3":"status-publish","4":"has-post-thumbnail","6":"product_cat-casio","7":"product_cat-ceasuri-barbati","8":"product_cat-edifice","9":"pa_brand-casio","10":"pa_brand-edifice","11":"pa_braslet-otel-inoxidabil","12":"pa_corpus-48-mm","13":"pa_forma-rotund","14":"pa_funcii-alarma","15":"pa_funcii-bluetooth-smart","16":"pa_funcii-calendar","17":"pa_funcii-cronometru","18":"pa_funcii-iluminare","19":"pa_funcii-rezerva-de-energie","20":"pa_funcii-timp-mondial","21":"pa_garatia-24-luni","22":"pa_korpus-albastru-inchis","23":"pa_kvarc-quartz","24":"pa_material-carbon","25":"pa_material-otel-inoxidabil","26":"pa_mehanizm-baterie-solara","27":"pa_mehanizm-quartz","28":"pa_remeshok-albastru-inchis","29":"pa_steklo-cristal-mineral","30":"pa_strana-japonia","31":"pa_voda-10-atm","33":"first","34":"instock","35":"purchasable","36":"product-type-simple"},"acf":[],"_links":{"self":[{"href":"https:\/\/ceasuri.md\/ru\/wp-json\/wp\/v2\/product\/54443","targetHints":{"allow":["GET"]}}],"collection":[{"href":"https:\/\/ceasuri.md\/ru\/wp-json\/wp\/v2\/product"}],"about":[{"href":"https:\/\/ceasuri.md\/ru\/wp-json\/wp\/v2\/types\/product"}],"replies":[{"embeddable":true,"href":"https:\/\/ceasuri.md\/ru\/wp-json\/wp\/v2\/comments?post=54443"}],"wp:featuredmedia":[{"embeddable":true,"href":"https:\/\/ceasuri.md\/ru\/wp-json\/wp\/v2\/media\/54444"}],"wp:attachment":[{"href":"https:\/\/ceasuri.md\/ru\/wp-json\/wp\/v2\/media?parent=54443"}],"wp:term":[{"taxonomy":"product_brand","embeddable":true,"href":"https:\/\/ceasuri.md\/ru\/wp-json\/wp\/v2\/product_brand?post=54443"},{"taxonomy":"product_cat","embeddable":true,"href":"https:\/\/ceasuri.md\/ru\/wp-json\/wp\/v2\/product_cat?post=54443"},{"taxonomy":"product_tag","embeddable":true,"href":"https:\/\/ceasuri.md\/ru\/wp-json\/wp\/v2\/product_tag?post=54443"}],"curies":[{"name":"wp","href":"https:\/\/api.w.org\/{rel}","templated":true}]}}