{"id":54437,"date":"2026-04-03T00:10:20","date_gmt":"2026-04-02T21:10:20","guid":{"rendered":"http:\/\/new.ceasuri.md\/shop\/uncategorized\/casio-edifice-efb-730d-2avuef\/"},"modified":"2026-04-07T04:48:28","modified_gmt":"2026-04-07T01:48:28","slug":"casio-edifice-efb-730d-2avuef","status":"publish","type":"product","link":"https:\/\/ceasuri.md\/ru\/shop\/branduri\/casio\/casio-edifice-efb-730d-2avuef\/","title":{"rendered":"Ceas CASIO EDIFICE EFB-730D-2AVUEF"},"content":{"rendered":"<p>Cronograful clasic EDIFICE inspirat de ma\u0219ina sport. Marcajele de linie izbitoare se combin\u0103 cu aspectul 3-6-9 al cadranului pentru a crea un design atemporal, sportiv. Diametrul mic al carcasei de 40 mm asigur\u0103 un aspect elegant \u0219i o potrivire confortabil\u0103. Acest ceas cu cristal de safir, carcas\u0103 din o\u021bel inoxidabil \u0219i br\u0103\u021bar\u0103 robust\u0103 din o\u021bel inoxidabil este rezistent la ap\u0103 p\u00e2n\u0103 la 10 bar. Designul sportiv \u0219i clasic al ceasului este potrivit at\u00e2t pentru ocazii casual, c\u00e2t \u0219i pentru \u00eent\u00e2lniri de afaceri.<\/p>","protected":false},"excerpt":{"rendered":"<p>Cronograful clasic EDIFICE inspirat de ma\u0219ina sport. Marcajele de linie izbitoare se combin\u0103 cu aspectul 3-6-9 al cadranului pentru a crea un design atemporal, sportiv. Diametrul mic al carcasei de 40 mm asigur\u0103 un aspect elegant \u0219i o potrivire confortabil\u0103. Acest ceas cu cristal de safir, carcas\u0103 din o\u021bel inoxidabil \u0219i br\u0103\u021bar\u0103 robust\u0103 din o\u021bel [&hellip;]<\/p>\n","protected":false},"featured_media":54438,"comment_status":"closed","ping_status":"open","template":"","meta":{"_acf_changed":false},"product_brand":[],"product_cat":[27,20,536],"product_tag":[],"class_list":{"0":"post-54437","1":"product","2":"type-product","3":"status-publish","4":"has-post-thumbnail","6":"product_cat-casio","7":"product_cat-ceasuri-barbati","8":"product_cat-edifice","9":"pa_brand-casio","10":"pa_brand-edifice","11":"pa_braslet-otel-inoxidabil","12":"pa_corpus-40-mm","13":"pa_forma-rotund","14":"pa_funcii-cronograf","15":"pa_funcii-data","16":"pa_garatia-24-luni","17":"pa_korpus-argintiu","18":"pa_material-otel-inoxidabil","19":"pa_mehanizm-quartz","20":"pa_remeshok-argintiu","21":"pa_steklo-cristal-safir","22":"pa_strana-japonia","23":"pa_voda-10-atm","25":"first","26":"instock","27":"purchasable","28":"product-type-simple"},"acf":[],"_links":{"self":[{"href":"https:\/\/ceasuri.md\/ru\/wp-json\/wp\/v2\/product\/54437","targetHints":{"allow":["GET"]}}],"collection":[{"href":"https:\/\/ceasuri.md\/ru\/wp-json\/wp\/v2\/product"}],"about":[{"href":"https:\/\/ceasuri.md\/ru\/wp-json\/wp\/v2\/types\/product"}],"replies":[{"embeddable":true,"href":"https:\/\/ceasuri.md\/ru\/wp-json\/wp\/v2\/comments?post=54437"}],"wp:featuredmedia":[{"embeddable":true,"href":"https:\/\/ceasuri.md\/ru\/wp-json\/wp\/v2\/media\/54438"}],"wp:attachment":[{"href":"https:\/\/ceasuri.md\/ru\/wp-json\/wp\/v2\/media?parent=54437"}],"wp:term":[{"taxonomy":"product_brand","embeddable":true,"href":"https:\/\/ceasuri.md\/ru\/wp-json\/wp\/v2\/product_brand?post=54437"},{"taxonomy":"product_cat","embeddable":true,"href":"https:\/\/ceasuri.md\/ru\/wp-json\/wp\/v2\/product_cat?post=54437"},{"taxonomy":"product_tag","embeddable":true,"href":"https:\/\/ceasuri.md\/ru\/wp-json\/wp\/v2\/product_tag?post=54437"}],"curies":[{"name":"wp","href":"https:\/\/api.w.org\/{rel}","templated":true}]}}