{"id":54428,"date":"2026-04-03T00:09:34","date_gmt":"2026-04-02T21:09:34","guid":{"rendered":"http:\/\/new.ceasuri.md\/shop\/uncategorized\/casio-g-shock-ga-010-5aer\/"},"modified":"2026-04-07T04:48:26","modified_gmt":"2026-04-07T01:48:26","slug":"casio-g-shock-ga-010-5aer","status":"publish","type":"product","link":"https:\/\/ceasuri.md\/ru\/shop\/branduri\/casio\/casio-g-shock-ga-010-5aer\/","title":{"rendered":"Ceas CASIO G-SHOCK GA-010-5AER"},"content":{"rendered":"<p>Trebuie s\u0103 v\u0103 face\u021bi griji doar pentru c\u00e2teva lucruri cu acest ceas. Cu carcasa sa mare G-SHOCK \u0219i o durat\u0103 de via\u021b\u0103 a bateriei de p\u00e2n\u0103 la 10 ani, GA-010 este un companion fidel.<br \/>\nCeasul analogic-digital ofer\u0103 func\u021bii practice precum ora universal\u0103 \u0219i cronometru, precum \u0219i iluminare LED luminoas\u0103, care este u\u0219or accesibil\u0103 prin intermediul butonului mare de pe partea din fa\u021b\u0103 a carcasei. Acest lucru asigur\u0103 lizibilitatea chiar \u0219i \u00een \u00eentuneric.<br \/>\nAcesta este fabricat din r\u0103\u0219in\u0103 bio, ceea ce este ideal dac\u0103 dori\u021bi s\u0103 v\u0103 reduce\u021bi impactul asupra mediului.<br \/>\nSeria este disponibil\u0103 \u00eentr-o selec\u021bie de scheme de culori surde pentru stilul de lucru, ceea ce o face potrivit\u0103 pentru multe activit\u0103\u021bi, fie pentru munc\u0103, fie pentru petrecerea timpului liber.<\/p>","protected":false},"excerpt":{"rendered":"<p>Trebuie s\u0103 v\u0103 face\u021bi griji doar pentru c\u00e2teva lucruri cu acest ceas. Cu carcasa sa mare G-SHOCK \u0219i o durat\u0103 de via\u021b\u0103 a bateriei de p\u00e2n\u0103 la 10 ani, GA-010 este un companion fidel. Ceasul analogic-digital ofer\u0103 func\u021bii practice precum ora universal\u0103 \u0219i cronometru, precum \u0219i iluminare LED luminoas\u0103, care este u\u0219or accesibil\u0103 prin intermediul [&hellip;]<\/p>\n","protected":false},"featured_media":54429,"comment_status":"closed","ping_status":"open","template":"","meta":{"_acf_changed":false},"product_brand":[],"product_cat":[27,20,419],"product_tag":[],"class_list":{"0":"post-54428","1":"product","2":"type-product","3":"status-publish","4":"has-post-thumbnail","6":"product_cat-casio","7":"product_cat-ceasuri-barbati","8":"product_cat-g-shock","9":"pa_brand-casio","10":"pa_brand-g-shock","11":"pa_braslet-plastic","12":"pa_corpus-52-mm","13":"pa_forma-rotund","14":"pa_funcii-alarma","15":"pa_funcii-calendar","16":"pa_funcii-cronometru","17":"pa_funcii-iluminare","18":"pa_funcii-timp-mondial","19":"pa_garatia-24-luni","20":"pa_korpus-bej","21":"pa_material-carbon","22":"pa_material-plastic","23":"pa_mehanizm-electronic","24":"pa_mehanizm-quartz","25":"pa_remeshok-bej","26":"pa_steklo-cristal-mineral","27":"pa_strana-japonia","28":"pa_voda-20-atm","30":"first","31":"instock","32":"purchasable","33":"product-type-simple"},"acf":[],"_links":{"self":[{"href":"https:\/\/ceasuri.md\/ru\/wp-json\/wp\/v2\/product\/54428","targetHints":{"allow":["GET"]}}],"collection":[{"href":"https:\/\/ceasuri.md\/ru\/wp-json\/wp\/v2\/product"}],"about":[{"href":"https:\/\/ceasuri.md\/ru\/wp-json\/wp\/v2\/types\/product"}],"replies":[{"embeddable":true,"href":"https:\/\/ceasuri.md\/ru\/wp-json\/wp\/v2\/comments?post=54428"}],"wp:featuredmedia":[{"embeddable":true,"href":"https:\/\/ceasuri.md\/ru\/wp-json\/wp\/v2\/media\/54429"}],"wp:attachment":[{"href":"https:\/\/ceasuri.md\/ru\/wp-json\/wp\/v2\/media?parent=54428"}],"wp:term":[{"taxonomy":"product_brand","embeddable":true,"href":"https:\/\/ceasuri.md\/ru\/wp-json\/wp\/v2\/product_brand?post=54428"},{"taxonomy":"product_cat","embeddable":true,"href":"https:\/\/ceasuri.md\/ru\/wp-json\/wp\/v2\/product_cat?post=54428"},{"taxonomy":"product_tag","embeddable":true,"href":"https:\/\/ceasuri.md\/ru\/wp-json\/wp\/v2\/product_tag?post=54428"}],"curies":[{"name":"wp","href":"https:\/\/api.w.org\/{rel}","templated":true}]}}