{"id":54423,"date":"2026-04-03T00:09:34","date_gmt":"2026-04-02T21:09:34","guid":{"rendered":"http:\/\/new.ceasuri.md\/shop\/uncategorized\/casio-g-shock-ga-2100rw-1aer\/"},"modified":"2026-04-23T13:42:17","modified_gmt":"2026-04-23T10:42:17","slug":"casio-g-shock-ga-2100rw-1aer","status":"publish","type":"product","link":"https:\/\/ceasuri.md\/ru\/shop\/branduri\/casio\/casio-g-shock-ga-2100rw-1aer\/","title":{"rendered":"\u0427\u0430\u0441\u044b CASIO G-SHOCK GA-2100RW-1AER"},"content":{"rendered":"<p>O alt\u0103 c\u0103r\u0103mid\u0103 \u00een perete &#8211; aceasta \u00eentr-un curcubeu plin de culoare. Introducem modele \u00eendr\u0103zne\u021be cu sticl\u0103 de ceas sau cadran care prezint\u0103 modelul original de zid de c\u0103r\u0103mid\u0103 al primului G-SHOCK \u00een culori pline.<br \/>\nDepunerea de vapori curcubeu reproduce imaginea simbolic\u0103 a zidului de c\u0103r\u0103mid\u0103 \u00een nuan\u021be str\u0103lucitoare de curcubeu care se schimb\u0103 \u0219i se modific\u0103 \u00een func\u021bie de lumin\u0103. Designul colorat r\u0103m\u00e2ne fidel originii G-SHOCK cu spiritul de tenacitate de care este nevoie pentru a dep\u0103\u0219i barierele \u0219i a dep\u0103\u0219i limitele \u00een mod constant.<br \/>\nAlege-\u021bi preferatul din modelele iconice 5600 sau din modelele combinate analog-digital 2100.<br \/>\nPentru modelele DW-5600 \u0219i GM-5600, sticla ceasului prezint\u0103 modelul de c\u0103r\u0103mid\u0103 cu schimbare de culoare reprodus prin depunere de vapori \u00eentr-o grada\u021bie \u00een nuan\u021bele curcubeului. Pentru modelele GA-2100 \u0219i GM-2100, modelul de c\u0103r\u0103mid\u0103 irizat\u0103 al cadranului este ob\u021binut printr-o combina\u021bie de depunere de vapori de argint, gravur\u0103 cu laser \u0219i imprimare \u00een culorile curcubeului.<br \/>\nUn accesoriu de mod\u0103 cool, colorat, cu un design dinamic care uime\u0219te din orice unghi.<\/p>","protected":false},"excerpt":{"rendered":"<p>O alt\u0103 c\u0103r\u0103mid\u0103 \u00een perete &#8211; aceasta \u00eentr-un curcubeu plin de culoare. Introducem modele \u00eendr\u0103zne\u021be cu sticl\u0103 de ceas sau cadran care prezint\u0103 modelul original de zid de c\u0103r\u0103mid\u0103 al primului G-SHOCK \u00een culori pline. Depunerea de vapori curcubeu reproduce imaginea simbolic\u0103 a zidului de c\u0103r\u0103mid\u0103 \u00een nuan\u021be str\u0103lucitoare de curcubeu care se schimb\u0103 \u0219i [&hellip;]<\/p>\n","protected":false},"featured_media":54424,"comment_status":"closed","ping_status":"open","template":"","meta":{"_acf_changed":false},"product_brand":[],"product_cat":[27,20,25,419],"product_tag":[],"class_list":{"0":"post-54423","1":"product","2":"type-product","3":"status-publish","4":"has-post-thumbnail","6":"product_cat-casio","7":"product_cat-ceasuri-barbati","8":"product_cat-ceasuri-dama","9":"product_cat-g-shock","10":"pa_brand-casio","11":"pa_brand-g-shock","12":"pa_braslet-plastic","13":"pa_corpus-45x49mm","14":"pa_forma-octogonala","15":"pa_funcii-alarma","16":"pa_funcii-calendar","17":"pa_funcii-cronometru","18":"pa_funcii-iluminare","19":"pa_funcii-timp-mondial","20":"pa_funcii-ziua-saptamanii","21":"pa_garatia-24-luni","22":"pa_korpus-negru","23":"pa_kvarc-quartz","24":"pa_material-carbon","25":"pa_material-plastic","26":"pa_mehanizm-electronic","27":"pa_mehanizm-quartz","28":"pa_remeshok-negru","29":"pa_steklo-cristal-mineral","30":"pa_strana-japonia","31":"pa_voda-20-atm","33":"first","34":"outofstock","35":"purchasable","36":"product-type-simple"},"acf":[],"_links":{"self":[{"href":"https:\/\/ceasuri.md\/ru\/wp-json\/wp\/v2\/product\/54423","targetHints":{"allow":["GET"]}}],"collection":[{"href":"https:\/\/ceasuri.md\/ru\/wp-json\/wp\/v2\/product"}],"about":[{"href":"https:\/\/ceasuri.md\/ru\/wp-json\/wp\/v2\/types\/product"}],"replies":[{"embeddable":true,"href":"https:\/\/ceasuri.md\/ru\/wp-json\/wp\/v2\/comments?post=54423"}],"wp:featuredmedia":[{"embeddable":true,"href":"https:\/\/ceasuri.md\/ru\/wp-json\/wp\/v2\/media\/54424"}],"wp:attachment":[{"href":"https:\/\/ceasuri.md\/ru\/wp-json\/wp\/v2\/media?parent=54423"}],"wp:term":[{"taxonomy":"product_brand","embeddable":true,"href":"https:\/\/ceasuri.md\/ru\/wp-json\/wp\/v2\/product_brand?post=54423"},{"taxonomy":"product_cat","embeddable":true,"href":"https:\/\/ceasuri.md\/ru\/wp-json\/wp\/v2\/product_cat?post=54423"},{"taxonomy":"product_tag","embeddable":true,"href":"https:\/\/ceasuri.md\/ru\/wp-json\/wp\/v2\/product_tag?post=54423"}],"curies":[{"name":"wp","href":"https:\/\/api.w.org\/{rel}","templated":true}]}}