{"id":54415,"date":"2026-04-03T00:09:34","date_gmt":"2026-04-02T21:09:34","guid":{"rendered":"http:\/\/new.ceasuri.md\/shop\/uncategorized\/casio-g-shock-gd-010-3er\/"},"modified":"2026-04-07T04:48:25","modified_gmt":"2026-04-07T01:48:25","slug":"casio-g-shock-gd-010-3er","status":"publish","type":"product","link":"https:\/\/ceasuri.md\/ru\/shop\/branduri\/casio\/casio-g-shock-gd-010-3er\/","title":{"rendered":"Ceas CASIO G-SHOCK GD-010-3ER"},"content":{"rendered":"<p>Bucura\u021bi-v\u0103 de o via\u021b\u0103 cu mai pu\u021bine schimb\u0103ri ale bateriei cu un G-SHOCK cu carcas\u0103 mare, cu o baterie de 10 ani pentru care nu va trebui s\u0103 v\u0103 face\u021bi griji pentru o ve\u0219nicie.<br \/>\nModelul digital GD-010 ofer\u0103 func\u021bii practice precum ora universal\u0103 \u0219i cronometru, precum \u0219i o lumin\u0103 LED de luminozitate ridicat\u0103, care poate fi accesat\u0103 cu u\u0219urin\u021b\u0103 de la butonul mare din partea din fa\u021b\u0103 a carcasei, asigur\u00e2nd vizibilitatea chiar \u0219i pe \u00eentuneric.<br \/>\nFabricat cu r\u0103\u0219in\u0103 bio \u0219i echipat cu o baterie de 10 ani, acest G-SHOCK este excelent dac\u0103 dori\u021bi s\u0103 reduce\u021bi impactul asupra mediului.<br \/>\nDisponibil \u00eentr-o selec\u021bie de scheme de culori pe baz\u0103 de gri pentru stilul de lucru, pentru un design cool care trece cu u\u0219urin\u021b\u0103 de la set\u0103rile casual la situa\u021biile de lucru.<\/p>","protected":false},"excerpt":{"rendered":"<p>Bucura\u021bi-v\u0103 de o via\u021b\u0103 cu mai pu\u021bine schimb\u0103ri ale bateriei cu un G-SHOCK cu carcas\u0103 mare, cu o baterie de 10 ani pentru care nu va trebui s\u0103 v\u0103 face\u021bi griji pentru o ve\u0219nicie. Modelul digital GD-010 ofer\u0103 func\u021bii practice precum ora universal\u0103 \u0219i cronometru, precum \u0219i o lumin\u0103 LED de luminozitate ridicat\u0103, care poate [&hellip;]<\/p>\n","protected":false},"featured_media":54416,"comment_status":"closed","ping_status":"open","template":"","meta":{"_acf_changed":false},"product_brand":[],"product_cat":[27,20,419],"product_tag":[],"class_list":{"0":"post-54415","1":"product","2":"type-product","3":"status-publish","4":"has-post-thumbnail","6":"product_cat-casio","7":"product_cat-ceasuri-barbati","8":"product_cat-g-shock","9":"pa_brand-casio","10":"pa_brand-g-shock","11":"pa_braslet-plastic","12":"pa_corpus-52-mm","13":"pa_forma-rotund","14":"pa_funcii-alarma","15":"pa_funcii-calendar","16":"pa_funcii-cronometru","17":"pa_funcii-iluminare","18":"pa_funcii-timp-mondial","19":"pa_garatia-24-luni","20":"pa_korpus-gri","21":"pa_material-carbon","22":"pa_material-plastic","23":"pa_mehanizm-electronic","24":"pa_remeshok-gri","25":"pa_steklo-cristal-mineral","26":"pa_strana-japonia","27":"pa_voda-20-atm","29":"first","30":"instock","31":"purchasable","32":"product-type-simple"},"acf":[],"_links":{"self":[{"href":"https:\/\/ceasuri.md\/ru\/wp-json\/wp\/v2\/product\/54415","targetHints":{"allow":["GET"]}}],"collection":[{"href":"https:\/\/ceasuri.md\/ru\/wp-json\/wp\/v2\/product"}],"about":[{"href":"https:\/\/ceasuri.md\/ru\/wp-json\/wp\/v2\/types\/product"}],"replies":[{"embeddable":true,"href":"https:\/\/ceasuri.md\/ru\/wp-json\/wp\/v2\/comments?post=54415"}],"wp:featuredmedia":[{"embeddable":true,"href":"https:\/\/ceasuri.md\/ru\/wp-json\/wp\/v2\/media\/54416"}],"wp:attachment":[{"href":"https:\/\/ceasuri.md\/ru\/wp-json\/wp\/v2\/media?parent=54415"}],"wp:term":[{"taxonomy":"product_brand","embeddable":true,"href":"https:\/\/ceasuri.md\/ru\/wp-json\/wp\/v2\/product_brand?post=54415"},{"taxonomy":"product_cat","embeddable":true,"href":"https:\/\/ceasuri.md\/ru\/wp-json\/wp\/v2\/product_cat?post=54415"},{"taxonomy":"product_tag","embeddable":true,"href":"https:\/\/ceasuri.md\/ru\/wp-json\/wp\/v2\/product_tag?post=54415"}],"curies":[{"name":"wp","href":"https:\/\/api.w.org\/{rel}","templated":true}]}}