{"id":54395,"date":"2026-04-03T00:09:34","date_gmt":"2026-04-02T21:09:34","guid":{"rendered":"http:\/\/new.ceasuri.md\/shop\/uncategorized\/casio-g-shock-gm-2110d-7aer\/"},"modified":"2026-04-07T04:48:20","modified_gmt":"2026-04-07T01:48:20","slug":"casio-g-shock-gm-2110d-7aer","status":"publish","type":"product","link":"https:\/\/ceasuri.md\/ru\/shop\/branduri\/casio\/casio-g-shock-gm-2110d-7aer\/","title":{"rendered":"Ceas CASIO G-SHOCK GM-2110D-7AER"},"content":{"rendered":"<p>V\u0103 prezent\u0103m GM-2110D &#8211; o combina\u021bie analog-digital\u0103 G-STEEL bazat\u0103 pe GA-2100, acum cu o actualizare elegant\u0103 a lunetei metalice \u0219i a benzii.<br \/>\nMeticulos forjat \u0219i lustruit, luneta octogonal\u0103 uniform\u0103 din o\u021bel inoxidabil ancoreaz\u0103 un design simplu, f\u0103r\u0103 complica\u021bii, cu un aspect sofisticat, dar dur. Fabricat\u0103 din r\u0103\u0219in\u0103 fin\u0103 ranforsat\u0103 cu fibr\u0103 de sticl\u0103 de \u00eenalt\u0103 rigiditate, carcasa este cea mai sub\u021bire dintre toate modelele combinate G-SHOCK, av\u00e2nd doar 11,8 mm.<br \/>\nCureaua metalic\u0103 \u0219i cadranul de culoare metalic\u0103 sunt potrivite pentru munc\u0103 \u0219i distrac\u021bie.<br \/>\nAlege\u021bi din, albastru cer, portocaliu sau verde lime, \u00een plus fa\u021b\u0103 de nuan\u021bele clasice de albastru marin \u0219i argintiu. Toate cu lumin\u0103 LED dubl\u0103 de \u00eenalt\u0103 luminozitate, asigur\u00e2nd o citire u\u0219oar\u0103 chiar \u0219i \u00een \u00eentuneric.<\/p>","protected":false},"excerpt":{"rendered":"<p>V\u0103 prezent\u0103m GM-2110D &#8211; o combina\u021bie analog-digital\u0103 G-STEEL bazat\u0103 pe GA-2100, acum cu o actualizare elegant\u0103 a lunetei metalice \u0219i a benzii. Meticulos forjat \u0219i lustruit, luneta octogonal\u0103 uniform\u0103 din o\u021bel inoxidabil ancoreaz\u0103 un design simplu, f\u0103r\u0103 complica\u021bii, cu un aspect sofisticat, dar dur. Fabricat\u0103 din r\u0103\u0219in\u0103 fin\u0103 ranforsat\u0103 cu fibr\u0103 de sticl\u0103 de \u00eenalt\u0103 [&hellip;]<\/p>\n","protected":false},"featured_media":54396,"comment_status":"closed","ping_status":"open","template":"","meta":{"_acf_changed":false},"product_brand":[],"product_cat":[27,20,25,419],"product_tag":[],"class_list":{"0":"post-54395","1":"product","2":"type-product","3":"status-publish","4":"has-post-thumbnail","6":"product_cat-casio","7":"product_cat-ceasuri-barbati","8":"product_cat-ceasuri-dama","9":"product_cat-g-shock","10":"pa_brand-casio","11":"pa_brand-g-shock","12":"pa_braslet-otel-inoxidabil","13":"pa_corpus-44x49mm","14":"pa_forma-octogonala","15":"pa_funcii-alarma","16":"pa_funcii-calendar","17":"pa_funcii-cronometru","18":"pa_funcii-iluminare","19":"pa_funcii-timp-mondial","20":"pa_funcii-ziua-saptamanii","21":"pa_garatia-24-luni","22":"pa_korpus-argintiu","23":"pa_material-otel-inoxidabil","24":"pa_material-plastic","25":"pa_mehanizm-electronic","26":"pa_mehanizm-quartz","27":"pa_remeshok-argintiu","28":"pa_steklo-cristal-mineral","29":"pa_strana-japonia","30":"pa_voda-20-atm","32":"first","33":"instock","34":"purchasable","35":"product-type-simple"},"acf":[],"_links":{"self":[{"href":"https:\/\/ceasuri.md\/ru\/wp-json\/wp\/v2\/product\/54395","targetHints":{"allow":["GET"]}}],"collection":[{"href":"https:\/\/ceasuri.md\/ru\/wp-json\/wp\/v2\/product"}],"about":[{"href":"https:\/\/ceasuri.md\/ru\/wp-json\/wp\/v2\/types\/product"}],"replies":[{"embeddable":true,"href":"https:\/\/ceasuri.md\/ru\/wp-json\/wp\/v2\/comments?post=54395"}],"wp:featuredmedia":[{"embeddable":true,"href":"https:\/\/ceasuri.md\/ru\/wp-json\/wp\/v2\/media\/54396"}],"wp:attachment":[{"href":"https:\/\/ceasuri.md\/ru\/wp-json\/wp\/v2\/media?parent=54395"}],"wp:term":[{"taxonomy":"product_brand","embeddable":true,"href":"https:\/\/ceasuri.md\/ru\/wp-json\/wp\/v2\/product_brand?post=54395"},{"taxonomy":"product_cat","embeddable":true,"href":"https:\/\/ceasuri.md\/ru\/wp-json\/wp\/v2\/product_cat?post=54395"},{"taxonomy":"product_tag","embeddable":true,"href":"https:\/\/ceasuri.md\/ru\/wp-json\/wp\/v2\/product_tag?post=54395"}],"curies":[{"name":"wp","href":"https:\/\/api.w.org\/{rel}","templated":true}]}}