{"id":54384,"date":"2026-04-03T00:09:34","date_gmt":"2026-04-02T21:09:34","guid":{"rendered":"http:\/\/new.ceasuri.md\/shop\/uncategorized\/casio-g-shock-gma-p2100st-7aer\/"},"modified":"2026-04-20T01:36:21","modified_gmt":"2026-04-19T22:36:21","slug":"casio-g-shock-gma-p2100st-7aer","status":"publish","type":"product","link":"https:\/\/ceasuri.md\/ru\/shop\/branduri\/casio\/casio-g-shock-gma-p2100st-7aer\/","title":{"rendered":"Ceas CASIO G-SHOCK GMA-P2100ST-7AER"},"content":{"rendered":"<p>Fin\u0103 ca m\u0103tasea cu luciu perlat &#8211; un ceas moale, subtil \u0219i sofisticat.<br \/>\nLuneta \u0219i banda sunt acoperite cu un strat polarizat perlat cu un finisaj mat. Culoarea metalic\u0103 mat\u0103 a cadranului adaug\u0103 o str\u0103lucire frumoas\u0103 pentru un design simplu, minimalist, cu o atingere de str\u0103lucire suplimentar\u0103.<br \/>\nComponentele cheie din r\u0103\u0219in\u0103 utilizate la luneta \u0219i la br\u0103\u021bar\u0103 sunt realizate din r\u0103\u0219in\u0103 bio. Produs folosind resurse organice regenerabile, se a\u0219teapt\u0103 ca acest material s\u0103 contribuie la reducerea impactului asupra mediului.<\/p>","protected":false},"excerpt":{"rendered":"<p>Fin\u0103 ca m\u0103tasea cu luciu perlat &#8211; un ceas moale, subtil \u0219i sofisticat. Luneta \u0219i banda sunt acoperite cu un strat polarizat perlat cu un finisaj mat. Culoarea metalic\u0103 mat\u0103 a cadranului adaug\u0103 o str\u0103lucire frumoas\u0103 pentru un design simplu, minimalist, cu o atingere de str\u0103lucire suplimentar\u0103. Componentele cheie din r\u0103\u0219in\u0103 utilizate la luneta \u0219i [&hellip;]<\/p>\n","protected":false},"featured_media":54385,"comment_status":"closed","ping_status":"open","template":"","meta":{"_acf_changed":false},"product_brand":[],"product_cat":[27,25,419],"product_tag":[],"class_list":{"0":"post-54384","1":"product","2":"type-product","3":"status-publish","4":"has-post-thumbnail","6":"product_cat-casio","7":"product_cat-ceasuri-dama","8":"product_cat-g-shock","9":"pa_brand-casio","10":"pa_brand-g-shock","11":"pa_braslet-plastic","12":"pa_corpus-40x46mm","13":"pa_forma-octogonala","14":"pa_funcii-alarma","15":"pa_funcii-calendar","16":"pa_funcii-cronometru","17":"pa_funcii-iluminare","18":"pa_funcii-timp-mondial","19":"pa_garatia-24-luni","20":"pa_korpus-alb","21":"pa_kvarc-quartz","22":"pa_material-plastic","23":"pa_mehanizm-electronic","24":"pa_mehanizm-quartz","25":"pa_remeshok-alb","26":"pa_steklo-cristal-mineral","27":"pa_strana-japonia","28":"pa_voda-20-atm","30":"first","31":"instock","32":"purchasable","33":"product-type-simple"},"acf":[],"_links":{"self":[{"href":"https:\/\/ceasuri.md\/ru\/wp-json\/wp\/v2\/product\/54384","targetHints":{"allow":["GET"]}}],"collection":[{"href":"https:\/\/ceasuri.md\/ru\/wp-json\/wp\/v2\/product"}],"about":[{"href":"https:\/\/ceasuri.md\/ru\/wp-json\/wp\/v2\/types\/product"}],"replies":[{"embeddable":true,"href":"https:\/\/ceasuri.md\/ru\/wp-json\/wp\/v2\/comments?post=54384"}],"wp:featuredmedia":[{"embeddable":true,"href":"https:\/\/ceasuri.md\/ru\/wp-json\/wp\/v2\/media\/54385"}],"wp:attachment":[{"href":"https:\/\/ceasuri.md\/ru\/wp-json\/wp\/v2\/media?parent=54384"}],"wp:term":[{"taxonomy":"product_brand","embeddable":true,"href":"https:\/\/ceasuri.md\/ru\/wp-json\/wp\/v2\/product_brand?post=54384"},{"taxonomy":"product_cat","embeddable":true,"href":"https:\/\/ceasuri.md\/ru\/wp-json\/wp\/v2\/product_cat?post=54384"},{"taxonomy":"product_tag","embeddable":true,"href":"https:\/\/ceasuri.md\/ru\/wp-json\/wp\/v2\/product_tag?post=54384"}],"curies":[{"name":"wp","href":"https:\/\/api.w.org\/{rel}","templated":true}]}}