{"id":54373,"date":"2026-04-03T00:09:34","date_gmt":"2026-04-02T21:09:34","guid":{"rendered":"http:\/\/new.ceasuri.md\/shop\/uncategorized\/casio-g-shock-gr-b300ec-1aer\/"},"modified":"2026-04-20T01:36:24","modified_gmt":"2026-04-19T22:36:24","slug":"casio-g-shock-gr-b300ec-1aer","status":"publish","type":"product","link":"https:\/\/ceasuri.md\/ru\/shop\/branduri\/casio\/casio-g-shock-gr-b300ec-1aer\/","title":{"rendered":"\u0427\u0430\u0441\u044b CASIO G-SHOCK GR-B300EC-1AER"},"content":{"rendered":"<p>Oriunde v-a\u021bi afla, orice a\u021bi face &#8211; seria G-SHOCK \u201eMaster of G\u201d v\u0103 sus\u021bine. Aceast\u0103 serie se bazeaz\u0103 pe modelele GRAVITYMASTER, MUDMASTER \u0219i MUDMAN, care ofer\u0103 performan\u021be de top \u00een condi\u021bii dificile pe uscat \u0219i \u00een aer. Prezint\u0103 o carcas\u0103 neagr\u0103 a ceasului, care simbolizeaz\u0103 robuste\u021bea, combinat\u0103 cu accente \u00een culori vibrante de semnal. Ceasurile simbolizeaz\u0103 lumea profesioni\u0219tilor implica\u021bi \u00een opera\u021biuni de salvare \u0219i \u00een alte misiuni critice, care au la \u00eencheietura m\u00e2inii un companion dur cu ceasurile \u201eMaster of G\u201d.<br \/>\nForma organic\u0103 a ceasului GRAVITYMASTER GR-B300EC, inspirat\u0103 de avioane, este exprimat\u0103 printr-un design exterior f\u0103r\u0103 cusur. Structura de protec\u021bie cu miez de carbon a ceasului \u0219i cadranul 3D lat asigur\u0103 durabilitate, lizibilitate \u0219i o potrivire confortabil\u0103. In plus, ave\u021bi la dispozi\u021bie numeroase func\u021bii practice, de exemplu afi\u0219area simultan\u0103 a orei \u00een dou\u0103 ora\u0219e, o func\u021bie de memorare a jurnalului de zbor pentru \u00eenregistrarea distan\u021belor parcurse \u0219i multe altele.<\/p>","protected":false},"excerpt":{"rendered":"<p>Oriunde v-a\u021bi afla, orice a\u021bi face &#8211; seria G-SHOCK \u201eMaster of G\u201d v\u0103 sus\u021bine. Aceast\u0103 serie se bazeaz\u0103 pe modelele GRAVITYMASTER, MUDMASTER \u0219i MUDMAN, care ofer\u0103 performan\u021be de top \u00een condi\u021bii dificile pe uscat \u0219i \u00een aer. Prezint\u0103 o carcas\u0103 neagr\u0103 a ceasului, care simbolizeaz\u0103 robuste\u021bea, combinat\u0103 cu accente \u00een culori vibrante de semnal. Ceasurile [&hellip;]<\/p>\n","protected":false},"featured_media":54374,"comment_status":"closed","ping_status":"open","template":"","meta":{"_acf_changed":false},"product_brand":[],"product_cat":[27,20,419],"product_tag":[],"class_list":{"0":"post-54373","1":"product","2":"type-product","3":"status-publish","4":"has-post-thumbnail","6":"product_cat-casio","7":"product_cat-ceasuri-barbati","8":"product_cat-g-shock","9":"pa_brand-casio","10":"pa_brand-g-shock","11":"pa_braslet-plastic","12":"pa_corpus-55-mm","13":"pa_forma-rotund","14":"pa_funcii-alarma","15":"pa_funcii-bluetooth-smart","16":"pa_funcii-cronograf","17":"pa_funcii-data","18":"pa_funcii-dual-time","19":"pa_funcii-iluminare","20":"pa_funcii-rezerva-de-energie","21":"pa_garatia-24-luni","22":"pa_korpus-negru","23":"pa_kvarc-quartz","24":"pa_material-carbon","25":"pa_material-otel-inoxidabil","26":"pa_material-plastic","27":"pa_mehanizm-baterie-solara","28":"pa_mehanizm-quartz","29":"pa_remeshok-negru","30":"pa_steklo-cristal-mineral","31":"pa_strana-japonia","32":"pa_voda-20-atm","34":"first","35":"instock","36":"purchasable","37":"product-type-simple"},"acf":[],"_links":{"self":[{"href":"https:\/\/ceasuri.md\/ru\/wp-json\/wp\/v2\/product\/54373","targetHints":{"allow":["GET"]}}],"collection":[{"href":"https:\/\/ceasuri.md\/ru\/wp-json\/wp\/v2\/product"}],"about":[{"href":"https:\/\/ceasuri.md\/ru\/wp-json\/wp\/v2\/types\/product"}],"replies":[{"embeddable":true,"href":"https:\/\/ceasuri.md\/ru\/wp-json\/wp\/v2\/comments?post=54373"}],"wp:featuredmedia":[{"embeddable":true,"href":"https:\/\/ceasuri.md\/ru\/wp-json\/wp\/v2\/media\/54374"}],"wp:attachment":[{"href":"https:\/\/ceasuri.md\/ru\/wp-json\/wp\/v2\/media?parent=54373"}],"wp:term":[{"taxonomy":"product_brand","embeddable":true,"href":"https:\/\/ceasuri.md\/ru\/wp-json\/wp\/v2\/product_brand?post=54373"},{"taxonomy":"product_cat","embeddable":true,"href":"https:\/\/ceasuri.md\/ru\/wp-json\/wp\/v2\/product_cat?post=54373"},{"taxonomy":"product_tag","embeddable":true,"href":"https:\/\/ceasuri.md\/ru\/wp-json\/wp\/v2\/product_tag?post=54373"}],"curies":[{"name":"wp","href":"https:\/\/api.w.org\/{rel}","templated":true}]}}