{"id":54368,"date":"2026-04-03T00:09:34","date_gmt":"2026-04-02T21:09:34","guid":{"rendered":"http:\/\/new.ceasuri.md\/shop\/uncategorized\/casio-g-shock-gw-9500mec-1er\/"},"modified":"2026-04-20T01:36:24","modified_gmt":"2026-04-19T22:36:24","slug":"casio-g-shock-gw-9500mec-1er","status":"publish","type":"product","link":"https:\/\/ceasuri.md\/ru\/shop\/branduri\/casio\/casio-g-shock-gw-9500mec-1er\/","title":{"rendered":"\u0427\u0430\u0441\u044b CASIO G-SHOCK GW-9500MEC-1ER"},"content":{"rendered":"<p>Orice a\u021bi face, oriunde v-a\u021bi afla &#8211; linia G-SHOCK Master of G v\u0103 sus\u021bine.<br \/>\nBazat\u0103 pe modelele GRAVITYMASTER, MUDMASTER \u0219i MUDMAN, care ofer\u0103 performan\u021be de v\u00e2rf \u00een condi\u021bii dificile \u00een aer \u0219i pe uscat, aceast\u0103 linie are o carcas\u0103 neagr\u0103 a ceasului care simbolizeaz\u0103 duritatea, cu accente \u00een culori vii de urgen\u021b\u0103 care surprind lumea profesioni\u0219tilor implica\u021bi \u00een eforturile de salvare \u0219i alte misiuni critice.<br \/>\nMUDMAN GW-9500MEC nu numai c\u0103 are o structur\u0103 rezistent\u0103 la praf, noroi \u0219i \u0219ocuri, dar ofer\u0103, de asemenea, func\u021bionalitate radiocomandat\u0103, alimentat\u0103 cu energie solar\u0103. Afi\u0219ajul busolei digitale cu lizibilitate \u00eembun\u0103t\u0103\u021bit\u0103 utilizeaz\u0103 un LCD duplex pentru o mai mare utilitate practic\u0103. O\u021belul inoxidabil pentru componentele lunetei \u0219i placarea cu ioni negri completeaz\u0103 aspectul \u00eendr\u0103zne\u021b al ceasului.<\/p>","protected":false},"excerpt":{"rendered":"<p>Orice a\u021bi face, oriunde v-a\u021bi afla &#8211; linia G-SHOCK Master of G v\u0103 sus\u021bine. Bazat\u0103 pe modelele GRAVITYMASTER, MUDMASTER \u0219i MUDMAN, care ofer\u0103 performan\u021be de v\u00e2rf \u00een condi\u021bii dificile \u00een aer \u0219i pe uscat, aceast\u0103 linie are o carcas\u0103 neagr\u0103 a ceasului care simbolizeaz\u0103 duritatea, cu accente \u00een culori vii de urgen\u021b\u0103 care surprind lumea [&hellip;]<\/p>\n","protected":false},"featured_media":54369,"comment_status":"closed","ping_status":"open","template":"","meta":{"_acf_changed":false},"product_brand":[],"product_cat":[27,20,419],"product_tag":[],"class_list":{"0":"post-54368","1":"product","2":"type-product","3":"status-publish","4":"has-post-thumbnail","6":"product_cat-casio","7":"product_cat-ceasuri-barbati","8":"product_cat-g-shock","9":"pa_brand-casio","10":"pa_brand-g-shock","11":"pa_braslet-plastic","12":"pa_corpus-53-mm","13":"pa_forma-rotund","14":"pa_funcii-alarma","15":"pa_funcii-altimetru","16":"pa_funcii-barometru","17":"pa_funcii-busola","18":"pa_funcii-calendar","19":"pa_funcii-cronometru","20":"pa_funcii-iluminare","21":"pa_funcii-rezerva-de-energie","22":"pa_funcii-termometru","23":"pa_funcii-timp-mondial","24":"pa_garatia-24-luni","25":"pa_korpus-negru","26":"pa_kvarc-quartz","27":"pa_material-carbon","28":"pa_material-otel-inoxidabil","29":"pa_material-plastic","30":"pa_mehanizm-baterie-solara","31":"pa_mehanizm-electronic","32":"pa_mehanizm-quartz","33":"pa_remeshok-negru","34":"pa_steklo-cristal-mineral","35":"pa_strana-japonia","36":"pa_voda-20-atm","38":"first","39":"instock","40":"purchasable","41":"product-type-simple"},"acf":[],"_links":{"self":[{"href":"https:\/\/ceasuri.md\/ru\/wp-json\/wp\/v2\/product\/54368","targetHints":{"allow":["GET"]}}],"collection":[{"href":"https:\/\/ceasuri.md\/ru\/wp-json\/wp\/v2\/product"}],"about":[{"href":"https:\/\/ceasuri.md\/ru\/wp-json\/wp\/v2\/types\/product"}],"replies":[{"embeddable":true,"href":"https:\/\/ceasuri.md\/ru\/wp-json\/wp\/v2\/comments?post=54368"}],"wp:featuredmedia":[{"embeddable":true,"href":"https:\/\/ceasuri.md\/ru\/wp-json\/wp\/v2\/media\/54369"}],"wp:attachment":[{"href":"https:\/\/ceasuri.md\/ru\/wp-json\/wp\/v2\/media?parent=54368"}],"wp:term":[{"taxonomy":"product_brand","embeddable":true,"href":"https:\/\/ceasuri.md\/ru\/wp-json\/wp\/v2\/product_brand?post=54368"},{"taxonomy":"product_cat","embeddable":true,"href":"https:\/\/ceasuri.md\/ru\/wp-json\/wp\/v2\/product_cat?post=54368"},{"taxonomy":"product_tag","embeddable":true,"href":"https:\/\/ceasuri.md\/ru\/wp-json\/wp\/v2\/product_tag?post=54368"}],"curies":[{"name":"wp","href":"https:\/\/api.w.org\/{rel}","templated":true}]}}