{"id":54362,"date":"2026-04-03T00:09:34","date_gmt":"2026-04-02T21:09:34","guid":{"rendered":"http:\/\/new.ceasuri.md\/shop\/uncategorized\/casio-g-shock-gwg-b1000ec-1aer\/"},"modified":"2026-04-17T14:51:16","modified_gmt":"2026-04-17T11:51:16","slug":"casio-g-shock-gwg-b1000ec-1aer","status":"publish","type":"product","link":"https:\/\/ceasuri.md\/ru\/shop\/branduri\/casio\/casio-g-shock-gwg-b1000ec-1aer\/","title":{"rendered":"Ceas CASIO G-SHOCK GWG-B1000EC-1AER"},"content":{"rendered":"<p>Oriunde v-a\u021bi afla, orice a\u021bi face &#8211; seria G-SHOCK \u201eMaster of G\u201d v\u0103 sus\u021bine. Aceast\u0103 serie se bazeaz\u0103 pe modelele GRAVITYMASTER, MUDMASTER \u0219i MUDMAN, care ofer\u0103 performan\u021be de top \u00een condi\u021bii dificile pe uscat \u0219i \u00een aer. Prezint\u0103 o carcas\u0103 neagr\u0103 a ceasului, care simbolizeaz\u0103 robuste\u021bea, combinat\u0103 cu accente \u00een culori vibrante de semnal. Ceasurile simbolizeaz\u0103 lumea profesioni\u0219tilor care sunt implica\u021bi \u00een opera\u021biuni de salvare \u0219i \u00een alte misiuni critice \u0219i care au la \u00eencheietura m\u00e2inii un companion rezistent cu ceasurile \u201eMaster of G\u201d.<br \/>\nMUDMASTER GWG-B1000EC este rezistent la praf, noroi, vibra\u021bii \u0219i \u0219ocuri \u0219i dispune de cronometrare alimentat\u0103 cu energie solar\u0103 cu Bluetooth\u00ae \u0219i precizie radio, tehnologie cu trei senzori \u0219i multe altele. Designul de \u00eenalt\u0103 performan\u021b\u0103 permite durabilitate \u0219i o potrivire confortabil\u0103 datorit\u0103 combina\u021biilor inovatoare de materiale, cum ar fi r\u0103\u0219ina ranforsat\u0103 cu fibr\u0103 de carbon \u0219i o\u021belul inoxidabil forjat. Utiliza\u021bi func\u021bia de afi\u0219are a loca\u021biei pentru a indica direc\u021bia unei \u021binte cu ajutorul unei m\u00e2ini de pe ceas.<\/p>","protected":false},"excerpt":{"rendered":"<p>Oriunde v-a\u021bi afla, orice a\u021bi face &#8211; seria G-SHOCK \u201eMaster of G\u201d v\u0103 sus\u021bine. Aceast\u0103 serie se bazeaz\u0103 pe modelele GRAVITYMASTER, MUDMASTER \u0219i MUDMAN, care ofer\u0103 performan\u021be de top \u00een condi\u021bii dificile pe uscat \u0219i \u00een aer. Prezint\u0103 o carcas\u0103 neagr\u0103 a ceasului, care simbolizeaz\u0103 robuste\u021bea, combinat\u0103 cu accente \u00een culori vibrante de semnal. Ceasurile [&hellip;]<\/p>\n","protected":false},"featured_media":54363,"comment_status":"closed","ping_status":"open","template":"","meta":{"_acf_changed":false},"product_brand":[],"product_cat":[27,20,419],"product_tag":[],"class_list":{"0":"post-54362","1":"product","2":"type-product","3":"status-publish","4":"has-post-thumbnail","6":"product_cat-casio","7":"product_cat-ceasuri-barbati","8":"product_cat-g-shock","9":"pa_brand-casio","10":"pa_brand-g-shock","11":"pa_braslet-plastic","12":"pa_corpus-52-mm","13":"pa_forma-rotund","14":"pa_funcii-alarma","15":"pa_funcii-altimetru","16":"pa_funcii-barometru","17":"pa_funcii-bluetooth-smart","18":"pa_funcii-busola","19":"pa_funcii-calendar","20":"pa_funcii-cronometru","21":"pa_funcii-iluminare","22":"pa_funcii-rezerva-de-energie","23":"pa_funcii-termometru","24":"pa_funcii-timp-mondial","25":"pa_garatia-24-luni","26":"pa_korpus-negru","27":"pa_kvarc-quartz","28":"pa_material-carbon","29":"pa_material-otel-inoxidabil","30":"pa_mehanizm-baterie-solara","31":"pa_mehanizm-electronic","32":"pa_mehanizm-quartz","33":"pa_remeshok-negru","34":"pa_steklo-cristal-safir","35":"pa_strana-japonia","36":"pa_voda-20-atm","38":"first","39":"instock","40":"purchasable","41":"product-type-simple"},"acf":[],"_links":{"self":[{"href":"https:\/\/ceasuri.md\/ru\/wp-json\/wp\/v2\/product\/54362","targetHints":{"allow":["GET"]}}],"collection":[{"href":"https:\/\/ceasuri.md\/ru\/wp-json\/wp\/v2\/product"}],"about":[{"href":"https:\/\/ceasuri.md\/ru\/wp-json\/wp\/v2\/types\/product"}],"replies":[{"embeddable":true,"href":"https:\/\/ceasuri.md\/ru\/wp-json\/wp\/v2\/comments?post=54362"}],"wp:featuredmedia":[{"embeddable":true,"href":"https:\/\/ceasuri.md\/ru\/wp-json\/wp\/v2\/media\/54363"}],"wp:attachment":[{"href":"https:\/\/ceasuri.md\/ru\/wp-json\/wp\/v2\/media?parent=54362"}],"wp:term":[{"taxonomy":"product_brand","embeddable":true,"href":"https:\/\/ceasuri.md\/ru\/wp-json\/wp\/v2\/product_brand?post=54362"},{"taxonomy":"product_cat","embeddable":true,"href":"https:\/\/ceasuri.md\/ru\/wp-json\/wp\/v2\/product_cat?post=54362"},{"taxonomy":"product_tag","embeddable":true,"href":"https:\/\/ceasuri.md\/ru\/wp-json\/wp\/v2\/product_tag?post=54362"}],"curies":[{"name":"wp","href":"https:\/\/api.w.org\/{rel}","templated":true}]}}