{"id":54356,"date":"2026-04-03T00:09:06","date_gmt":"2026-04-02T21:09:06","guid":{"rendered":"http:\/\/new.ceasuri.md\/shop\/uncategorized\/casio-collection-ltp-1165pn-9cef\/"},"modified":"2026-04-07T04:48:11","modified_gmt":"2026-04-07T01:48:11","slug":"casio-collection-ltp-1165pn-9cef","status":"publish","type":"product","link":"https:\/\/ceasuri.md\/ru\/shop\/branduri\/casio\/casio-collection-ltp-1165pn-9cef\/","title":{"rendered":"Ceas CASIO COLLECTION LTP-1165PN-9CEF"},"content":{"rendered":"<p>Ceasurile de m\u00e2n\u0103 Casio Collection au devenit simbolul ideilor originale \u0219i al tehnologiei moderne. Aceasta este o colec\u021bie foarte divers\u0103, cu modele elegante \u0219i solu\u021bii multifunc\u021bionale. Sunt ceasuri cu func\u021bii de calcul, ecrane de ultim\u0103 genera\u021bie, op\u021biuni de sincronizare cu smartphone-urile \u0219i multe altele. Majoritatea modelelor au un stil elegant, clasic, care nu le umbre\u0219te designul unic \u0219i recunoa\u0219terea excelent\u0103. Casio Collection este, \u00een primul r\u00e2nd, un design minimalist \u0219i laconic care poate fi u\u0219or integrat \u00een via\u021ba de zi cu zi. Un ceas din aceast\u0103 colec\u021bie va ar\u0103ta \u00eentotdeauna proasp\u0103t \u0219i elegant pe tine.<br \/>\nDac\u0103 sunte\u021bi \u00een c\u0103utarea unui ceas cu un buget accesibil, dar \u0219i durabil de la o marc\u0103 legendar\u0103, alege\u021bi ceasurile Casio Collection.<\/p>","protected":false},"excerpt":{"rendered":"<p>Ceasurile de m\u00e2n\u0103 Casio Collection au devenit simbolul ideilor originale \u0219i al tehnologiei moderne. Aceasta este o colec\u021bie foarte divers\u0103, cu modele elegante \u0219i solu\u021bii multifunc\u021bionale. Sunt ceasuri cu func\u021bii de calcul, ecrane de ultim\u0103 genera\u021bie, op\u021biuni de sincronizare cu smartphone-urile \u0219i multe altele. Majoritatea modelelor au un stil elegant, clasic, care nu le umbre\u0219te [&hellip;]<\/p>\n","protected":false},"featured_media":54357,"comment_status":"closed","ping_status":"open","template":"","meta":{"_acf_changed":false},"product_brand":[],"product_cat":[27,25],"product_tag":[],"class_list":{"0":"post-54356","1":"product","2":"type-product","3":"status-publish","4":"has-post-thumbnail","6":"product_cat-casio","7":"product_cat-ceasuri-dama","8":"pa_brand-casio","9":"pa_braslet-otel-inoxidabil","10":"pa_corpus-21x32mm","11":"pa_forma-dreptunghiular","12":"pa_garatia-24-luni","13":"pa_korpus-auriu","14":"pa_material-alama","15":"pa_mehanizm-quartz","16":"pa_remeshok-auriu","17":"pa_steklo-cristal-mineral","18":"pa_strana-japonia","19":"pa_voda-3-atm","21":"first","22":"instock","23":"purchasable","24":"product-type-simple"},"acf":[],"_links":{"self":[{"href":"https:\/\/ceasuri.md\/ru\/wp-json\/wp\/v2\/product\/54356","targetHints":{"allow":["GET"]}}],"collection":[{"href":"https:\/\/ceasuri.md\/ru\/wp-json\/wp\/v2\/product"}],"about":[{"href":"https:\/\/ceasuri.md\/ru\/wp-json\/wp\/v2\/types\/product"}],"replies":[{"embeddable":true,"href":"https:\/\/ceasuri.md\/ru\/wp-json\/wp\/v2\/comments?post=54356"}],"wp:featuredmedia":[{"embeddable":true,"href":"https:\/\/ceasuri.md\/ru\/wp-json\/wp\/v2\/media\/54357"}],"wp:attachment":[{"href":"https:\/\/ceasuri.md\/ru\/wp-json\/wp\/v2\/media?parent=54356"}],"wp:term":[{"taxonomy":"product_brand","embeddable":true,"href":"https:\/\/ceasuri.md\/ru\/wp-json\/wp\/v2\/product_brand?post=54356"},{"taxonomy":"product_cat","embeddable":true,"href":"https:\/\/ceasuri.md\/ru\/wp-json\/wp\/v2\/product_cat?post=54356"},{"taxonomy":"product_tag","embeddable":true,"href":"https:\/\/ceasuri.md\/ru\/wp-json\/wp\/v2\/product_tag?post=54356"}],"curies":[{"name":"wp","href":"https:\/\/api.w.org\/{rel}","templated":true}]}}