{"id":54326,"date":"2026-04-03T00:09:06","date_gmt":"2026-04-02T21:09:06","guid":{"rendered":"http:\/\/new.ceasuri.md\/shop\/uncategorized\/casio-collection-w-218hm-7avef\/"},"modified":"2026-04-15T20:47:34","modified_gmt":"2026-04-15T17:47:34","slug":"casio-collection-w-218hm-7avef","status":"publish","type":"product","link":"https:\/\/ceasuri.md\/ru\/shop\/branduri\/casio\/casio-collection-w-218hm-7avef\/","title":{"rendered":"Ceas CASIO COLLECTION W-218HM-7AVEF"},"content":{"rendered":"<p>Casio W-218HM-7AVEF este un ceas sport pentru b\u0103rba\u021bi care combin\u0103 func\u021bionalitatea \u0219i designul modern. Plicul argintiu din plastic contrasteaz\u0103 perfect cu cureaua neagr\u0103 din cauciuc, asigur\u00e2nd durabilitate \u0219i confort la purtare. Ceasul este echipat cu un afi\u0219aj digital, unde pute\u021bi citi func\u021bii precum data zilelor lunii \u0219i ale s\u0103pt\u0103m\u00e2nii, ora 24 de ore, cronometru \u0219i strat luminescent. Retroiluminarea LED asigur\u0103 o vizibilitate excelent\u0103 \u00een \u00eentuneric, iar rezisten\u021ba la ap\u0103 de p\u00e2n\u0103 la 50 de metri garanteaz\u0103 protec\u021bia \u00een timpul activit\u0103\u021bilor zilnice.<\/p>","protected":false},"excerpt":{"rendered":"<p>Casio W-218HM-7AVEF este un ceas sport pentru b\u0103rba\u021bi care combin\u0103 func\u021bionalitatea \u0219i designul modern. Plicul argintiu din plastic contrasteaz\u0103 perfect cu cureaua neagr\u0103 din cauciuc, asigur\u00e2nd durabilitate \u0219i confort la purtare. Ceasul este echipat cu un afi\u0219aj digital, unde pute\u021bi citi func\u021bii precum data zilelor lunii \u0219i ale s\u0103pt\u0103m\u00e2nii, ora 24 de ore, cronometru \u0219i [&hellip;]<\/p>\n","protected":false},"featured_media":54327,"comment_status":"closed","ping_status":"open","template":"","meta":{"_acf_changed":false},"product_brand":[],"product_cat":[27,20,25],"product_tag":[],"class_list":{"0":"post-54326","1":"product","2":"type-product","3":"status-publish","4":"has-post-thumbnail","6":"product_cat-casio","7":"product_cat-ceasuri-barbati","8":"product_cat-ceasuri-dama","9":"pa_brand-casio","10":"pa_braslet-plastic","11":"pa_corpus-43-mm","12":"pa_forma-octogonala","13":"pa_funcii-alarma","14":"pa_funcii-calendar","15":"pa_funcii-cronometru","16":"pa_funcii-iluminare","17":"pa_garatia-24-luni","18":"pa_korpus-argintiu","19":"pa_kvarc-quartz","20":"pa_material-plastic","21":"pa_mehanizm-electronic","22":"pa_remeshok-negru","23":"pa_steklo-plastic","24":"pa_strana-japonia","25":"pa_voda-5-atm","27":"first","28":"instock","29":"purchasable","30":"product-type-simple"},"acf":[],"_links":{"self":[{"href":"https:\/\/ceasuri.md\/ru\/wp-json\/wp\/v2\/product\/54326","targetHints":{"allow":["GET"]}}],"collection":[{"href":"https:\/\/ceasuri.md\/ru\/wp-json\/wp\/v2\/product"}],"about":[{"href":"https:\/\/ceasuri.md\/ru\/wp-json\/wp\/v2\/types\/product"}],"replies":[{"embeddable":true,"href":"https:\/\/ceasuri.md\/ru\/wp-json\/wp\/v2\/comments?post=54326"}],"wp:featuredmedia":[{"embeddable":true,"href":"https:\/\/ceasuri.md\/ru\/wp-json\/wp\/v2\/media\/54327"}],"wp:attachment":[{"href":"https:\/\/ceasuri.md\/ru\/wp-json\/wp\/v2\/media?parent=54326"}],"wp:term":[{"taxonomy":"product_brand","embeddable":true,"href":"https:\/\/ceasuri.md\/ru\/wp-json\/wp\/v2\/product_brand?post=54326"},{"taxonomy":"product_cat","embeddable":true,"href":"https:\/\/ceasuri.md\/ru\/wp-json\/wp\/v2\/product_cat?post=54326"},{"taxonomy":"product_tag","embeddable":true,"href":"https:\/\/ceasuri.md\/ru\/wp-json\/wp\/v2\/product_tag?post=54326"}],"curies":[{"name":"wp","href":"https:\/\/api.w.org\/{rel}","templated":true}]}}