{"id":54323,"date":"2026-04-03T00:09:06","date_gmt":"2026-04-02T21:09:06","guid":{"rendered":"http:\/\/new.ceasuri.md\/shop\/uncategorized\/casio-collection-ws-b1000-2avef\/"},"modified":"2026-04-20T01:36:38","modified_gmt":"2026-04-19T22:36:38","slug":"casio-collection-ws-b1000-2avef","status":"publish","type":"product","link":"https:\/\/ceasuri.md\/ru\/shop\/branduri\/casio\/casio-collection-ws-b1000-2avef\/","title":{"rendered":"\u0427\u0430\u0441\u044b CASIO COLLECTION WS-B1000-2AVEF"},"content":{"rendered":"<p>Simplitate \u00een design cu func\u021bionalitatea de a face via\u021ba de zi cu zi \u0219i mai convenabil\u0103. Aluneca\u021bi \u00eentr-un ceas digital curat \u0219i compact cu \u00eemperechere Bluetooth\u00ae &#8211; un companion ideal, fie c\u0103 face\u021bi comisioanele zilnice, face\u021bi sport sau lucra\u021bi la starea de bine.<br \/>\nWS-B1000 se m\u00e2ndre\u0219te cu un cronometru de 1\/100 de secunde cu o memorie de 200 de ture, plus tracker de pa\u0219i pentru a ajuta la gestionarea fitness-ului zilnic. Accelerometrul \u00eencorporat detecteaz\u0103 mi\u0219c\u0103rile corpului \u0219i num\u0103r\u0103 automat pa\u0219ii. \u00cen plus fa\u021b\u0103 de afi\u0219area num\u0103rului de pa\u0219i efectua\u021bi \u00een ziua respectiv\u0103 pe ecranul LCD, ceasul afi\u0219eaz\u0103 un grafic care arat\u0103 progresul fa\u021b\u0103 de obiectivele dvs. Acest ceas v\u0103 va sus\u021bine cu siguran\u021b\u0103 stilul de via\u021b\u0103 activ.<br \/>\n\u00cemperecherea smartphone-ului prin Bluetooth\u00ae ofer\u0103 corectarea automat\u0103 a orei \u0219i faciliteaz\u0103 configurarea alarmei, a orei mondiale \u0219i a altor func\u021bii din aplica\u021bie. Num\u0103rul de pa\u0219i \u0219i timpii cronometra\u021bi m\u0103sura\u021bi pe ceas pot fi transfera\u021bi \u0219i vizualiza\u021bi pe telefon. Utiliza\u021bi aceste date de \u00eenregistrare pentru a ghida exerci\u021biile zilnice \u0219i pentru a v\u0103 ajuta s\u0103 v\u0103 gestiona\u021bi s\u0103n\u0103tatea.<br \/>\nDesignul sub\u021bire \u0219i compact cu buton frontal faciliteaz\u0103 gestionarea datelor \u00een timpul activit\u0103\u021bilor, iar banda perforat\u0103 din uretan ofer\u0103 respirabilitate, o potrivire confortabil\u0103 \u0219i o purtare relaxat\u0103. Rezisten\u021ba la ap\u0103 de p\u00e2n\u0103 la 100 de metri v\u0103 scute\u0219te de griji, chiar \u0219i \u00een caz de ploaie brusc\u0103.<\/p>","protected":false},"excerpt":{"rendered":"<p>Simplitate \u00een design cu func\u021bionalitatea de a face via\u021ba de zi cu zi \u0219i mai convenabil\u0103. Aluneca\u021bi \u00eentr-un ceas digital curat \u0219i compact cu \u00eemperechere Bluetooth\u00ae &#8211; un companion ideal, fie c\u0103 face\u021bi comisioanele zilnice, face\u021bi sport sau lucra\u021bi la starea de bine. WS-B1000 se m\u00e2ndre\u0219te cu un cronometru de 1\/100 de secunde cu o [&hellip;]<\/p>\n","protected":false},"featured_media":54324,"comment_status":"closed","ping_status":"open","template":"","meta":{"_acf_changed":false},"product_brand":[],"product_cat":[27,20,25],"product_tag":[],"class_list":{"0":"post-54323","1":"product","2":"type-product","3":"status-publish","4":"has-post-thumbnail","6":"product_cat-casio","7":"product_cat-ceasuri-barbati","8":"product_cat-ceasuri-dama","9":"pa_brand-casio","10":"pa_braslet-plastic","11":"pa_corpus-41x46mm","12":"pa_forma-octogonala","13":"pa_funcii-accelerometru","14":"pa_funcii-alarma","15":"pa_funcii-bluetooth-smart","16":"pa_funcii-calendar","17":"pa_funcii-cronometru","18":"pa_funcii-iluminare","19":"pa_funcii-timp-mondial","20":"pa_garatia-24-luni","21":"pa_korpus-albastru-inchis","22":"pa_kvarc-quartz","23":"pa_material-plastic","24":"pa_mehanizm-electronic","25":"pa_remeshok-albastru-inchis","26":"pa_steklo-plastic","27":"pa_strana-japonia","28":"pa_voda-10-atm","30":"first","31":"instock","32":"purchasable","33":"product-type-simple"},"acf":[],"_links":{"self":[{"href":"https:\/\/ceasuri.md\/ru\/wp-json\/wp\/v2\/product\/54323","targetHints":{"allow":["GET"]}}],"collection":[{"href":"https:\/\/ceasuri.md\/ru\/wp-json\/wp\/v2\/product"}],"about":[{"href":"https:\/\/ceasuri.md\/ru\/wp-json\/wp\/v2\/types\/product"}],"replies":[{"embeddable":true,"href":"https:\/\/ceasuri.md\/ru\/wp-json\/wp\/v2\/comments?post=54323"}],"wp:featuredmedia":[{"embeddable":true,"href":"https:\/\/ceasuri.md\/ru\/wp-json\/wp\/v2\/media\/54324"}],"wp:attachment":[{"href":"https:\/\/ceasuri.md\/ru\/wp-json\/wp\/v2\/media?parent=54323"}],"wp:term":[{"taxonomy":"product_brand","embeddable":true,"href":"https:\/\/ceasuri.md\/ru\/wp-json\/wp\/v2\/product_brand?post=54323"},{"taxonomy":"product_cat","embeddable":true,"href":"https:\/\/ceasuri.md\/ru\/wp-json\/wp\/v2\/product_cat?post=54323"},{"taxonomy":"product_tag","embeddable":true,"href":"https:\/\/ceasuri.md\/ru\/wp-json\/wp\/v2\/product_tag?post=54323"}],"curies":[{"name":"wp","href":"https:\/\/api.w.org\/{rel}","templated":true}]}}