{"id":54297,"date":"2026-04-03T00:08:18","date_gmt":"2026-04-02T21:08:18","guid":{"rendered":"http:\/\/new.ceasuri.md\/shop\/uncategorized\/seiko-table-clock-qxw249b\/"},"modified":"2026-04-20T01:34:53","modified_gmt":"2026-04-19T22:34:53","slug":"seiko-table-clock-qxw249b","status":"publish","type":"product","link":"https:\/\/ceasuri.md\/ru\/shop\/ceas-interior-cu-alarma\/ceas-interior-ceas-interior-cu-alarma\/seiko-table-clock-qxw249b\/","title":{"rendered":"\u0427\u0430\u0441\u044b SEIKO TABLE CLOCK QXW249B"},"content":{"rendered":"<p>Ceas muzical de c\u0103min Seiko cu baterii cu cuar\u021b, finisat cu stejar, cu control al volumului QXW249B.<br \/>\nCarcas\u0103 din lemn cu finisaj de stejar. Cadran cu scal\u0103 aurie \u0219i cifre arabe negre. M\u00e2inile groase negre netede faciliteaz\u0103 citirea orei.<br \/>\nAlegerea a 3 melodii muzicale, 18 melodii \u00een total:<br \/>\nAnotimpurile \u201ePrim\u0103vara\u201d, Canon, Serenada nop\u021bii mici, Simfonia nr. 6 \u201ePastoral\u0103\u201d, Diminea\u021ba din \u201ePeer Gynt\u201d, Traviata \u201eC\u00e2ntecul de mas\u0103\u201d<br \/>\n\u201eAmazing Grace\u201d, \u00abJupiter Planets\u00bb, \u00abWaltz of the Flowers\u00bb, \u00abSalute to Love\u00bb, \u00abPictures at an Exhibition\u00bb, \u00abPromenade\u00bb, \u00abDance of the Whistles\u00bb.<br \/>\nDecorate the Halls, Tannenbaum, We Wish You a Merry Christmas, Joy to the World, Silent Night, Jingle Bells.<br \/>\nCeasul are o serie de caracteristici suplimentare, inclusiv controlul volumului de la tare la lini\u0219te. Buton demo \u0219i senzor de lumin\u0103. Senzorul de lumin\u0103 opre\u0219te toat\u0103 muzica atunci c\u00e2nd se \u00eentunec\u0103.<\/p>","protected":false},"excerpt":{"rendered":"<p>Ceas muzical de c\u0103min Seiko cu baterii cu cuar\u021b, finisat cu stejar, cu control al volumului QXW249B. Carcas\u0103 din lemn cu finisaj de stejar. Cadran cu scal\u0103 aurie \u0219i cifre arabe negre. M\u00e2inile groase negre netede faciliteaz\u0103 citirea orei. Alegerea a 3 melodii muzicale, 18 melodii \u00een total: Anotimpurile \u201ePrim\u0103vara\u201d, Canon, Serenada nop\u021bii mici, Simfonia [&hellip;]<\/p>\n","protected":false},"featured_media":54298,"comment_status":"closed","ping_status":"open","template":"","meta":{"_acf_changed":false},"product_brand":[],"product_cat":[842,588],"product_tag":[],"class_list":{"0":"post-54297","1":"product","2":"type-product","3":"status-publish","4":"has-post-thumbnail","6":"product_cat-ceas-interior-ceas-interior-cu-alarma","7":"product_cat-seiko","8":"pa_brand-seiko","9":"pa_corpus-20x22-cm","10":"pa_forma-dreptunghiular","11":"pa_garatia-24-luni","12":"pa_korpus-maro","13":"pa_kvarc-quartz","14":"pa_material-lemn-natural","15":"pa_mehanizm-quartz","16":"pa_steklo-cristal-mineral","17":"pa_strana-japonia","19":"first","20":"instock","21":"purchasable","22":"product-type-simple"},"acf":[],"_links":{"self":[{"href":"https:\/\/ceasuri.md\/ru\/wp-json\/wp\/v2\/product\/54297","targetHints":{"allow":["GET"]}}],"collection":[{"href":"https:\/\/ceasuri.md\/ru\/wp-json\/wp\/v2\/product"}],"about":[{"href":"https:\/\/ceasuri.md\/ru\/wp-json\/wp\/v2\/types\/product"}],"replies":[{"embeddable":true,"href":"https:\/\/ceasuri.md\/ru\/wp-json\/wp\/v2\/comments?post=54297"}],"wp:featuredmedia":[{"embeddable":true,"href":"https:\/\/ceasuri.md\/ru\/wp-json\/wp\/v2\/media\/54298"}],"wp:attachment":[{"href":"https:\/\/ceasuri.md\/ru\/wp-json\/wp\/v2\/media?parent=54297"}],"wp:term":[{"taxonomy":"product_brand","embeddable":true,"href":"https:\/\/ceasuri.md\/ru\/wp-json\/wp\/v2\/product_brand?post=54297"},{"taxonomy":"product_cat","embeddable":true,"href":"https:\/\/ceasuri.md\/ru\/wp-json\/wp\/v2\/product_cat?post=54297"},{"taxonomy":"product_tag","embeddable":true,"href":"https:\/\/ceasuri.md\/ru\/wp-json\/wp\/v2\/product_tag?post=54297"}],"curies":[{"name":"wp","href":"https:\/\/api.w.org\/{rel}","templated":true}]}}