{"id":54283,"date":"2024-09-12T12:27:32","date_gmt":"2024-09-12T09:27:32","guid":{"rendered":"http:\/\/new.ceasuri.md\/shop\/uncategorized\/seiko-prospex-divers-spb451j1\/"},"modified":"2026-05-01T18:45:11","modified_gmt":"2026-05-01T15:45:11","slug":"seiko-prospex-divers-spb451j1","status":"publish","type":"product","link":"https:\/\/ceasuri.md\/ru\/shop\/branduri\/seiko\/seiko-prospex-divers-spb451j1\/","title":{"rendered":"\u0427\u0430\u0441\u044b SEIKO PROSPEX DIVER&#8217;S SPB451J1"},"content":{"rendered":"<p>Aceast\u0103 pies\u0103 este o reinterpretare a primului ceas pentru scafandri din Japonia &#8211; \u0219i de la Seiko &#8211; lansat \u00een 1965.<br \/>\nCeasul original automat pentru scafandri din 1965 a marcat \u00eenceputul urm\u0103ririi de c\u0103tre Seiko a fiabilit\u0103\u021bii, siguran\u021bei \u0219i specifica\u021biilor profesionale pentru scufund\u0103ri. \u00cen perioada 1966-1969, acest ceas a fost purtat de membrii expedi\u021biei japoneze de cercetare a Antarcticii \u00een timpul c\u0103l\u0103toriilor la Polul Sud, dovedindu-\u0219i durabilitatea \u00een medii dificile.<br \/>\nPentru acest ultim redux, designul este actualizat cu o specifica\u021bie mai sofisticat\u0103, rezisten\u021b\u0103 sporit\u0103 la ap\u0103 \u0219i rezerv\u0103 de putere \u00eembun\u0103t\u0103\u021bit\u0103. Construit \u00eentr-o carcas\u0103 din o\u021bel inoxidabil de 40 mm, geamul din cristal de safir este \u00eenconjurat de un luneta albastru \u201escuba\u201d ad\u00e2nc \u0219i cadran asortat. \u00cen conformitate cu specifica\u021biile profesionale ISO pentru scufund\u0103ri, m\u00e2inile \u0219i indicii sunt acoperi\u021bi cu Lumibrite care str\u0103luce\u0219te \u00een \u00eentuneric, \u00een timp ce calendarul vertical cu dat\u0103 \u00een pozi\u021bia orei 4.5 contribuie, de asemenea, la lizibilitatea sa. Pentru un plus de confort \u0219i purtabilitate, br\u0103\u021bara are verigi cu pas scurt actualizate \u0219i o cataram\u0103 mai scurt\u0103.<br \/>\nMi\u0219carea automat\u0103 6R55 construit\u0103 in-house are o precizie de -15\/+25 secunde pe zi, o rezerv\u0103 de putere de 72 de ore \u0219i o rezisten\u021b\u0103 la ap\u0103 de 300 m.<br \/>\nProspex este o combina\u021bie a cuvintelor \u201eProfessional\u201d \u0219i \u201eSpecifications\u201d. Ceasurile Seiko Prospex sunt concepute pentru a fi practice, fiabile \u0219i durabile; pentru a \u00eendeplini standardele ridicate cerute \u00een medii extreme pentru iubitorii de sport \u0219i aventurieri deopotriv\u0103.<\/p>","protected":false},"excerpt":{"rendered":"<p>Aceast\u0103 pies\u0103 este o reinterpretare a primului ceas pentru scafandri din Japonia &#8211; \u0219i de la Seiko &#8211; lansat \u00een 1965. Ceasul original automat pentru scafandri din 1965 a marcat \u00eenceputul urm\u0103ririi de c\u0103tre Seiko a fiabilit\u0103\u021bii, siguran\u021bei \u0219i specifica\u021biilor profesionale pentru scufund\u0103ri. \u00cen perioada 1966-1969, acest ceas a fost purtat de membrii expedi\u021biei japoneze [&hellip;]<\/p>\n","protected":false},"featured_media":54284,"comment_status":"closed","ping_status":"open","template":"","meta":{"_acf_changed":false},"product_brand":[],"product_cat":[20,106,588],"product_tag":[],"class_list":{"0":"post-54283","1":"product","2":"type-product","3":"status-publish","4":"has-post-thumbnail","6":"product_cat-ceasuri-barbati","7":"product_cat-ceasuri-premium","8":"product_cat-seiko","9":"pa_brand-seiko","10":"pa_braslet-otel-inoxidabil","11":"pa_corpus-40-mm","12":"pa_forma-rotund","13":"pa_funcii-data","14":"pa_garatia-24-luni","15":"pa_korpus-albastru-inchis","16":"pa_korpus-argintiu","17":"pa_material-otel-inoxidabil","18":"pa_mehanizm-mecanic","19":"pa_mehanizm-mecanism-automatic","20":"pa_remeshok-argintiu","21":"pa_steklo-cristal-safir","22":"pa_strana-japonia","23":"pa_voda-30-atm","25":"first","26":"instock","27":"purchasable","28":"product-type-simple"},"acf":[],"_links":{"self":[{"href":"https:\/\/ceasuri.md\/ru\/wp-json\/wp\/v2\/product\/54283","targetHints":{"allow":["GET"]}}],"collection":[{"href":"https:\/\/ceasuri.md\/ru\/wp-json\/wp\/v2\/product"}],"about":[{"href":"https:\/\/ceasuri.md\/ru\/wp-json\/wp\/v2\/types\/product"}],"replies":[{"embeddable":true,"href":"https:\/\/ceasuri.md\/ru\/wp-json\/wp\/v2\/comments?post=54283"}],"wp:featuredmedia":[{"embeddable":true,"href":"https:\/\/ceasuri.md\/ru\/wp-json\/wp\/v2\/media\/54284"}],"wp:attachment":[{"href":"https:\/\/ceasuri.md\/ru\/wp-json\/wp\/v2\/media?parent=54283"}],"wp:term":[{"taxonomy":"product_brand","embeddable":true,"href":"https:\/\/ceasuri.md\/ru\/wp-json\/wp\/v2\/product_brand?post=54283"},{"taxonomy":"product_cat","embeddable":true,"href":"https:\/\/ceasuri.md\/ru\/wp-json\/wp\/v2\/product_cat?post=54283"},{"taxonomy":"product_tag","embeddable":true,"href":"https:\/\/ceasuri.md\/ru\/wp-json\/wp\/v2\/product_tag?post=54283"}],"curies":[{"name":"wp","href":"https:\/\/api.w.org\/{rel}","templated":true}]}}