{"id":54278,"date":"2026-04-03T00:08:18","date_gmt":"2026-04-02T21:08:18","guid":{"rendered":"http:\/\/new.ceasuri.md\/shop\/uncategorized\/seiko-prospex-divers-automatic-spb455j1\/"},"modified":"2026-04-07T04:47:49","modified_gmt":"2026-04-07T01:47:49","slug":"seiko-prospex-divers-automatic-spb455j1","status":"publish","type":"product","link":"https:\/\/ceasuri.md\/ru\/shop\/branduri\/seiko\/seiko-prospex-divers-automatic-spb455j1\/","title":{"rendered":"Ceas SEIKO PROSPEX DIVER&#8217;S AUTOMATIC SPB455J1"},"content":{"rendered":"<p>Aceast\u0103 pies\u0103 este o reinterpretare a primului ceas japonez &#8211; \u0219i Seiko &#8211; pentru scafandri, lansat \u00een 1965. Acest design este o edi\u021bie special\u0103 care comemoreaz\u0103 100 de ani de c\u00e2nd Seiko apare pe cadranul unui ceas &#8211; numele m\u0103rcii fiind acum sinonim cu inova\u021bia orologer\u0103. Originalul ceas automat Diver&#8217;s din 1965 a marcat \u00eenceputul urm\u0103ririi de c\u0103tre Seiko a fiabilit\u0103\u021bii, siguran\u021bei \u0219i specifica\u021biilor profesionale \u00een domeniul orologeriei pentru scufund\u0103ri. \u00cen perioada 1966-1969, acest ceas a fost purtat de membrii expedi\u021biei japoneze de cercetare a Antarcticii \u00een c\u0103l\u0103toriile la Polul Sud, dovedind durabilitatea sa \u00een medii dificile. pentru aceast\u0103 ultim\u0103 reducere, designul este actualizat cu o specifica\u021bie mai sofisticat\u0103, rezisten\u021b\u0103 sporit\u0103 la ap\u0103 \u0219i rezerv\u0103 de putere \u00eembun\u0103t\u0103\u021bit\u0103. Construit \u00eentr-o carcas\u0103 din o\u021bel inoxidabil de 40 mm, geamul din cristal de safir este \u00eenconjurat de un luneta gri tide profund \u0219i de un cadran asortat, care seam\u0103n\u0103 foarte mult cu originalul din 1965. Accentele aurii accentueaz\u0103 \u0219i mai mult stilul s\u0103u vintage. \u00cen conformitate cu specifica\u021biile profesionale ISO Diving, m\u00e2inile \u0219i indicii sunt acoperi\u021bi cu Lumibrite care str\u0103luce\u0219te \u00een \u00eentuneric, \u00een timp ce calendarul vertical al datei din pozi\u021bia orei 4.5 contribuie la lizibilitatea sa. Pentru un plus de confort \u0219i purtabilitate, br\u0103\u021bara are verigi cu pas scurt actualizate \u0219i o cataram\u0103 mai scurt\u0103. Mi\u0219carea automat\u0103 6R55 construit\u0103 in-house are o precizie de -15\/+25 secunde pe zi, o rezerv\u0103 de putere de 72 de ore \u0219i o rezisten\u021b\u0103 la ap\u0103 de 300 m. Aceast\u0103 pies\u0103 \u00een edi\u021bie special\u0103 este \u00eenso\u021bit\u0103 de o curea din \u021bes\u0103tur\u0103 ecologic\u0103.<br \/>\nProspex este o combina\u021bie a cuvintelor \u201eProfesional\u201d \u0219i \u201eSpecifica\u021bii\u201d. Ceasurile Seiko Prospex sunt concepute pentru a fi practice, fiabile \u0219i durabile; pentru a \u00eendeplini standardele ridicate cerute \u00een medii extreme pentru iubitorii de sport \u0219i aventurieri deopotriv\u0103.<\/p>","protected":false},"excerpt":{"rendered":"<p>Aceast\u0103 pies\u0103 este o reinterpretare a primului ceas japonez &#8211; \u0219i Seiko &#8211; pentru scafandri, lansat \u00een 1965. Acest design este o edi\u021bie special\u0103 care comemoreaz\u0103 100 de ani de c\u00e2nd Seiko apare pe cadranul unui ceas &#8211; numele m\u0103rcii fiind acum sinonim cu inova\u021bia orologer\u0103. Originalul ceas automat Diver&#8217;s din 1965 a marcat \u00eenceputul [&hellip;]<\/p>\n","protected":false},"featured_media":54279,"comment_status":"closed","ping_status":"open","template":"","meta":{"_acf_changed":false},"product_brand":[],"product_cat":[20,106,588],"product_tag":[],"class_list":{"0":"post-54278","1":"product","2":"type-product","3":"status-publish","4":"has-post-thumbnail","6":"product_cat-ceasuri-barbati","7":"product_cat-ceasuri-premium","8":"product_cat-seiko","9":"pa_brand-seiko","10":"pa_braslet-otel-inoxidabil","11":"pa_braslet-textile","12":"pa_corpus-40mm","13":"pa_forma-rotund","14":"pa_funcii-data","15":"pa_funcii-set-cadou","16":"pa_funcii-special-edition","17":"pa_garatia-24-luni","18":"pa_korpus-argintiu","19":"pa_korpus-gri","20":"pa_material-otel-inoxidabil","21":"pa_mehanizm-mecanic","22":"pa_mehanizm-mecanism-automatic","23":"pa_remeshok-argintiu","24":"pa_steklo-cristal-safir","25":"pa_strana-japonia","26":"pa_voda-30-atm","28":"first","29":"instock","30":"purchasable","31":"product-type-simple"},"acf":[],"_links":{"self":[{"href":"https:\/\/ceasuri.md\/ru\/wp-json\/wp\/v2\/product\/54278","targetHints":{"allow":["GET"]}}],"collection":[{"href":"https:\/\/ceasuri.md\/ru\/wp-json\/wp\/v2\/product"}],"about":[{"href":"https:\/\/ceasuri.md\/ru\/wp-json\/wp\/v2\/types\/product"}],"replies":[{"embeddable":true,"href":"https:\/\/ceasuri.md\/ru\/wp-json\/wp\/v2\/comments?post=54278"}],"wp:featuredmedia":[{"embeddable":true,"href":"https:\/\/ceasuri.md\/ru\/wp-json\/wp\/v2\/media\/54279"}],"wp:attachment":[{"href":"https:\/\/ceasuri.md\/ru\/wp-json\/wp\/v2\/media?parent=54278"}],"wp:term":[{"taxonomy":"product_brand","embeddable":true,"href":"https:\/\/ceasuri.md\/ru\/wp-json\/wp\/v2\/product_brand?post=54278"},{"taxonomy":"product_cat","embeddable":true,"href":"https:\/\/ceasuri.md\/ru\/wp-json\/wp\/v2\/product_cat?post=54278"},{"taxonomy":"product_tag","embeddable":true,"href":"https:\/\/ceasuri.md\/ru\/wp-json\/wp\/v2\/product_tag?post=54278"}],"curies":[{"name":"wp","href":"https:\/\/api.w.org\/{rel}","templated":true}]}}