{"id":54273,"date":"2026-04-03T00:08:18","date_gmt":"2026-04-02T21:08:18","guid":{"rendered":"http:\/\/new.ceasuri.md\/shop\/uncategorized\/seiko-presage-classic-spb463j1\/"},"modified":"2026-04-20T01:34:56","modified_gmt":"2026-04-19T22:34:56","slug":"seiko-presage-classic-spb463j1","status":"publish","type":"product","link":"https:\/\/ceasuri.md\/ru\/shop\/branduri\/seiko\/seiko-presage-classic-spb463j1\/","title":{"rendered":"\u0427\u0430\u0441\u044b SEIKO PRESAGE CLASSIC SPB463J1"},"content":{"rendered":"<p>Presage Classic este un ceas creat cu elegan\u021ba specific\u0103 japonezilor.<\/p>\n<p>Ceasul a primit numele \u201eShiro-iro\u201d \u00een onoarea culorii albe calde a cadranului, a c\u0103rui textur\u0103 este inspirat\u0103 de m\u0103tasea japonez\u0103 moale \u2013 un material folosit \u00eenc\u0103 din cele mai vechi timpuri \u00een istoria Japoniei pentru decorarea caselor \u0219i a hainelor.<\/p>\n<p>Cadranul curbat, cu ace \u0219i indici curba\u021bi sub sticla de safir, aminte\u0219te de stilul vintage \u0219i este special conceput pentru a reflecta lumina la maximum.<\/p>\n<p>Br\u0103\u021bara a fost inspirat\u0103 de br\u0103\u021b\u0103rile retro din metal din anii 1970. Nu numai c\u0103 a fost conceput\u0103 \u021bin\u00e2nd cont de stil \u0219i de reflexia luminii, dar fiecare detaliu al acesteia este scurt, av\u00e2nd doar 6 mm lungime, ceea ce asigur\u0103 o mobilitate \u0219i un confort maxim.<\/p>\n<p>Acest ceas din colec\u021bia clasic\u0103 este echipat cu propriul calibru 6R55 cu data \u00een pozi\u021bia \u201e3 ore\u201d, precizie de -15\/+25 secunde pe zi \u0219i rezerv\u0103 de mar\u0219 de 72 de ore.<\/p>","protected":false},"excerpt":{"rendered":"<p>Presage Classic este un ceas creat cu elegan\u021ba specific\u0103 japonezilor. Ceasul a primit numele \u201eShiro-iro\u201d \u00een onoarea culorii albe calde a cadranului, a c\u0103rui textur\u0103 este inspirat\u0103 de m\u0103tasea japonez\u0103 moale \u2013 un material folosit \u00eenc\u0103 din cele mai vechi timpuri \u00een istoria Japoniei pentru decorarea caselor \u0219i a hainelor. Cadranul curbat, cu ace \u0219i [&hellip;]<\/p>\n","protected":false},"featured_media":54274,"comment_status":"closed","ping_status":"open","template":"","meta":{"_acf_changed":false},"product_brand":[],"product_cat":[20,106,588],"product_tag":[],"class_list":{"0":"post-54273","1":"product","2":"type-product","3":"status-publish","4":"has-post-thumbnail","6":"product_cat-ceasuri-barbati","7":"product_cat-ceasuri-premium","8":"product_cat-seiko","9":"pa_brand-seiko","10":"pa_braslet-otel-inoxidabil","11":"pa_corpus-40-mm","12":"pa_forma-rotund","13":"pa_funcii-data","14":"pa_garatia-24-luni","15":"pa_korpus-argintiu","16":"pa_material-otel-inoxidabil","17":"pa_mehanizm-mecanic","18":"pa_mehanizm-mecanism-automatic","19":"pa_remeshok-argintiu","20":"pa_steklo-cristal-safir","21":"pa_strana-japonia","22":"pa_voda-10-atm","24":"first","25":"instock","26":"purchasable","27":"product-type-simple"},"acf":[],"_links":{"self":[{"href":"https:\/\/ceasuri.md\/ru\/wp-json\/wp\/v2\/product\/54273","targetHints":{"allow":["GET"]}}],"collection":[{"href":"https:\/\/ceasuri.md\/ru\/wp-json\/wp\/v2\/product"}],"about":[{"href":"https:\/\/ceasuri.md\/ru\/wp-json\/wp\/v2\/types\/product"}],"replies":[{"embeddable":true,"href":"https:\/\/ceasuri.md\/ru\/wp-json\/wp\/v2\/comments?post=54273"}],"wp:featuredmedia":[{"embeddable":true,"href":"https:\/\/ceasuri.md\/ru\/wp-json\/wp\/v2\/media\/54274"}],"wp:attachment":[{"href":"https:\/\/ceasuri.md\/ru\/wp-json\/wp\/v2\/media?parent=54273"}],"wp:term":[{"taxonomy":"product_brand","embeddable":true,"href":"https:\/\/ceasuri.md\/ru\/wp-json\/wp\/v2\/product_brand?post=54273"},{"taxonomy":"product_cat","embeddable":true,"href":"https:\/\/ceasuri.md\/ru\/wp-json\/wp\/v2\/product_cat?post=54273"},{"taxonomy":"product_tag","embeddable":true,"href":"https:\/\/ceasuri.md\/ru\/wp-json\/wp\/v2\/product_tag?post=54273"}],"curies":[{"name":"wp","href":"https:\/\/api.w.org\/{rel}","templated":true}]}}