{"id":54264,"date":"2026-04-03T00:08:18","date_gmt":"2026-04-02T21:08:18","guid":{"rendered":"http:\/\/new.ceasuri.md\/shop\/uncategorized\/seiko-presage-classic-spb467j1\/"},"modified":"2026-04-20T01:34:58","modified_gmt":"2026-04-19T22:34:58","slug":"seiko-presage-classic-spb467j1","status":"publish","type":"product","link":"https:\/\/ceasuri.md\/ru\/shop\/branduri\/seiko\/seiko-presage-classic-spb467j1\/","title":{"rendered":"\u0427\u0430\u0441\u044b SEIKO PRESAGE CLASSIC SPB467J1"},"content":{"rendered":"<p>Presage Classic este o pies\u0103 de ceas creat\u0103 cu o elegan\u021b\u0103 japonez\u0103 inerent\u0103.<br \/>\nTextura cadranului, denumit\u0103 \u201earaigaki\u201d, care \u00eenseamn\u0103 \u201epersimon palid\u201d datorit\u0103 nuan\u021bei cadranului, este inspirat\u0103 de m\u0103tasea japonez\u0103 moale, un material care a fost folosit mult timp \u00een istoria Japoniei pentru decorarea casei \u0219i \u00eembr\u0103c\u0103minte.<br \/>\nCadranul curbat cu m\u00e2ini \u0219i indici curba\u021bi sub cristalul de safir aminte\u0219te de stilul vintage \u0219i este special conceput pentru a maximiza reflexia luminii.<br \/>\nBr\u0103\u021bara din \u0219apte piese cu mai multe r\u00e2nduri a fost inspirat\u0103 de br\u0103\u021b\u0103rile de ceas din metal retro din anii 1970. Nu numai c\u0103 sunt concepute pentru stil \u0219i pentru a reflecta lumina, dar fiecare pies\u0103 este scurt\u0103, de doar 6 mm lungime, maximiz\u00e2nd mi\u0219carea \u0219i confortul.<br \/>\nAcest ceas clasic este propulsat de calibrul 6r55 dezvoltat in-house, cu func\u021bie de dat\u0103 la ora 3, cu o precizie de -15\/+25 secunde pe zi \u0219i o rezerv\u0103 de putere de trei zile, de 72 de ore.<\/p>","protected":false},"excerpt":{"rendered":"<p>Presage Classic este o pies\u0103 de ceas creat\u0103 cu o elegan\u021b\u0103 japonez\u0103 inerent\u0103. Textura cadranului, denumit\u0103 \u201earaigaki\u201d, care \u00eenseamn\u0103 \u201epersimon palid\u201d datorit\u0103 nuan\u021bei cadranului, este inspirat\u0103 de m\u0103tasea japonez\u0103 moale, un material care a fost folosit mult timp \u00een istoria Japoniei pentru decorarea casei \u0219i \u00eembr\u0103c\u0103minte. Cadranul curbat cu m\u00e2ini \u0219i indici curba\u021bi sub cristalul [&hellip;]<\/p>\n","protected":false},"featured_media":54265,"comment_status":"closed","ping_status":"open","template":"","meta":{"_acf_changed":false},"product_brand":[],"product_cat":[20,106,588],"product_tag":[],"class_list":{"0":"post-54264","1":"product","2":"type-product","3":"status-publish","4":"has-post-thumbnail","6":"product_cat-ceasuri-barbati","7":"product_cat-ceasuri-premium","8":"product_cat-seiko","9":"pa_brand-seiko","10":"pa_braslet-otel-inoxidabil","11":"pa_corpus-40-mm","12":"pa_forma-rotund","13":"pa_funcii-data","14":"pa_garatia-24-luni","15":"pa_korpus-argintiu","16":"pa_material-otel-inoxidabil","17":"pa_mehanizm-mecanic","18":"pa_mehanizm-mecanism-automatic","19":"pa_remeshok-argintiu","20":"pa_steklo-cristal-safir","21":"pa_strana-japonia","22":"pa_voda-10-atm","24":"first","25":"instock","26":"purchasable","27":"product-type-simple"},"acf":[],"_links":{"self":[{"href":"https:\/\/ceasuri.md\/ru\/wp-json\/wp\/v2\/product\/54264","targetHints":{"allow":["GET"]}}],"collection":[{"href":"https:\/\/ceasuri.md\/ru\/wp-json\/wp\/v2\/product"}],"about":[{"href":"https:\/\/ceasuri.md\/ru\/wp-json\/wp\/v2\/types\/product"}],"replies":[{"embeddable":true,"href":"https:\/\/ceasuri.md\/ru\/wp-json\/wp\/v2\/comments?post=54264"}],"wp:featuredmedia":[{"embeddable":true,"href":"https:\/\/ceasuri.md\/ru\/wp-json\/wp\/v2\/media\/54265"}],"wp:attachment":[{"href":"https:\/\/ceasuri.md\/ru\/wp-json\/wp\/v2\/media?parent=54264"}],"wp:term":[{"taxonomy":"product_brand","embeddable":true,"href":"https:\/\/ceasuri.md\/ru\/wp-json\/wp\/v2\/product_brand?post=54264"},{"taxonomy":"product_cat","embeddable":true,"href":"https:\/\/ceasuri.md\/ru\/wp-json\/wp\/v2\/product_cat?post=54264"},{"taxonomy":"product_tag","embeddable":true,"href":"https:\/\/ceasuri.md\/ru\/wp-json\/wp\/v2\/product_tag?post=54264"}],"curies":[{"name":"wp","href":"https:\/\/api.w.org\/{rel}","templated":true}]}}