{"id":54259,"date":"2026-04-03T00:08:18","date_gmt":"2026-04-02T21:08:18","guid":{"rendered":"http:\/\/new.ceasuri.md\/shop\/uncategorized\/seiko-presage-classic-spb469j1\/"},"modified":"2026-04-20T01:34:58","modified_gmt":"2026-04-19T22:34:58","slug":"seiko-presage-classic-spb469j1","status":"publish","type":"product","link":"https:\/\/ceasuri.md\/ru\/shop\/branduri\/seiko\/seiko-presage-classic-spb469j1\/","title":{"rendered":"Ceas SEIKO PRESAGE CLASSIC SPB469J1"},"content":{"rendered":"<p>Presage Classic &#8211; ceasuri concepute cu elegan\u021b\u0103 japonez\u0103 inerent\u0103.<\/p>\n<p>Numit \u201eShiro-iro\u201d pentru cadranul s\u0103u de culoare alb cald, textura cadranului este inspirat\u0103 de m\u0103tasea japonez\u0103 moale &#8211; un material care a fost prezent \u00een istoria Japoniei \u00eenc\u0103 din cele mai vechi timpuri \u00een decorul casei \u0219i \u00eembr\u0103c\u0103minte.<\/p>\n<p>Sub sticl\u0103 de safir, cadranul curbat cu m\u00e2ini \u0219i indici curba\u021bi evoc\u0103 stilul vintage \u0219i sunt special concepute pentru a maximiza reflexiile luminii.<\/p>\n<p>Caracteristica \u201eopen-heart\u201d \u00eencastrat\u0103 la ora 9 arat\u0103 frumuse\u021bea interioar\u0103 a mi\u0219c\u0103rii 6R5J care alimenteaz\u0103 ceasul. De asemenea, are un cadran secundar de 24 de ore \u00eencastrat la ora 6.<\/p>\n<p>Br\u0103\u021bara din \u0219apte piese cu mai multe r\u00e2nduri a fost dezvoltat\u0103 \u0219i inspirat\u0103 de br\u0103\u021b\u0103rile metalice de ceas \u00een stil retro din anii 1970. Nu numai c\u0103 acestea sunt concepute pentru stil \u0219i pentru a reflecta lumina, dar fiecare pies\u0103 este scurt\u0103, av\u00e2nd doar 6 mm lungime, permi\u021b\u00e2nd o mi\u0219care \u0219i un confort maxim.<\/p>\n<p>Acest ceas este propulsat de un calibru in-house 6R5J, precis la -15\/+25 secunde pe zi, cu o rezerv\u0103 de putere de 72 de ore.<\/p>","protected":false},"excerpt":{"rendered":"<p>Presage Classic &#8211; ceasuri concepute cu elegan\u021b\u0103 japonez\u0103 inerent\u0103. Numit \u201eShiro-iro\u201d pentru cadranul s\u0103u de culoare alb cald, textura cadranului este inspirat\u0103 de m\u0103tasea japonez\u0103 moale &#8211; un material care a fost prezent \u00een istoria Japoniei \u00eenc\u0103 din cele mai vechi timpuri \u00een decorul casei \u0219i \u00eembr\u0103c\u0103minte. Sub sticl\u0103 de safir, cadranul curbat cu m\u00e2ini [&hellip;]<\/p>\n","protected":false},"featured_media":54260,"comment_status":"closed","ping_status":"open","template":"","meta":{"_acf_changed":false},"product_brand":[],"product_cat":[20,106,588],"product_tag":[],"class_list":{"0":"post-54259","1":"product","2":"type-product","3":"status-publish","4":"has-post-thumbnail","6":"product_cat-ceasuri-barbati","7":"product_cat-ceasuri-premium","8":"product_cat-seiko","9":"pa_brand-seiko","10":"pa_braslet-otel-inoxidabil","11":"pa_corpus-40mm","12":"pa_forma-rotund","13":"pa_funcii-semischelet","14":"pa_garatia-24-luni","15":"pa_korpus-argintiu","16":"pa_material-otel-inoxidabil","17":"pa_mehanizm-mecanic","18":"pa_mehanizm-mecanism-automatic","19":"pa_remeshok-argintiu","20":"pa_steklo-cristal-safir","21":"pa_strana-japonia","22":"pa_voda-10-atm","24":"first","25":"instock","26":"purchasable","27":"product-type-simple"},"acf":[],"_links":{"self":[{"href":"https:\/\/ceasuri.md\/ru\/wp-json\/wp\/v2\/product\/54259","targetHints":{"allow":["GET"]}}],"collection":[{"href":"https:\/\/ceasuri.md\/ru\/wp-json\/wp\/v2\/product"}],"about":[{"href":"https:\/\/ceasuri.md\/ru\/wp-json\/wp\/v2\/types\/product"}],"replies":[{"embeddable":true,"href":"https:\/\/ceasuri.md\/ru\/wp-json\/wp\/v2\/comments?post=54259"}],"wp:featuredmedia":[{"embeddable":true,"href":"https:\/\/ceasuri.md\/ru\/wp-json\/wp\/v2\/media\/54260"}],"wp:attachment":[{"href":"https:\/\/ceasuri.md\/ru\/wp-json\/wp\/v2\/media?parent=54259"}],"wp:term":[{"taxonomy":"product_brand","embeddable":true,"href":"https:\/\/ceasuri.md\/ru\/wp-json\/wp\/v2\/product_brand?post=54259"},{"taxonomy":"product_cat","embeddable":true,"href":"https:\/\/ceasuri.md\/ru\/wp-json\/wp\/v2\/product_cat?post=54259"},{"taxonomy":"product_tag","embeddable":true,"href":"https:\/\/ceasuri.md\/ru\/wp-json\/wp\/v2\/product_tag?post=54259"}],"curies":[{"name":"wp","href":"https:\/\/api.w.org\/{rel}","templated":true}]}}