{"id":54238,"date":"2026-04-03T00:08:18","date_gmt":"2026-04-02T21:08:18","guid":{"rendered":"http:\/\/new.ceasuri.md\/shop\/uncategorized\/seiko-prospex-divers-srpk43k1\/"},"modified":"2026-04-15T20:47:02","modified_gmt":"2026-04-15T17:47:02","slug":"seiko-prospex-divers-srpk43k1","status":"publish","type":"product","link":"https:\/\/ceasuri.md\/ru\/shop\/branduri\/seiko\/seiko-prospex-divers-srpk43k1\/","title":{"rendered":"Ceas SEIKO PROSPEX DIVER&#8217;S SRPK43K1"},"content":{"rendered":"<p>Conceput pentru marea liber\u0103, ceasul Prospex SRPK43K1 este rezistent la ap\u0103 p\u00e2n\u0103 la 200 de metri \u0219i v\u0103 va \u00eenso\u021bi fidel \u00een explor\u0103rile dvs. subacvatice.<br \/>\nNu ve\u021bi g\u0103si un scafandru mai high-end dec\u00e2t acesta. Ceasul impresioneaz\u0103 prin designul \u0219i calitatea sa. Geamul de safir protejeaz\u0103 cadranul negru, care este completat doar de indicii \u0219i m\u00e2inile verzi cu iluminare ultra-eficient\u0103 Green Pro Lumibrite, care aminte\u0219te de un dispozitiv de vedere pe timp de noapte. Br\u0103\u021bara \u0219i carcasa sunt realizate din o\u021bel inoxidabil \u0219i acoperite cu carbur\u0103 de titan. Br\u0103\u021bara are o \u00eencuietoare pliabil\u0103 cu reglare rapid\u0103 pentru scafandrii profesioni\u0219ti. Luneta ceramic\u0103 confer\u0103 acestui ceas complet negru un aspect luxos. Ceasul este propulsat de calibrul automat Seiko 4R36 cu \u00eenf\u0103\u0219urare pe dou\u0103 fe\u021be.<\/p>","protected":false},"excerpt":{"rendered":"<p>Conceput pentru marea liber\u0103, ceasul Prospex SRPK43K1 este rezistent la ap\u0103 p\u00e2n\u0103 la 200 de metri \u0219i v\u0103 va \u00eenso\u021bi fidel \u00een explor\u0103rile dvs. subacvatice. Nu ve\u021bi g\u0103si un scafandru mai high-end dec\u00e2t acesta. Ceasul impresioneaz\u0103 prin designul \u0219i calitatea sa. Geamul de safir protejeaz\u0103 cadranul negru, care este completat doar de indicii \u0219i m\u00e2inile [&hellip;]<\/p>\n","protected":false},"featured_media":54239,"comment_status":"closed","ping_status":"open","template":"","meta":{"_acf_changed":false},"product_brand":[],"product_cat":[20,106,588],"product_tag":[],"class_list":{"0":"post-54238","1":"product","2":"type-product","3":"status-publish","4":"has-post-thumbnail","6":"product_cat-ceasuri-barbati","7":"product_cat-ceasuri-premium","8":"product_cat-seiko","9":"pa_brand-seiko","10":"pa_braslet-otel-inoxidabil","11":"pa_corpus-45-mm","12":"pa_forma-rotund","13":"pa_funcii-data","14":"pa_funcii-ziua-saptamanii","15":"pa_garatia-24-luni","16":"pa_korpus-negru","17":"pa_material-ceramica","18":"pa_material-otel-inoxidabil","19":"pa_mehanizm-mecanic","20":"pa_mehanizm-mecanism-automatic","21":"pa_remeshok-negru","22":"pa_steklo-cristal-safir","23":"pa_strana-japonia","24":"pa_voda-20-atm","26":"first","27":"instock","28":"purchasable","29":"product-type-simple"},"acf":[],"_links":{"self":[{"href":"https:\/\/ceasuri.md\/ru\/wp-json\/wp\/v2\/product\/54238","targetHints":{"allow":["GET"]}}],"collection":[{"href":"https:\/\/ceasuri.md\/ru\/wp-json\/wp\/v2\/product"}],"about":[{"href":"https:\/\/ceasuri.md\/ru\/wp-json\/wp\/v2\/types\/product"}],"replies":[{"embeddable":true,"href":"https:\/\/ceasuri.md\/ru\/wp-json\/wp\/v2\/comments?post=54238"}],"wp:featuredmedia":[{"embeddable":true,"href":"https:\/\/ceasuri.md\/ru\/wp-json\/wp\/v2\/media\/54239"}],"wp:attachment":[{"href":"https:\/\/ceasuri.md\/ru\/wp-json\/wp\/v2\/media?parent=54238"}],"wp:term":[{"taxonomy":"product_brand","embeddable":true,"href":"https:\/\/ceasuri.md\/ru\/wp-json\/wp\/v2\/product_brand?post=54238"},{"taxonomy":"product_cat","embeddable":true,"href":"https:\/\/ceasuri.md\/ru\/wp-json\/wp\/v2\/product_cat?post=54238"},{"taxonomy":"product_tag","embeddable":true,"href":"https:\/\/ceasuri.md\/ru\/wp-json\/wp\/v2\/product_tag?post=54238"}],"curies":[{"name":"wp","href":"https:\/\/api.w.org\/{rel}","templated":true}]}}