{"id":54232,"date":"2026-04-03T00:08:18","date_gmt":"2026-04-02T21:08:18","guid":{"rendered":"http:\/\/new.ceasuri.md\/shop\/uncategorized\/seiko-presage-cocktail-time-srpk48j1\/"},"modified":"2026-04-20T01:35:03","modified_gmt":"2026-04-19T22:35:03","slug":"seiko-presage-cocktail-time-srpk48j1","status":"publish","type":"product","link":"https:\/\/ceasuri.md\/ru\/shop\/branduri\/seiko\/seiko-presage-cocktail-time-srpk48j1\/","title":{"rendered":"\u0427\u0430\u0441\u044b SEIKO PRESAGE Cocktail Time SRPK48J1"},"content":{"rendered":"<p>\u00cen mod tradi\u021bional, \u00een Japonia, \u201eOra Nomunication\u201d &#8211; un hibrid \u00eentre nomu (b\u0103utur\u0103) \u0219i comunicare, este dup\u0103 ora 17:00 &#8211; c\u00e2nd este ora cocktailurilor \u0219i momentul s\u0103 discuta\u021bi despre lucruri. Colec\u021bia Seiko Presage Cocktail Time a fost inspirat\u0103 de acest obicei japonez &#8211; fiecare ceas poart\u0103 numele b\u0103uturilor amestecate de Hisashi Kishi, barmanul \u0219ef al Star Bar din zona Ginza din Tokyo.<br \/>\nCu un cadran conceput pentru a sem\u0103na cu vederea b\u0103uturii printr-un pahar, acest ceas este inspirat de un cocktail \u201ejum\u0103tate \u0219i jum\u0103tate\u201d. Dl Kishi amestec\u0103 bere japonez\u0103 \u0219i stout, pentru a crea un clasic cremos auriu &#8211; cadranul acestei piese surprinde aromele corpolente, bogate \u0219i suave.<br \/>\nCarcasa \u0219i br\u0103\u021bara de culoare aurie se asorteaz\u0103 cu cadranul s\u0103u \u00een tonuri calde, \u00een timp ce indicii aurii sunt completa\u021bi de m\u00e2inile dauphine \u0219i de func\u021bia de dat\u0103 la ora 3. Are o \u00eencuietoare tripl\u0103 cu un buton de eliberare, precum \u0219i un spate transparent al carcasei.<br \/>\nAceast\u0103 pies\u0103 are 40,5 mm \u00een diametru \u0219i 11,8 mm ad\u00e2ncime. Este alimentat de un calibru automat 4R35 construit in-house care are o precizie de +45 \/ -35 secunde pe zi.<br \/>\nSeiko Presage: Aspecte atemporale, cronometrare mecanic\u0103 precis\u0103; modele de ceasuri minimaliste cu o estetic\u0103 japonez\u0103 distinct\u0103.<\/p>","protected":false},"excerpt":{"rendered":"<p>\u00cen mod tradi\u021bional, \u00een Japonia, \u201eOra Nomunication\u201d &#8211; un hibrid \u00eentre nomu (b\u0103utur\u0103) \u0219i comunicare, este dup\u0103 ora 17:00 &#8211; c\u00e2nd este ora cocktailurilor \u0219i momentul s\u0103 discuta\u021bi despre lucruri. Colec\u021bia Seiko Presage Cocktail Time a fost inspirat\u0103 de acest obicei japonez &#8211; fiecare ceas poart\u0103 numele b\u0103uturilor amestecate de Hisashi Kishi, barmanul \u0219ef al [&hellip;]<\/p>\n","protected":false},"featured_media":54233,"comment_status":"closed","ping_status":"open","template":"","meta":{"_acf_changed":false},"product_brand":[],"product_cat":[20,106,588],"product_tag":[],"class_list":{"0":"post-54232","1":"product","2":"type-product","3":"status-publish","4":"has-post-thumbnail","6":"product_cat-ceasuri-barbati","7":"product_cat-ceasuri-premium","8":"product_cat-seiko","9":"pa_brand-seiko","10":"pa_braslet-otel-inoxidabil","11":"pa_corpus-41-mm","12":"pa_forma-rotund","13":"pa_funcii-data","14":"pa_garatia-24-luni","15":"pa_korpus-auriu","16":"pa_material-otel-inoxidabil","17":"pa_mehanizm-mecanic","18":"pa_mehanizm-mecanism-automatic","19":"pa_remeshok-auriu","20":"pa_steklo-hardlex-crystal","21":"pa_strana-japonia","22":"pa_voda-5-atm","24":"first","25":"instock","26":"purchasable","27":"product-type-simple"},"acf":[],"_links":{"self":[{"href":"https:\/\/ceasuri.md\/ru\/wp-json\/wp\/v2\/product\/54232","targetHints":{"allow":["GET"]}}],"collection":[{"href":"https:\/\/ceasuri.md\/ru\/wp-json\/wp\/v2\/product"}],"about":[{"href":"https:\/\/ceasuri.md\/ru\/wp-json\/wp\/v2\/types\/product"}],"replies":[{"embeddable":true,"href":"https:\/\/ceasuri.md\/ru\/wp-json\/wp\/v2\/comments?post=54232"}],"wp:featuredmedia":[{"embeddable":true,"href":"https:\/\/ceasuri.md\/ru\/wp-json\/wp\/v2\/media\/54233"}],"wp:attachment":[{"href":"https:\/\/ceasuri.md\/ru\/wp-json\/wp\/v2\/media?parent=54232"}],"wp:term":[{"taxonomy":"product_brand","embeddable":true,"href":"https:\/\/ceasuri.md\/ru\/wp-json\/wp\/v2\/product_brand?post=54232"},{"taxonomy":"product_cat","embeddable":true,"href":"https:\/\/ceasuri.md\/ru\/wp-json\/wp\/v2\/product_cat?post=54232"},{"taxonomy":"product_tag","embeddable":true,"href":"https:\/\/ceasuri.md\/ru\/wp-json\/wp\/v2\/product_tag?post=54232"}],"curies":[{"name":"wp","href":"https:\/\/api.w.org\/{rel}","templated":true}]}}