{"id":54226,"date":"2026-04-03T00:08:18","date_gmt":"2026-04-02T21:08:18","guid":{"rendered":"http:\/\/new.ceasuri.md\/shop\/uncategorized\/seiko-presage-style60s-le-srpk61j1\/"},"modified":"2026-04-20T01:35:04","modified_gmt":"2026-04-19T22:35:04","slug":"seiko-presage-style60s-le-srpk61j1","status":"publish","type":"product","link":"https:\/\/ceasuri.md\/ru\/shop\/branduri\/seiko\/seiko-presage-style60s-le-srpk61j1\/","title":{"rendered":"\u0427\u0430\u0441\u044b SEIKO PRESAGE Style60&#8217;s LE SRPK61J1"},"content":{"rendered":"<p>Colec\u021bia Presage Style 60&#8217;s surprinde tr\u0103s\u0103turile caracteristice ale cronografului Crown cu indicatoare orare fa\u021betate \u0219i m\u00e2ini cu linii curate. Designul prezint\u0103 un aspect vintage al anilor &#8217;60. Spa\u021biul circular interior al cadranului \u0219i suprafa\u021ba exterioar\u0103 cu indicatoare orare sunt finisate \u00een diferite tehnici de finisare, ceea ce spore\u0219te lizibilitatea \u0219i creeaz\u0103 o atmosfer\u0103 cald\u0103 vintage care se manifest\u0103 diferit \u00een func\u021bie de unghiul de vedere. Designul modelului SRPK61J1 este inspirat de un cronograf din 1964. Propor\u021biile carcasei originale, cu luneta iconic\u0103 \u0219i ansele conice, sunt men\u021binute. Cadranul are acela\u0219i relief, culori \u0219i finisaje ca modelul din &#8217;64. Curea se potrive\u0219te, de asemenea, cu cea original\u0103 \u0219i este o inova\u021bie \u00een seria Style 60.<br \/>\nEdi\u021bie limitat\u0103 \u0219i numerotat\u0103 de 5.000 de piese la nivel mondial. Disponibil N 0562, 4482 din cele 5000 de exemplare.<\/p>","protected":false},"excerpt":{"rendered":"<p>Colec\u021bia Presage Style 60&#8217;s surprinde tr\u0103s\u0103turile caracteristice ale cronografului Crown cu indicatoare orare fa\u021betate \u0219i m\u00e2ini cu linii curate. Designul prezint\u0103 un aspect vintage al anilor &#8217;60. Spa\u021biul circular interior al cadranului \u0219i suprafa\u021ba exterioar\u0103 cu indicatoare orare sunt finisate \u00een diferite tehnici de finisare, ceea ce spore\u0219te lizibilitatea \u0219i creeaz\u0103 o atmosfer\u0103 cald\u0103 vintage [&hellip;]<\/p>\n","protected":false},"featured_media":54227,"comment_status":"closed","ping_status":"open","template":"","meta":{"_acf_changed":false},"product_brand":[],"product_cat":[20,106,205,588],"product_tag":[],"class_list":{"0":"post-54226","1":"product","2":"type-product","3":"status-publish","4":"has-post-thumbnail","6":"product_cat-ceasuri-barbati","7":"product_cat-ceasuri-premium","8":"product_cat-limited-edition","9":"product_cat-seiko","10":"pa_brand-seiko","11":"pa_braslet-otel-inoxidabil","12":"pa_corpus-40mm","13":"pa_forma-rotund","14":"pa_funcii-data","15":"pa_funcii-limited-edition","16":"pa_garatia-24-luni","17":"pa_korpus-argintiu","18":"pa_korpus-negru","19":"pa_material-otel-inoxidabil","20":"pa_mehanizm-mecanic","21":"pa_mehanizm-mecanism-automatic","22":"pa_remeshok-argintiu","23":"pa_steklo-hardlex-crystal","24":"pa_strana-japonia","25":"pa_voda-5-atm","27":"first","28":"instock","29":"purchasable","30":"product-type-simple"},"acf":[],"_links":{"self":[{"href":"https:\/\/ceasuri.md\/ru\/wp-json\/wp\/v2\/product\/54226","targetHints":{"allow":["GET"]}}],"collection":[{"href":"https:\/\/ceasuri.md\/ru\/wp-json\/wp\/v2\/product"}],"about":[{"href":"https:\/\/ceasuri.md\/ru\/wp-json\/wp\/v2\/types\/product"}],"replies":[{"embeddable":true,"href":"https:\/\/ceasuri.md\/ru\/wp-json\/wp\/v2\/comments?post=54226"}],"wp:featuredmedia":[{"embeddable":true,"href":"https:\/\/ceasuri.md\/ru\/wp-json\/wp\/v2\/media\/54227"}],"wp:attachment":[{"href":"https:\/\/ceasuri.md\/ru\/wp-json\/wp\/v2\/media?parent=54226"}],"wp:term":[{"taxonomy":"product_brand","embeddable":true,"href":"https:\/\/ceasuri.md\/ru\/wp-json\/wp\/v2\/product_brand?post=54226"},{"taxonomy":"product_cat","embeddable":true,"href":"https:\/\/ceasuri.md\/ru\/wp-json\/wp\/v2\/product_cat?post=54226"},{"taxonomy":"product_tag","embeddable":true,"href":"https:\/\/ceasuri.md\/ru\/wp-json\/wp\/v2\/product_tag?post=54226"}],"curies":[{"name":"wp","href":"https:\/\/api.w.org\/{rel}","templated":true}]}}