{"id":54220,"date":"2024-09-12T12:25:57","date_gmt":"2024-09-12T09:25:57","guid":{"rendered":"http:\/\/new.ceasuri.md\/shop\/uncategorized\/seiko-5-sports-srpk65k1\/"},"modified":"2026-05-01T18:44:48","modified_gmt":"2026-05-01T15:44:48","slug":"seiko-5-sports-srpk65k1","status":"publish","type":"product","link":"https:\/\/ceasuri.md\/ru\/shop\/branduri\/seiko\/seiko-5-sports-srpk65k1\/","title":{"rendered":"\u0427\u0430\u0441\u044b SEIKO 5 SPORTS SRPK65K1"},"content":{"rendered":"<p>O completare a noii \u201eRetro Colour Collection\u201d, aceast\u0103 pies\u0103 este inspirat\u0103 de una dintre piesele noastre emblematice de patrimoniu din 1969: \u201eCheckered Flag\u201d, inspirat\u0103 din stilul vintage al anilor 1960.<br \/>\nFiind o re-creare a piesei din 1969, acest model p\u0103streaz\u0103 aspectul \u0219i schema de culori. Are acela\u0219i cadran, m\u00e2ini \u00een stilul anilor &#8217;60 \u0219i luneta \u00een carouri ca \u0219i originalul. De asemenea, aduce un omagiu designului carcasei Seiko 5 Sports SKX, preferat\u0103 de fani.<br \/>\nPropulsat de o mi\u0219care automat\u0103 4R36 construit\u0103 in-house, cu o precizie de +45 \/ -35 secunde pe zi, are o func\u021bie day-date la ora 3 \u0219i este rezistent la ap\u0103 p\u00e2n\u0103 la 100 m. Acest model are cuvintele \u201eSPECIAL EDITION\u201d pe spatele carcasei.<br \/>\nSeiko 5 Sports este cunoscut pentru peste cincizeci de ani de fiabilitate, durabilitate, performan\u021b\u0103 \u0219i valoare. &#8221;5&#8221; reprezint\u0103 cele cinci caracteristici cheie originale ale fiec\u0103rui Seiko 5 prezente \u0219i ast\u0103zi: Mi\u0219care automat\u0103, Afi\u0219aj day-date, Rezisten\u021b\u0103 la ap\u0103, Coroan\u0103 \u00eencastrat\u0103 \u0219i Carcas\u0103 \u0219i curea durabile.<\/p>","protected":false},"excerpt":{"rendered":"<p>O completare a noii \u201eRetro Colour Collection\u201d, aceast\u0103 pies\u0103 este inspirat\u0103 de una dintre piesele noastre emblematice de patrimoniu din 1969: \u201eCheckered Flag\u201d, inspirat\u0103 din stilul vintage al anilor 1960. Fiind o re-creare a piesei din 1969, acest model p\u0103streaz\u0103 aspectul \u0219i schema de culori. Are acela\u0219i cadran, m\u00e2ini \u00een stilul anilor &#8217;60 \u0219i luneta [&hellip;]<\/p>\n","protected":false},"featured_media":54221,"comment_status":"closed","ping_status":"open","template":"","meta":{"_acf_changed":false},"product_brand":[],"product_cat":[20,588],"product_tag":[],"class_list":{"0":"post-54220","1":"product","2":"type-product","3":"status-publish","4":"has-post-thumbnail","6":"product_cat-ceasuri-barbati","7":"product_cat-seiko","8":"pa_brand-seiko","9":"pa_braslet-otel-inoxidabil","10":"pa_corpus-43-mm","11":"pa_forma-rotund","12":"pa_funcii-data","13":"pa_funcii-special-edition","14":"pa_funcii-ziua-saptamanii","15":"pa_garatia-24-luni","16":"pa_korpus-argintiu","17":"pa_material-otel-inoxidabil","18":"pa_mehanizm-mecanic","19":"pa_mehanizm-mecanism-automatic","20":"pa_remeshok-argintiu","21":"pa_steklo-hardlex-crystal","22":"pa_strana-japonia","23":"pa_voda-10-atm","25":"first","26":"instock","27":"purchasable","28":"product-type-simple"},"acf":[],"_links":{"self":[{"href":"https:\/\/ceasuri.md\/ru\/wp-json\/wp\/v2\/product\/54220","targetHints":{"allow":["GET"]}}],"collection":[{"href":"https:\/\/ceasuri.md\/ru\/wp-json\/wp\/v2\/product"}],"about":[{"href":"https:\/\/ceasuri.md\/ru\/wp-json\/wp\/v2\/types\/product"}],"replies":[{"embeddable":true,"href":"https:\/\/ceasuri.md\/ru\/wp-json\/wp\/v2\/comments?post=54220"}],"wp:featuredmedia":[{"embeddable":true,"href":"https:\/\/ceasuri.md\/ru\/wp-json\/wp\/v2\/media\/54221"}],"wp:attachment":[{"href":"https:\/\/ceasuri.md\/ru\/wp-json\/wp\/v2\/media?parent=54220"}],"wp:term":[{"taxonomy":"product_brand","embeddable":true,"href":"https:\/\/ceasuri.md\/ru\/wp-json\/wp\/v2\/product_brand?post=54220"},{"taxonomy":"product_cat","embeddable":true,"href":"https:\/\/ceasuri.md\/ru\/wp-json\/wp\/v2\/product_cat?post=54220"},{"taxonomy":"product_tag","embeddable":true,"href":"https:\/\/ceasuri.md\/ru\/wp-json\/wp\/v2\/product_tag?post=54220"}],"curies":[{"name":"wp","href":"https:\/\/api.w.org\/{rel}","templated":true}]}}