{"id":54215,"date":"2026-04-03T00:07:21","date_gmt":"2026-04-02T21:07:21","guid":{"rendered":"http:\/\/new.ceasuri.md\/shop\/uncategorized\/seiko-presage-cocktail-time-srpk75j1\/"},"modified":"2026-04-20T01:35:06","modified_gmt":"2026-04-19T22:35:06","slug":"seiko-presage-cocktail-time-srpk75j1","status":"publish","type":"product","link":"https:\/\/ceasuri.md\/ru\/shop\/branduri\/seiko\/seiko-presage-cocktail-time-srpk75j1\/","title":{"rendered":"\u0427\u0430\u0441\u044b SEIKO PRESAGE Cocktail Time SRPK75J1"},"content":{"rendered":"<p>Seiko Presage Cocktail Time Edi\u021bie limitat\u0103. Disponibil\u0103 doar \u00eentr-un num\u0103r de 9.000 de exemplare, cu num\u0103rul de serie al produc\u021biei pe spatele fiec\u0103rei carcase, aceast\u0103 edi\u021bie limitat\u0103 \u00eembin\u0103 cea mai bun\u0103 orologerie mecanic\u0103 japonez\u0103 cu o m\u0103iestrie \u0219i un design superioare. Exprim\u00e2nd starea de spirit din jurul amurgului, c\u00e2nd culorile frumoase umplu cerul pe m\u0103sur\u0103 ce lumina se stinge spre \u00eentuneric, superbul model Presage Cocktail Time transmite entuziasmul Tokyo-ului de ast\u0103zi, cu un stil \u0219i culori proaspete. Dl Kishi, proprietar al STAR BAR \u0219i un maestru contemporan, a creat cocktailuri originale bazate pe aceea\u0219i inspira\u021bie. Reflect\u00e2nd un moment aproape magic al zilei, acest ceas are un cadran gradat cu un model orizontal \u0219i accente din aur roz. Suplu \u0219i elegant, carcasa aerodinamic\u0103 g\u0103zduie\u0219te o mi\u0219care automat\u0103 cu 23 de bijuterii, cu posibilitatea de \u00eenf\u0103\u0219urare manual\u0103, care bate la o frecven\u021b\u0103 de 21.600 de vibra\u021bii pe or\u0103, cu o rezerv\u0103 de putere de aproximativ 41 de ore. Fabricat din o\u021bel inoxidabil, completat de o curea din piele maro, acest ceas distinctiv include un calendar cu dat\u0103.<br \/>\nDisponibil N 6734, 7421 din cele 9000 de exemplare.<\/p>","protected":false},"excerpt":{"rendered":"<p>Seiko Presage Cocktail Time Edi\u021bie limitat\u0103. Disponibil\u0103 doar \u00eentr-un num\u0103r de 9.000 de exemplare, cu num\u0103rul de serie al produc\u021biei pe spatele fiec\u0103rei carcase, aceast\u0103 edi\u021bie limitat\u0103 \u00eembin\u0103 cea mai bun\u0103 orologerie mecanic\u0103 japonez\u0103 cu o m\u0103iestrie \u0219i un design superioare. Exprim\u00e2nd starea de spirit din jurul amurgului, c\u00e2nd culorile frumoase umplu cerul pe m\u0103sur\u0103 [&hellip;]<\/p>\n","protected":false},"featured_media":54216,"comment_status":"closed","ping_status":"open","template":"","meta":{"_acf_changed":false},"product_brand":[],"product_cat":[20,106,205,588],"product_tag":[],"class_list":{"0":"post-54215","1":"product","2":"type-product","3":"status-publish","4":"has-post-thumbnail","6":"product_cat-ceasuri-barbati","7":"product_cat-ceasuri-premium","8":"product_cat-limited-edition","9":"product_cat-seiko","10":"pa_brand-seiko","11":"pa_braslet-piele","12":"pa_corpus-41-mm","13":"pa_forma-rotund","14":"pa_funcii-data","15":"pa_funcii-limited-edition","16":"pa_garatia-24-luni","17":"pa_korpus-argintiu","18":"pa_material-otel-inoxidabil","19":"pa_mehanizm-mecanic","20":"pa_mehanizm-mecanism-automatic","21":"pa_remeshok-maro","22":"pa_steklo-hardlex-crystal","23":"pa_strana-japonia","24":"pa_voda-5-atm","26":"first","27":"outofstock","28":"purchasable","29":"product-type-simple"},"acf":[],"_links":{"self":[{"href":"https:\/\/ceasuri.md\/ru\/wp-json\/wp\/v2\/product\/54215","targetHints":{"allow":["GET"]}}],"collection":[{"href":"https:\/\/ceasuri.md\/ru\/wp-json\/wp\/v2\/product"}],"about":[{"href":"https:\/\/ceasuri.md\/ru\/wp-json\/wp\/v2\/types\/product"}],"replies":[{"embeddable":true,"href":"https:\/\/ceasuri.md\/ru\/wp-json\/wp\/v2\/comments?post=54215"}],"wp:featuredmedia":[{"embeddable":true,"href":"https:\/\/ceasuri.md\/ru\/wp-json\/wp\/v2\/media\/54216"}],"wp:attachment":[{"href":"https:\/\/ceasuri.md\/ru\/wp-json\/wp\/v2\/media?parent=54215"}],"wp:term":[{"taxonomy":"product_brand","embeddable":true,"href":"https:\/\/ceasuri.md\/ru\/wp-json\/wp\/v2\/product_brand?post=54215"},{"taxonomy":"product_cat","embeddable":true,"href":"https:\/\/ceasuri.md\/ru\/wp-json\/wp\/v2\/product_cat?post=54215"},{"taxonomy":"product_tag","embeddable":true,"href":"https:\/\/ceasuri.md\/ru\/wp-json\/wp\/v2\/product_tag?post=54215"}],"curies":[{"name":"wp","href":"https:\/\/api.w.org\/{rel}","templated":true}]}}