{"id":54210,"date":"2026-04-03T00:07:21","date_gmt":"2026-04-02T21:07:21","guid":{"rendered":"http:\/\/new.ceasuri.md\/shop\/uncategorized\/seiko-5-sports-srpk97k1\/"},"modified":"2026-04-20T01:35:07","modified_gmt":"2026-04-19T22:35:07","slug":"seiko-5-sports-srpk97k1","status":"publish","type":"product","link":"https:\/\/ceasuri.md\/ru\/shop\/branduri\/seiko\/seiko-5-sports-srpk97k1\/","title":{"rendered":"\u0427\u0430\u0441\u044b SEIKO 5 SPORTS SRPK97K1"},"content":{"rendered":"<p>Alege stilul sportiv cu acest ceas automat fiabil \u0219i durabil din colec\u021bia Seiko 5 Sports. Este fabricat \u00een \u00eentregime din o\u021bel inoxidabil \u0219i v\u0103 va \u00eenso\u021bi \u00een toate ocaziile, de la sport la munc\u0103. Rezistent la ap\u0103 p\u00e2n\u0103 la 100 de metri, are un fond transparent cu \u0219urub prin care pute\u021bi admira mi\u0219carea.<\/p>","protected":false},"excerpt":{"rendered":"<p>Alege stilul sportiv cu acest ceas automat fiabil \u0219i durabil din colec\u021bia Seiko 5 Sports. Este fabricat \u00een \u00eentregime din o\u021bel inoxidabil \u0219i v\u0103 va \u00eenso\u021bi \u00een toate ocaziile, de la sport la munc\u0103. Rezistent la ap\u0103 p\u00e2n\u0103 la 100 de metri, are un fond transparent cu \u0219urub prin care pute\u021bi admira mi\u0219carea.<\/p>","protected":false},"featured_media":54211,"comment_status":"closed","ping_status":"open","template":"","meta":{"_acf_changed":false},"product_brand":[],"product_cat":[20,588],"product_tag":[],"class_list":{"0":"post-54210","1":"product","2":"type-product","3":"status-publish","4":"has-post-thumbnail","6":"product_cat-ceasuri-barbati","7":"product_cat-seiko","8":"pa_brand-seiko","9":"pa_braslet-otel-inoxidabil","10":"pa_corpus-42-mm","11":"pa_forma-rotund","12":"pa_funcii-data","13":"pa_funcii-ziua-saptamanii","14":"pa_garatia-24-luni","15":"pa_korpus-albastru-inchis","16":"pa_korpus-argintiu","17":"pa_material-otel-inoxidabil","18":"pa_mehanizm-mecanic","19":"pa_mehanizm-mecanism-automatic","20":"pa_remeshok-argintiu","21":"pa_steklo-hardlex-crystal","22":"pa_strana-japonia","23":"pa_voda-10-atm","25":"first","26":"instock","27":"purchasable","28":"product-type-simple"},"acf":[],"_links":{"self":[{"href":"https:\/\/ceasuri.md\/ru\/wp-json\/wp\/v2\/product\/54210","targetHints":{"allow":["GET"]}}],"collection":[{"href":"https:\/\/ceasuri.md\/ru\/wp-json\/wp\/v2\/product"}],"about":[{"href":"https:\/\/ceasuri.md\/ru\/wp-json\/wp\/v2\/types\/product"}],"replies":[{"embeddable":true,"href":"https:\/\/ceasuri.md\/ru\/wp-json\/wp\/v2\/comments?post=54210"}],"wp:featuredmedia":[{"embeddable":true,"href":"https:\/\/ceasuri.md\/ru\/wp-json\/wp\/v2\/media\/54211"}],"wp:attachment":[{"href":"https:\/\/ceasuri.md\/ru\/wp-json\/wp\/v2\/media?parent=54210"}],"wp:term":[{"taxonomy":"product_brand","embeddable":true,"href":"https:\/\/ceasuri.md\/ru\/wp-json\/wp\/v2\/product_brand?post=54210"},{"taxonomy":"product_cat","embeddable":true,"href":"https:\/\/ceasuri.md\/ru\/wp-json\/wp\/v2\/product_cat?post=54210"},{"taxonomy":"product_tag","embeddable":true,"href":"https:\/\/ceasuri.md\/ru\/wp-json\/wp\/v2\/product_tag?post=54210"}],"curies":[{"name":"wp","href":"https:\/\/api.w.org\/{rel}","templated":true}]}}