{"id":54196,"date":"2026-04-03T00:07:21","date_gmt":"2026-04-02T21:07:21","guid":{"rendered":"http:\/\/new.ceasuri.md\/shop\/uncategorized\/seiko-5-sports-srpl05k1\/"},"modified":"2026-04-20T01:35:09","modified_gmt":"2026-04-19T22:35:09","slug":"seiko-5-sports-srpl05k1","status":"publish","type":"product","link":"https:\/\/ceasuri.md\/ru\/shop\/branduri\/seiko\/seiko-5-sports-srpl05k1\/","title":{"rendered":"\u0427\u0430\u0441\u044b SEIKO 5 SPORTS SRPL05K1"},"content":{"rendered":"<p>Seiko 5 Sports.<br \/>\nRe-crearea designului Heritage.<br \/>\nEdi\u021bie limitat\u0103. Disponibil N 7879, 7887 din cele 9999 de exemplare.<br \/>\nUn design Seiko iubit care a fost popular \u00een \u00eentreaga lume de la sf\u00e2r\u0219itul anilor 1960 p\u00e2n\u0103 la \u00eenceputul anilor 1970 este reeditat \u00een colec\u021bia Seiko 5 Sports.<br \/>\nReprodus \u00eentr-o dimensiune \u0219i form\u0103 c\u00e2t mai apropiate de cele ale originalului, designul reeditat este propulsat de mi\u0219carea automat\u0103 Caliber 4R36. Noua crea\u021bie realizeaz\u0103 un echilibru perfect \u00eentre designul nostalgic al originalului \u0219i tehnologia orologer\u0103 modern\u0103 de ast\u0103zi.<br \/>\nProdus \u00een culoarea negru, cadranul urmeaz\u0103 \u00eendeaproape cel al designului clasic, cu logo-ul original Seiko 5 Sports re\u00eenviat \u00een pozi\u021bia orei 12.<br \/>\n\u00cen re-crea\u021bie, aspectul unic al br\u0103\u021b\u0103rii originale a fost p\u0103strat, de\u0219i a fost actualizat cu materiale contemporane pentru o potrivire \u0219i o senza\u021bie adaptate pentru purtarea zilnic\u0103.<br \/>\nCa o caracteristic\u0103 special\u0103 a edi\u021biei limitate, ceasul vine cu o curea din piele retro sportiv\u0103, care aminte\u0219te de perioada \u00een care modelul original era popular.<br \/>\nAngajamentul fa\u021b\u0103 de designul clasic continu\u0103 cu ambalajul special al ceasului, care aduce un omagiu cutiei care a venit cu modelul original.<\/p>","protected":false},"excerpt":{"rendered":"<p>Seiko 5 Sports. Re-crearea designului Heritage. Edi\u021bie limitat\u0103. Disponibil N 7879, 7887 din cele 9999 de exemplare. Un design Seiko iubit care a fost popular \u00een \u00eentreaga lume de la sf\u00e2r\u0219itul anilor 1960 p\u00e2n\u0103 la \u00eenceputul anilor 1970 este reeditat \u00een colec\u021bia Seiko 5 Sports. Reprodus \u00eentr-o dimensiune \u0219i form\u0103 c\u00e2t mai apropiate de cele [&hellip;]<\/p>\n","protected":false},"featured_media":54197,"comment_status":"closed","ping_status":"open","template":"","meta":{"_acf_changed":false},"product_brand":[],"product_cat":[20,205,588],"product_tag":[],"class_list":{"0":"post-54196","1":"product","2":"type-product","3":"status-publish","4":"has-post-thumbnail","6":"product_cat-ceasuri-barbati","7":"product_cat-limited-edition","8":"product_cat-seiko","9":"pa_brand-seiko","10":"pa_braslet-otel-inoxidabil","11":"pa_braslet-piele","12":"pa_corpus-39-mm","13":"pa_forma-butoi","14":"pa_funcii-data","15":"pa_funcii-limited-edition","16":"pa_funcii-set-cadou","17":"pa_funcii-ziua-saptamanii","18":"pa_garatia-24-luni","19":"pa_korpus-argintiu","20":"pa_material-otel-inoxidabil","21":"pa_mehanizm-mecanic","22":"pa_mehanizm-mecanism-automatic","23":"pa_remeshok-argintiu","24":"pa_steklo-hardlex-crystal","25":"pa_strana-japonia","26":"pa_voda-10-atm","28":"first","29":"instock","30":"purchasable","31":"product-type-simple"},"acf":[],"_links":{"self":[{"href":"https:\/\/ceasuri.md\/ru\/wp-json\/wp\/v2\/product\/54196","targetHints":{"allow":["GET"]}}],"collection":[{"href":"https:\/\/ceasuri.md\/ru\/wp-json\/wp\/v2\/product"}],"about":[{"href":"https:\/\/ceasuri.md\/ru\/wp-json\/wp\/v2\/types\/product"}],"replies":[{"embeddable":true,"href":"https:\/\/ceasuri.md\/ru\/wp-json\/wp\/v2\/comments?post=54196"}],"wp:featuredmedia":[{"embeddable":true,"href":"https:\/\/ceasuri.md\/ru\/wp-json\/wp\/v2\/media\/54197"}],"wp:attachment":[{"href":"https:\/\/ceasuri.md\/ru\/wp-json\/wp\/v2\/media?parent=54196"}],"wp:term":[{"taxonomy":"product_brand","embeddable":true,"href":"https:\/\/ceasuri.md\/ru\/wp-json\/wp\/v2\/product_brand?post=54196"},{"taxonomy":"product_cat","embeddable":true,"href":"https:\/\/ceasuri.md\/ru\/wp-json\/wp\/v2\/product_cat?post=54196"},{"taxonomy":"product_tag","embeddable":true,"href":"https:\/\/ceasuri.md\/ru\/wp-json\/wp\/v2\/product_tag?post=54196"}],"curies":[{"name":"wp","href":"https:\/\/api.w.org\/{rel}","templated":true}]}}