{"id":54181,"date":"2026-04-03T00:07:21","date_gmt":"2026-04-02T21:07:21","guid":{"rendered":"http:\/\/new.ceasuri.md\/shop\/uncategorized\/seiko-prospex-divers-srpl15k1\/"},"modified":"2026-04-20T01:35:12","modified_gmt":"2026-04-19T22:35:12","slug":"seiko-prospex-divers-srpl15k1","status":"publish","type":"product","link":"https:\/\/ceasuri.md\/ru\/shop\/branduri\/seiko\/seiko-prospex-divers-srpl15k1\/","title":{"rendered":"Ceas SEIKO PROSPEX DIVER&#8217;S SRPL15K1"},"content":{"rendered":"<p>Continu\u00e2nd mo\u0219tenirea Seiko de inova\u021bie \u0219i evolu\u021bie a designului, Prospex prezint\u0103 un nou ceas de scafandru, dezvoltat dintr-o combina\u021bie a dou\u0103 modele populare Seiko.<br \/>\nPoreclite de fani pentru formele lor unice ale carcasei, modelele \u201eSamurai\u201d \u0219i \u201eShogun\u201d sunt modele Seiko populare, cu forme \u0219i recunoscute instantaneu. Noul hibrid \u201eShogurai\u201d 4R Diver preia elemente din ambele modele de patrimoniu, ad\u0103ug\u00e2nd totodat\u0103 caracteristici modernizate.<br \/>\n\u00cen ceea ce prive\u0219te dimensiunea, Shogurai este creat cu o carcas\u0103 compact\u0103 cu diametrul de 41,7 mm \u0219i un design sub\u021bire pentru o purtare confortabil\u0103. Are noi caracteristici de design ascu\u021bite, cum ar fi o fereastr\u0103 pentru dat\u0103 la ora 4.5, m\u00e2ini ascu\u021bite \u0219i o br\u0103\u021bar\u0103 de form\u0103 nou\u0103.<br \/>\n\u00cen conformitate cu standardul ISO recunoscut pentru ceasurile de scufund\u0103ri profesionale, acesta dispune de o mi\u0219care intern\u0103 4R35 cu o rezerv\u0103 de putere de 40 de ore.<br \/>\nProspex este o combina\u021bie a cuvintelor \u201eProfessional\u201d \u0219i \u201eSpecifications\u201d. Ceasurile Seiko Prospex sunt concepute pentru a fi practice, fiabile \u0219i durabile; pentru a \u00eendeplini standardele ridicate cerute \u00een medii extreme pentru iubitorii de sport \u0219i aventurieri deopotriv\u0103.<\/p>","protected":false},"excerpt":{"rendered":"<p>Continu\u00e2nd mo\u0219tenirea Seiko de inova\u021bie \u0219i evolu\u021bie a designului, Prospex prezint\u0103 un nou ceas de scafandru, dezvoltat dintr-o combina\u021bie a dou\u0103 modele populare Seiko. Poreclite de fani pentru formele lor unice ale carcasei, modelele \u201eSamurai\u201d \u0219i \u201eShogun\u201d sunt modele Seiko populare, cu forme \u0219i recunoscute instantaneu. Noul hibrid \u201eShogurai\u201d 4R Diver preia elemente din ambele [&hellip;]<\/p>\n","protected":false},"featured_media":54182,"comment_status":"closed","ping_status":"open","template":"","meta":{"_acf_changed":false},"product_brand":[],"product_cat":[20,106,588],"product_tag":[],"class_list":{"0":"post-54181","1":"product","2":"type-product","3":"status-publish","4":"has-post-thumbnail","6":"product_cat-ceasuri-barbati","7":"product_cat-ceasuri-premium","8":"product_cat-seiko","9":"pa_brand-seiko","10":"pa_braslet-silicon","11":"pa_corpus-42-mm","12":"pa_forma-rotund","13":"pa_funcii-data","14":"pa_garatia-24-luni","15":"pa_korpus-negru","16":"pa_material-otel-inoxidabil","17":"pa_mehanizm-mecanic","18":"pa_mehanizm-mecanism-automatic","19":"pa_remeshok-negru","20":"pa_steklo-hardlex-crystal","21":"pa_strana-japonia","22":"pa_voda-20-atm","24":"first","25":"instock","26":"purchasable","27":"product-type-simple"},"acf":[],"_links":{"self":[{"href":"https:\/\/ceasuri.md\/ru\/wp-json\/wp\/v2\/product\/54181","targetHints":{"allow":["GET"]}}],"collection":[{"href":"https:\/\/ceasuri.md\/ru\/wp-json\/wp\/v2\/product"}],"about":[{"href":"https:\/\/ceasuri.md\/ru\/wp-json\/wp\/v2\/types\/product"}],"replies":[{"embeddable":true,"href":"https:\/\/ceasuri.md\/ru\/wp-json\/wp\/v2\/comments?post=54181"}],"wp:featuredmedia":[{"embeddable":true,"href":"https:\/\/ceasuri.md\/ru\/wp-json\/wp\/v2\/media\/54182"}],"wp:attachment":[{"href":"https:\/\/ceasuri.md\/ru\/wp-json\/wp\/v2\/media?parent=54181"}],"wp:term":[{"taxonomy":"product_brand","embeddable":true,"href":"https:\/\/ceasuri.md\/ru\/wp-json\/wp\/v2\/product_brand?post=54181"},{"taxonomy":"product_cat","embeddable":true,"href":"https:\/\/ceasuri.md\/ru\/wp-json\/wp\/v2\/product_cat?post=54181"},{"taxonomy":"product_tag","embeddable":true,"href":"https:\/\/ceasuri.md\/ru\/wp-json\/wp\/v2\/product_tag?post=54181"}],"curies":[{"name":"wp","href":"https:\/\/api.w.org\/{rel}","templated":true}]}}