{"id":54171,"date":"2026-04-03T00:07:21","date_gmt":"2026-04-02T21:07:21","guid":{"rendered":"http:\/\/new.ceasuri.md\/shop\/uncategorized\/seiko-chronograph-ssb447p1\/"},"modified":"2026-04-20T01:35:14","modified_gmt":"2026-04-19T22:35:14","slug":"seiko-chronograph-ssb447p1","status":"publish","type":"product","link":"https:\/\/ceasuri.md\/ru\/shop\/branduri\/seiko\/seiko-chronograph-ssb447p1\/","title":{"rendered":"Ceas SEIKO CHRONOGRAPH SSB447P1"},"content":{"rendered":"<p>Seiko Quartz Chronograph SSB447P1 combin\u0103 elegan\u021ba sportiv\u0103 \u0219i func\u021bionalitatea. Carcasa sa de 43 mm din o\u021bel inoxidabil este protejat\u0103 de un cristal de safir rezistent la zg\u00e2rieturi, iar cadranul negru cu indici argintii \u0219i m\u00e2ini luminoase ofer\u0103 o lizibilitate clar\u0103. Mi\u0219carea cu cuar\u021b calibru 8T63 asigur\u0103 o cronometrare precis\u0103, \u00een timp ce func\u021bia cronograf ofer\u0103 o precizie a cronometrului de 1\/20 de secund\u0103. Un afi\u0219aj al datei la 4:30 completeaz\u0103 func\u021biile versatile ale ceasului.<br \/>\nBr\u0103\u021bara din o\u021bel inoxidabil \u0219i rezisten\u021ba la ap\u0103 de p\u00e2n\u0103 la 10 bar fac ceasul ideal at\u00e2t pentru purtarea zilnic\u0103, c\u00e2t \u0219i pentru activit\u0103\u021bile sportive. Combina\u021bia de manoper\u0103 robust\u0103 \u0219i design sportiv confer\u0103 ceasului un aspect remarcabil.<\/p>","protected":false},"excerpt":{"rendered":"<p>Seiko Quartz Chronograph SSB447P1 combin\u0103 elegan\u021ba sportiv\u0103 \u0219i func\u021bionalitatea. Carcasa sa de 43 mm din o\u021bel inoxidabil este protejat\u0103 de un cristal de safir rezistent la zg\u00e2rieturi, iar cadranul negru cu indici argintii \u0219i m\u00e2ini luminoase ofer\u0103 o lizibilitate clar\u0103. Mi\u0219carea cu cuar\u021b calibru 8T63 asigur\u0103 o cronometrare precis\u0103, \u00een timp ce func\u021bia cronograf ofer\u0103 [&hellip;]<\/p>\n","protected":false},"featured_media":54172,"comment_status":"closed","ping_status":"open","template":"","meta":{"_acf_changed":false},"product_brand":[],"product_cat":[20,588],"product_tag":[],"class_list":{"0":"post-54171","1":"product","2":"type-product","3":"status-publish","4":"has-post-thumbnail","6":"product_cat-ceasuri-barbati","7":"product_cat-seiko","8":"pa_brand-seiko","9":"pa_braslet-otel-inoxidabil","10":"pa_corpus-43-mm","11":"pa_forma-rotund","12":"pa_funcii-cronograf","13":"pa_funcii-data","14":"pa_funcii-tahimetru","15":"pa_garatia-24-luni","16":"pa_korpus-argintiu","17":"pa_kvarc-quartz","18":"pa_material-otel-inoxidabil","19":"pa_mehanizm-quartz","20":"pa_remeshok-argintiu","21":"pa_steklo-cristal-safir","22":"pa_strana-japonia","23":"pa_voda-10-atm","25":"first","26":"instock","27":"purchasable","28":"product-type-simple"},"acf":[],"_links":{"self":[{"href":"https:\/\/ceasuri.md\/ru\/wp-json\/wp\/v2\/product\/54171","targetHints":{"allow":["GET"]}}],"collection":[{"href":"https:\/\/ceasuri.md\/ru\/wp-json\/wp\/v2\/product"}],"about":[{"href":"https:\/\/ceasuri.md\/ru\/wp-json\/wp\/v2\/types\/product"}],"replies":[{"embeddable":true,"href":"https:\/\/ceasuri.md\/ru\/wp-json\/wp\/v2\/comments?post=54171"}],"wp:featuredmedia":[{"embeddable":true,"href":"https:\/\/ceasuri.md\/ru\/wp-json\/wp\/v2\/media\/54172"}],"wp:attachment":[{"href":"https:\/\/ceasuri.md\/ru\/wp-json\/wp\/v2\/media?parent=54171"}],"wp:term":[{"taxonomy":"product_brand","embeddable":true,"href":"https:\/\/ceasuri.md\/ru\/wp-json\/wp\/v2\/product_brand?post=54171"},{"taxonomy":"product_cat","embeddable":true,"href":"https:\/\/ceasuri.md\/ru\/wp-json\/wp\/v2\/product_cat?post=54171"},{"taxonomy":"product_tag","embeddable":true,"href":"https:\/\/ceasuri.md\/ru\/wp-json\/wp\/v2\/product_tag?post=54171"}],"curies":[{"name":"wp","href":"https:\/\/api.w.org\/{rel}","templated":true}]}}