{"id":54167,"date":"2026-04-03T00:07:21","date_gmt":"2026-04-02T21:07:21","guid":{"rendered":"http:\/\/new.ceasuri.md\/shop\/uncategorized\/seiko-chronograph-ssb449p1\/"},"modified":"2026-04-17T14:49:55","modified_gmt":"2026-04-17T11:49:55","slug":"seiko-chronograph-ssb449p1","status":"publish","type":"product","link":"https:\/\/ceasuri.md\/ru\/shop\/branduri\/seiko\/seiko-chronograph-ssb449p1\/","title":{"rendered":"Ceas SEIKO CHRONOGRAPH SSB449P1"},"content":{"rendered":"<p>Cronograful cu cuar\u021b Seiko SSB449P1 combin\u0103 func\u021bionalitatea sportiv\u0103 \u0219i designul robust. Carcasa din o\u021bel inoxidabil de 43 mm, cadran negru cu indici argintii \u0219i m\u00e2ini luminoase. Ac\u021bionat de o mi\u0219care de precizie cu cuar\u021b de calibru 8T63, ceasul este echipat cu o func\u021bie de cronograf \u0219i un afi\u0219aj al datei la 4:30. Luneta tahimetric\u0103 subliniaz\u0103 aspectul sportiv al ceasului.<br \/>\nCu o curea robust\u0103 din nailon \u0219i rezisten\u021b\u0103 la ap\u0103 p\u00e2n\u0103 la 10 bar, ceasul este ideal at\u00e2t pentru sport, c\u00e2t \u0219i pentru purtarea zilnic\u0103. Construc\u021bia sa robust\u0103 \u00eel face partenerul perfect.<\/p>","protected":false},"excerpt":{"rendered":"<p>Cronograful cu cuar\u021b Seiko SSB449P1 combin\u0103 func\u021bionalitatea sportiv\u0103 \u0219i designul robust. Carcasa din o\u021bel inoxidabil de 43 mm, cadran negru cu indici argintii \u0219i m\u00e2ini luminoase. Ac\u021bionat de o mi\u0219care de precizie cu cuar\u021b de calibru 8T63, ceasul este echipat cu o func\u021bie de cronograf \u0219i un afi\u0219aj al datei la 4:30. Luneta tahimetric\u0103 subliniaz\u0103 [&hellip;]<\/p>\n","protected":false},"featured_media":54168,"comment_status":"closed","ping_status":"open","template":"","meta":{"_acf_changed":false},"product_brand":[],"product_cat":[20,588],"product_tag":[],"class_list":{"0":"post-54167","1":"product","2":"type-product","3":"status-publish","4":"has-post-thumbnail","6":"product_cat-ceasuri-barbati","7":"product_cat-seiko","8":"pa_brand-seiko","9":"pa_braslet-neilon","10":"pa_corpus-43-mm","11":"pa_forma-rotund","12":"pa_funcii-cronograf","13":"pa_funcii-data","14":"pa_funcii-tahimetru","15":"pa_garatia-24-luni","16":"pa_korpus-argintiu","17":"pa_kvarc-quartz","18":"pa_material-otel-inoxidabil","19":"pa_mehanizm-quartz","20":"pa_remeshok-negru","21":"pa_steklo-cristal-safir","22":"pa_strana-japonia","23":"pa_voda-10-atm","25":"first","26":"instock","27":"purchasable","28":"product-type-simple"},"acf":[],"_links":{"self":[{"href":"https:\/\/ceasuri.md\/ru\/wp-json\/wp\/v2\/product\/54167","targetHints":{"allow":["GET"]}}],"collection":[{"href":"https:\/\/ceasuri.md\/ru\/wp-json\/wp\/v2\/product"}],"about":[{"href":"https:\/\/ceasuri.md\/ru\/wp-json\/wp\/v2\/types\/product"}],"replies":[{"embeddable":true,"href":"https:\/\/ceasuri.md\/ru\/wp-json\/wp\/v2\/comments?post=54167"}],"wp:featuredmedia":[{"embeddable":true,"href":"https:\/\/ceasuri.md\/ru\/wp-json\/wp\/v2\/media\/54168"}],"wp:attachment":[{"href":"https:\/\/ceasuri.md\/ru\/wp-json\/wp\/v2\/media?parent=54167"}],"wp:term":[{"taxonomy":"product_brand","embeddable":true,"href":"https:\/\/ceasuri.md\/ru\/wp-json\/wp\/v2\/product_brand?post=54167"},{"taxonomy":"product_cat","embeddable":true,"href":"https:\/\/ceasuri.md\/ru\/wp-json\/wp\/v2\/product_cat?post=54167"},{"taxonomy":"product_tag","embeddable":true,"href":"https:\/\/ceasuri.md\/ru\/wp-json\/wp\/v2\/product_tag?post=54167"}],"curies":[{"name":"wp","href":"https:\/\/api.w.org\/{rel}","templated":true}]}}