{"id":54163,"date":"2026-04-03T00:07:21","date_gmt":"2026-04-02T21:07:21","guid":{"rendered":"http:\/\/new.ceasuri.md\/shop\/uncategorized\/seiko-chronograph-ssb451p1\/"},"modified":"2026-04-07T04:47:32","modified_gmt":"2026-04-07T01:47:32","slug":"seiko-chronograph-ssb451p1","status":"publish","type":"product","link":"https:\/\/ceasuri.md\/ru\/shop\/branduri\/seiko\/seiko-chronograph-ssb451p1\/","title":{"rendered":"Ceas SEIKO CHRONOGRAPH SSB451P1"},"content":{"rendered":"<p>Ceasul cu cuar\u021b Seiko CHRONOGRAPH impresioneaz\u0103 prin designul s\u0103u elegant realizat \u00een \u00eentregime din o\u021bel inoxidabil. Acest aspect atemporal confer\u0103 ceasului un rafinament deosebit.<br \/>\nCadranul g\u0103zduie\u0219te cele trei contoare tipice de cronograf \u0219i este \u00eenconjurat de un luneta tahimetric\u0103. Aceste elemente func\u021bionale nu ofer\u0103 doar farmec sportiv, ci \u0219i capacit\u0103\u021bi precise de m\u0103surare.<br \/>\nCeasul nu este doar un accesoriu elegant, ci \u0219i extrem de durabil. Cristalul de safir protejeaz\u0103 cadranul de zg\u00e2rieturi, \u00een timp ce fundul cu \u0219urub al carcasei \u0219i rezisten\u021ba la ap\u0103 p\u00e2n\u0103 la 100 de metri ofer\u0103 durabilitate suplimentar\u0103.<br \/>\nSeiko CHRONOGRAPH nu este doar un ceas, ci un companion func\u021bional pentru iubitorii de cronografe.<\/p>","protected":false},"excerpt":{"rendered":"<p>Ceasul cu cuar\u021b Seiko CHRONOGRAPH impresioneaz\u0103 prin designul s\u0103u elegant realizat \u00een \u00eentregime din o\u021bel inoxidabil. Acest aspect atemporal confer\u0103 ceasului un rafinament deosebit. Cadranul g\u0103zduie\u0219te cele trei contoare tipice de cronograf \u0219i este \u00eenconjurat de un luneta tahimetric\u0103. Aceste elemente func\u021bionale nu ofer\u0103 doar farmec sportiv, ci \u0219i capacit\u0103\u021bi precise de m\u0103surare. Ceasul nu [&hellip;]<\/p>\n","protected":false},"featured_media":54164,"comment_status":"closed","ping_status":"open","template":"","meta":{"_acf_changed":false},"product_brand":[],"product_cat":[20,588],"product_tag":[],"class_list":{"0":"post-54163","1":"product","2":"type-product","3":"status-publish","4":"has-post-thumbnail","6":"product_cat-ceasuri-barbati","7":"product_cat-seiko","8":"pa_brand-seiko","9":"pa_braslet-otel-inoxidabil","10":"pa_corpus-40-mm","11":"pa_forma-rotund","12":"pa_funcii-cronograf","13":"pa_funcii-data","14":"pa_garatia-24-luni","15":"pa_korpus-argintiu","16":"pa_material-otel-inoxidabil","17":"pa_mehanizm-quartz","18":"pa_remeshok-argintiu","19":"pa_steklo-cristal-safir","20":"pa_strana-japonia","21":"pa_voda-10-atm","23":"first","24":"instock","25":"purchasable","26":"product-type-simple"},"acf":[],"_links":{"self":[{"href":"https:\/\/ceasuri.md\/ru\/wp-json\/wp\/v2\/product\/54163","targetHints":{"allow":["GET"]}}],"collection":[{"href":"https:\/\/ceasuri.md\/ru\/wp-json\/wp\/v2\/product"}],"about":[{"href":"https:\/\/ceasuri.md\/ru\/wp-json\/wp\/v2\/types\/product"}],"replies":[{"embeddable":true,"href":"https:\/\/ceasuri.md\/ru\/wp-json\/wp\/v2\/comments?post=54163"}],"wp:featuredmedia":[{"embeddable":true,"href":"https:\/\/ceasuri.md\/ru\/wp-json\/wp\/v2\/media\/54164"}],"wp:attachment":[{"href":"https:\/\/ceasuri.md\/ru\/wp-json\/wp\/v2\/media?parent=54163"}],"wp:term":[{"taxonomy":"product_brand","embeddable":true,"href":"https:\/\/ceasuri.md\/ru\/wp-json\/wp\/v2\/product_brand?post=54163"},{"taxonomy":"product_cat","embeddable":true,"href":"https:\/\/ceasuri.md\/ru\/wp-json\/wp\/v2\/product_cat?post=54163"},{"taxonomy":"product_tag","embeddable":true,"href":"https:\/\/ceasuri.md\/ru\/wp-json\/wp\/v2\/product_tag?post=54163"}],"curies":[{"name":"wp","href":"https:\/\/api.w.org\/{rel}","templated":true}]}}