{"id":54150,"date":"2026-04-03T00:07:21","date_gmt":"2026-04-02T21:07:21","guid":{"rendered":"http:\/\/new.ceasuri.md\/shop\/uncategorized\/seiko-prospex-speedtimer-solar-ssc923p1\/"},"modified":"2026-04-15T20:46:37","modified_gmt":"2026-04-15T17:46:37","slug":"seiko-prospex-speedtimer-solar-ssc923p1","status":"publish","type":"product","link":"https:\/\/ceasuri.md\/ru\/shop\/branduri\/seiko\/seiko-prospex-speedtimer-solar-ssc923p1\/","title":{"rendered":"Ceas SEIKO PROSPEX SPEEDTIMER SOLAR SSC923P1"},"content":{"rendered":"<p>Cronograf solar Prospex Speedtimer. Conceput pentru cei care trateaz\u0103 via\u021ba ca pe o aventur\u0103 suprem\u0103, Seiko Prospex continu\u0103 s\u0103 mearg\u0103 \u00eenainte, f\u0103c\u00e2nd fa\u021b\u0103 fiec\u0103rei provoc\u0103ri cu excelen\u021b\u0103 tehnologic\u0103 \u0219i design c\u00e2\u0219tig\u0103tor. Acest ceas spectaculos face parte dintr-o colec\u021bie de mare intensitate inspirat\u0103 de \u201eSpeedtimer\u201d din 1969, primul cronograf automat din lume, extinz\u00e2ndu-l la Black Series. Dispun\u00e2nd de \u201eGreen LumiBrite Pro\u201d de la Seiko, dezvoltat prin combinarea culorii celei mai recunoscute \u00een \u00eentuneric cu o luminozitate mai mare \u0219i o str\u0103lucire ulterioar\u0103 mai lung\u0103, acest ceas extraordinar ofer\u0103 o experien\u021b\u0103 de \u201evedere pe timp de noapte\u201d pentru vizibilitate \u00een \u00eentuneric, asem\u0103n\u0103toare cu cea v\u0103zut\u0103 printr-o lunet\u0103. Func\u021bia de cronograf m\u0103soar\u0103 p\u00e2n\u0103 la 60 de minute de timp scurs \u00een trepte de 1\/5 de secund\u0103 \u0219i include o func\u021bie de timp frac\u021bionat, \u00een timp ce celula solar\u0103, alimentat\u0103 de orice surs\u0103 de lumin\u0103, f\u0103r\u0103 a fi necesar\u0103 schimbarea bateriei, ofer\u0103 o rezerv\u0103 de putere de 6 luni atunci c\u00e2nd este complet \u00eenc\u0103rcat\u0103. Cadranul gri \u00eenchis are 3 subcadrane negre \u0219i include un indicator de 24 de ore \u0219i un indicator al rezervei de energie, precum \u0219i un calendar cu dat\u0103 \u0219i m\u00e2ini \u0219i indicatoare LumiBrite verzi. Fabricat din o\u021bel inoxidabil cu acoperire dur\u0103 neagr\u0103, asociat cu o curea neagr\u0103 combinat\u0103 din nailon\/piele, acesta include, de asemenea, un cristal de safir curbat antireflex, un luneta tahimetric\u0103 neagr\u0103 \u0219i un capac cu \u0219urub securizat. Rezistent la ap\u0103 10 bar, 100M.<\/p>","protected":false},"excerpt":{"rendered":"<p>Cronograf solar Prospex Speedtimer. Conceput pentru cei care trateaz\u0103 via\u021ba ca pe o aventur\u0103 suprem\u0103, Seiko Prospex continu\u0103 s\u0103 mearg\u0103 \u00eenainte, f\u0103c\u00e2nd fa\u021b\u0103 fiec\u0103rei provoc\u0103ri cu excelen\u021b\u0103 tehnologic\u0103 \u0219i design c\u00e2\u0219tig\u0103tor. Acest ceas spectaculos face parte dintr-o colec\u021bie de mare intensitate inspirat\u0103 de \u201eSpeedtimer\u201d din 1969, primul cronograf automat din lume, extinz\u00e2ndu-l la Black Series. [&hellip;]<\/p>\n","protected":false},"featured_media":54151,"comment_status":"closed","ping_status":"open","template":"","meta":{"_acf_changed":false},"product_brand":[],"product_cat":[20,588],"product_tag":[],"class_list":{"0":"post-54150","1":"product","2":"type-product","3":"status-publish","4":"has-post-thumbnail","6":"product_cat-ceasuri-barbati","7":"product_cat-seiko","8":"pa_brand-seiko","9":"pa_braslet-neilon","10":"pa_braslet-piele","11":"pa_corpus-41-mm","12":"pa_forma-rotund","13":"pa_funcii-cronograf","14":"pa_funcii-data","15":"pa_funcii-rezerva-de-energie","16":"pa_funcii-tahimetru","17":"pa_garatia-24-luni","18":"pa_korpus-negru","19":"pa_kvarc-quartz","20":"pa_material-otel-inoxidabil","21":"pa_mehanizm-baterie-solara","22":"pa_mehanizm-quartz","23":"pa_remeshok-negru","24":"pa_steklo-cristal-safir","25":"pa_strana-japonia","26":"pa_voda-10-atm","28":"first","29":"instock","30":"purchasable","31":"product-type-simple"},"acf":[],"_links":{"self":[{"href":"https:\/\/ceasuri.md\/ru\/wp-json\/wp\/v2\/product\/54150","targetHints":{"allow":["GET"]}}],"collection":[{"href":"https:\/\/ceasuri.md\/ru\/wp-json\/wp\/v2\/product"}],"about":[{"href":"https:\/\/ceasuri.md\/ru\/wp-json\/wp\/v2\/types\/product"}],"replies":[{"embeddable":true,"href":"https:\/\/ceasuri.md\/ru\/wp-json\/wp\/v2\/comments?post=54150"}],"wp:featuredmedia":[{"embeddable":true,"href":"https:\/\/ceasuri.md\/ru\/wp-json\/wp\/v2\/media\/54151"}],"wp:attachment":[{"href":"https:\/\/ceasuri.md\/ru\/wp-json\/wp\/v2\/media?parent=54150"}],"wp:term":[{"taxonomy":"product_brand","embeddable":true,"href":"https:\/\/ceasuri.md\/ru\/wp-json\/wp\/v2\/product_brand?post=54150"},{"taxonomy":"product_cat","embeddable":true,"href":"https:\/\/ceasuri.md\/ru\/wp-json\/wp\/v2\/product_cat?post=54150"},{"taxonomy":"product_tag","embeddable":true,"href":"https:\/\/ceasuri.md\/ru\/wp-json\/wp\/v2\/product_tag?post=54150"}],"curies":[{"name":"wp","href":"https:\/\/api.w.org\/{rel}","templated":true}]}}