{"id":54140,"date":"2026-04-03T00:07:21","date_gmt":"2026-04-02T21:07:21","guid":{"rendered":"http:\/\/new.ceasuri.md\/shop\/uncategorized\/seiko-prospex-speedtimer-solar-ssc941p1\/"},"modified":"2026-04-20T01:35:20","modified_gmt":"2026-04-19T22:35:20","slug":"seiko-prospex-speedtimer-solar-ssc941p1","status":"publish","type":"product","link":"https:\/\/ceasuri.md\/ru\/shop\/branduri\/seiko\/seiko-prospex-speedtimer-solar-ssc941p1\/","title":{"rendered":"\u0427\u0430\u0441\u044b SEIKO PROSPEX SPEEDTIMER SOLAR SSC941P1"},"content":{"rendered":"<p>Introdus \u00een 1969, Seiko Speedtimer a fost o piatr\u0103 de hotar major\u0103 \u00een inova\u021bia cronografului \u0219i a marcat \u00eenceputul unui deceniu important al Speedtimerului \u00een perioada sa de glorie. Anii &#8217;70 au fost renumi\u021bi pentru multe lucruri: mod\u0103, muzic\u0103, dar \u0219i motorsport. Proiectat sub tema \u201eSporturi cu motor clasice\u201d, Speedtimer-ul \u201eCircuit Race\u201d este inspirat de cursele de circuit de epoc\u0103 &#8211; c\u00e2nd ma\u0219inile se \u00eentreceau cu o vitez\u0103 \u0219i o emo\u021bie extraordinare.<br \/>\n\u00cencadrat \u00eentr-un luneta din aluminiu negru cu placare aurie \u0219i o sticl\u0103 din cristal de safir, acest cronograf are un cadran negru, cu m\u00e2ini pentru ore \u0219i minute care seam\u0103n\u0103 cu Speedtimer-ul original din 1969. Cu 12 puncte de Lumibrite, acest ceas este conceput pentru a fi lizibil \u00een condi\u021bii de \u00eentuneric. Cu o scar\u0103 a secundelor de cronograf \u00een jurul inelului cadranului, aceast\u0103 pies\u0103 are, de asemenea, un tahimetru pe luneta pentru m\u0103surarea vitezei &#8211; un element iconic al Seiko Speedtimer original.<br \/>\nDispun\u00e2nd de un V192 alimentat cu energie solar\u0103, acest cronograf Speedtimer are o precizie de +\/- 15 secunde pe lun\u0103, men\u021bin\u00e2nd \u00een acela\u0219i timp o \u00eenc\u0103rcare complet\u0103 de 6 luni.<\/p>","protected":false},"excerpt":{"rendered":"<p>Introdus \u00een 1969, Seiko Speedtimer a fost o piatr\u0103 de hotar major\u0103 \u00een inova\u021bia cronografului \u0219i a marcat \u00eenceputul unui deceniu important al Speedtimerului \u00een perioada sa de glorie. Anii &#8217;70 au fost renumi\u021bi pentru multe lucruri: mod\u0103, muzic\u0103, dar \u0219i motorsport. Proiectat sub tema \u201eSporturi cu motor clasice\u201d, Speedtimer-ul \u201eCircuit Race\u201d este inspirat de [&hellip;]<\/p>\n","protected":false},"featured_media":54141,"comment_status":"closed","ping_status":"open","template":"","meta":{"_acf_changed":false},"product_brand":[],"product_cat":[20,588],"product_tag":[],"class_list":{"0":"post-54140","1":"product","2":"type-product","3":"status-publish","4":"has-post-thumbnail","6":"product_cat-ceasuri-barbati","7":"product_cat-seiko","8":"pa_brand-seiko","9":"pa_braslet-otel-inoxidabil","10":"pa_corpus-41-mm","11":"pa_forma-rotund","12":"pa_funcii-cronograf","13":"pa_funcii-data","14":"pa_funcii-rezerva-de-energie","15":"pa_funcii-tahimetru","16":"pa_garatia-24-luni","17":"pa_korpus-argintiu","18":"pa_korpus-auriu","19":"pa_korpus-negru","20":"pa_kvarc-quartz","21":"pa_material-otel-inoxidabil","22":"pa_mehanizm-baterie-solara","23":"pa_mehanizm-quartz","24":"pa_remeshok-argintiu","25":"pa_steklo-cristal-safir","26":"pa_strana-japonia","27":"pa_voda-10-atm","29":"first","30":"instock","31":"purchasable","32":"product-type-simple"},"acf":[],"_links":{"self":[{"href":"https:\/\/ceasuri.md\/ru\/wp-json\/wp\/v2\/product\/54140","targetHints":{"allow":["GET"]}}],"collection":[{"href":"https:\/\/ceasuri.md\/ru\/wp-json\/wp\/v2\/product"}],"about":[{"href":"https:\/\/ceasuri.md\/ru\/wp-json\/wp\/v2\/types\/product"}],"replies":[{"embeddable":true,"href":"https:\/\/ceasuri.md\/ru\/wp-json\/wp\/v2\/comments?post=54140"}],"wp:featuredmedia":[{"embeddable":true,"href":"https:\/\/ceasuri.md\/ru\/wp-json\/wp\/v2\/media\/54141"}],"wp:attachment":[{"href":"https:\/\/ceasuri.md\/ru\/wp-json\/wp\/v2\/media?parent=54140"}],"wp:term":[{"taxonomy":"product_brand","embeddable":true,"href":"https:\/\/ceasuri.md\/ru\/wp-json\/wp\/v2\/product_brand?post=54140"},{"taxonomy":"product_cat","embeddable":true,"href":"https:\/\/ceasuri.md\/ru\/wp-json\/wp\/v2\/product_cat?post=54140"},{"taxonomy":"product_tag","embeddable":true,"href":"https:\/\/ceasuri.md\/ru\/wp-json\/wp\/v2\/product_tag?post=54140"}],"curies":[{"name":"wp","href":"https:\/\/api.w.org\/{rel}","templated":true}]}}