{"id":54135,"date":"2026-04-03T00:07:21","date_gmt":"2026-04-02T21:07:21","guid":{"rendered":"http:\/\/new.ceasuri.md\/shop\/uncategorized\/seiko-prospex-speedtimer-solar-ssc943p1\/"},"modified":"2026-04-07T04:47:27","modified_gmt":"2026-04-07T01:47:27","slug":"seiko-prospex-speedtimer-solar-ssc943p1","status":"publish","type":"product","link":"https:\/\/ceasuri.md\/ru\/shop\/branduri\/seiko\/seiko-prospex-speedtimer-solar-ssc943p1\/","title":{"rendered":"Ceas SEIKO PROSPEX SPEEDTIMER SOLAR SSC943P1"},"content":{"rendered":"<p>Introdus \u00een 1969, Seiko Speedtimer a fost o piatr\u0103 de hotar major\u0103 \u00een inova\u021bia cronografului \u0219i a marcat \u00eenceputul unui deceniu important al Speedtimerului \u00een perioada sa de glorie. Anii &#8217;70 au fost renumi\u021bi pentru multe lucruri: mod\u0103, muzic\u0103, dar \u0219i motorsport. Proiectat sub tema \u201eSporturi cu motor clasice\u201d, Speedtimer-ul \u201eRacing Sports\u201d este inspirat de ma\u0219inile sport u\u0219oare din trecut.<br \/>\n\u00cenchis \u00eentr-un luneta clasic din aluminiu verde \u00eenchis \u0219i sticl\u0103 din cristal de safir, acest cronograf are un cadran de culoare champagne, cu m\u00e2ini pentru ore \u0219i minute care seam\u0103n\u0103 cu Speedtimer-ul original din 1969. Cu 12 puncte de Lumibrite, acest ceas este conceput pentru a fi lizibil \u00een condi\u021bii \u00eentunecate. Cu o scar\u0103 a secundelor de cronograf \u00een jurul inelului cadranului, aceast\u0103 pies\u0103 are, de asemenea, un tahimetru pe luneta pentru m\u0103surarea vitezei &#8211; un element iconic al Seiko Speedtimer.<br \/>\nAcest Solar Speedtimer vine cu o curea din piele de vi\u021bel neagr\u0103 perforat\u0103 &#8211; o premier\u0103 pentru un Seiko Speedtimer.<br \/>\nDispun\u00e2nd de un V192 alimentat cu energie solar\u0103, acest cronograf Speedtimer are o precizie de +\/- 15 secunde pe lun\u0103, men\u021bin\u00e2nd \u00een acela\u0219i timp o \u00eenc\u0103rcare complet\u0103 de 6 luni.<\/p>","protected":false},"excerpt":{"rendered":"<p>Introdus \u00een 1969, Seiko Speedtimer a fost o piatr\u0103 de hotar major\u0103 \u00een inova\u021bia cronografului \u0219i a marcat \u00eenceputul unui deceniu important al Speedtimerului \u00een perioada sa de glorie. Anii &#8217;70 au fost renumi\u021bi pentru multe lucruri: mod\u0103, muzic\u0103, dar \u0219i motorsport. Proiectat sub tema \u201eSporturi cu motor clasice\u201d, Speedtimer-ul \u201eRacing Sports\u201d este inspirat de [&hellip;]<\/p>\n","protected":false},"featured_media":54136,"comment_status":"closed","ping_status":"open","template":"","meta":{"_acf_changed":false},"product_brand":[],"product_cat":[20,588],"product_tag":[],"class_list":{"0":"post-54135","1":"product","2":"type-product","3":"status-publish","4":"has-post-thumbnail","6":"product_cat-ceasuri-barbati","7":"product_cat-seiko","8":"pa_brand-seiko","9":"pa_braslet-piele","10":"pa_corpus-41-mm","11":"pa_forma-rotund","12":"pa_funcii-cronograf","13":"pa_funcii-data","14":"pa_funcii-rezerva-de-energie","15":"pa_funcii-tahimetru","16":"pa_garatia-24-luni","17":"pa_korpus-argintiu","18":"pa_korpus-verde","19":"pa_material-otel-inoxidabil","20":"pa_mehanizm-baterie-solara","21":"pa_mehanizm-quartz","22":"pa_remeshok-negru","23":"pa_steklo-cristal-safir","24":"pa_strana-japonia","25":"pa_voda-10-atm","27":"first","28":"instock","29":"purchasable","30":"product-type-simple"},"acf":[],"_links":{"self":[{"href":"https:\/\/ceasuri.md\/ru\/wp-json\/wp\/v2\/product\/54135","targetHints":{"allow":["GET"]}}],"collection":[{"href":"https:\/\/ceasuri.md\/ru\/wp-json\/wp\/v2\/product"}],"about":[{"href":"https:\/\/ceasuri.md\/ru\/wp-json\/wp\/v2\/types\/product"}],"replies":[{"embeddable":true,"href":"https:\/\/ceasuri.md\/ru\/wp-json\/wp\/v2\/comments?post=54135"}],"wp:featuredmedia":[{"embeddable":true,"href":"https:\/\/ceasuri.md\/ru\/wp-json\/wp\/v2\/media\/54136"}],"wp:attachment":[{"href":"https:\/\/ceasuri.md\/ru\/wp-json\/wp\/v2\/media?parent=54135"}],"wp:term":[{"taxonomy":"product_brand","embeddable":true,"href":"https:\/\/ceasuri.md\/ru\/wp-json\/wp\/v2\/product_brand?post=54135"},{"taxonomy":"product_cat","embeddable":true,"href":"https:\/\/ceasuri.md\/ru\/wp-json\/wp\/v2\/product_cat?post=54135"},{"taxonomy":"product_tag","embeddable":true,"href":"https:\/\/ceasuri.md\/ru\/wp-json\/wp\/v2\/product_tag?post=54135"}],"curies":[{"name":"wp","href":"https:\/\/api.w.org\/{rel}","templated":true}]}}