{"id":54127,"date":"2026-04-03T00:07:21","date_gmt":"2026-04-02T21:07:21","guid":{"rendered":"http:\/\/new.ceasuri.md\/shop\/uncategorized\/seiko-astron-ssh145j1\/"},"modified":"2026-04-15T20:46:28","modified_gmt":"2026-04-15T17:46:28","slug":"seiko-astron-ssh145j1","status":"publish","type":"product","link":"https:\/\/ceasuri.md\/ru\/shop\/branduri\/seiko\/seiko-astron-ssh145j1\/","title":{"rendered":"Ceas SEIKO ASTRON SSH145J1"},"content":{"rendered":"<p>Seiko Astron este un ceas uimitor care aduce tehnologia de ultim\u0103 or\u0103 \u00eempreun\u0103 cu designul \u0219i un nivel de calitate incredibil de ridicat. Imbin\u0103 perfect func\u021bionalitatea GPS avansat\u0103, energia solar\u0103 \u0219i elegan\u021ba atemporal\u0103 Seiko.<br \/>\nPentru \u00eenceput, ceasul are cea mai recent\u0103 mi\u0219care intern\u0103 Seiko Cal. 5X53. Aceast\u0103 mi\u0219care se conecteaz\u0103 la sateli\u021bii GPS, astfel \u00eenc\u00e2t se ajusteaz\u0103 automat la fusul orar local, asigur\u00e2ndu-v\u0103 c\u0103 sunte\u021bi \u00eentotdeauna \u00een sincronizare cu lumea, indiferent de loca\u021bia dvs.<br \/>\nAlimentarea este realizat\u0103 de celulele solare integrate, care pot \u00eenc\u0103rca ceasul p\u00e2n\u0103 la 6 luni cu o \u00eenc\u0103rcare complet\u0103.<br \/>\nDesigur, mi\u0219carea are o multitudine de caracteristici, cum ar fi un calendar perpetuu p\u00e2n\u0103 \u00een 2100, un indicator al rezervei de energie, ora mondial\u0103 (39 de fusuri orare), dou\u0103 fusuri orare, alinierea automat\u0103 a m\u00e2inilor \u0219i o func\u021bie de economisire a energiei.<br \/>\nA pune toate aceste caracteristici \u00eentr-un ceas este un lucru, dar s\u0103-l faci s\u0103 arate bine \u0219i confortabil este o alt\u0103 provocare, iar Seiko a reu\u0219it cu siguran\u021b\u0103, combin\u00e2nd la notch materiale \u0219i design excelent. Pentru \u00eenceput, ceasul este fabricat din titan, ceea ce asigur\u0103 c\u0103 ceasul nu este prea greu (105 grame cu toate verigile) \u0219i confer\u0103 ceasului aspectul tipic de titan. Carcasa \u0219i br\u0103\u021bara au o acoperire neagr\u0103 durabil\u0103.<br \/>\nCarcasa are un diametru modest de 42,7 mm \u0219i o grosime de 12,2 mm, care ambele asigur\u0103 o experien\u021b\u0103 de purtare foarte confortabil\u0103, \u00een ciuda ambal\u0103rii at\u00e2t de multe caracteristici sub capac. Cadranul superb are un model unic de asfalt \u0219i este, desigur, protejat de sticl\u0103 de safir, care are un strat cu adev\u0103rat Super-clear, care face s\u0103 par\u0103 c\u0103 sticla nu este acolo \u0219i v\u0103 permite o vedere clar\u0103 a ad\u00e2ncimii minunate a cadranului.<br \/>\nSSH145J1 are un amestec unic de stiluri \u0219i este limitat la doar 1200 de piese \u00een \u00eentreaga lume.<br \/>\nDisponibil N 0042, 1123 din cele 1200 de exemplare.<\/p>","protected":false},"excerpt":{"rendered":"<p>Seiko Astron este un ceas uimitor care aduce tehnologia de ultim\u0103 or\u0103 \u00eempreun\u0103 cu designul \u0219i un nivel de calitate incredibil de ridicat. Imbin\u0103 perfect func\u021bionalitatea GPS avansat\u0103, energia solar\u0103 \u0219i elegan\u021ba atemporal\u0103 Seiko. Pentru \u00eenceput, ceasul are cea mai recent\u0103 mi\u0219care intern\u0103 Seiko Cal. 5X53. Aceast\u0103 mi\u0219care se conecteaz\u0103 la sateli\u021bii GPS, astfel \u00eenc\u00e2t [&hellip;]<\/p>\n","protected":false},"featured_media":54128,"comment_status":"closed","ping_status":"open","template":"","meta":{"_acf_changed":false},"product_brand":[],"product_cat":[20,106,205,588],"product_tag":[],"class_list":{"0":"post-54127","1":"product","2":"type-product","3":"status-publish","4":"has-post-thumbnail","6":"product_cat-ceasuri-barbati","7":"product_cat-ceasuri-premium","8":"product_cat-limited-edition","9":"product_cat-seiko","10":"pa_brand-seiko","11":"pa_braslet-titan","12":"pa_corpus-43-mm","13":"pa_forma-rotund","14":"pa_funcii-calendarul-etern","15":"pa_funcii-data","16":"pa_funcii-dual-time","17":"pa_funcii-gps","18":"pa_funcii-limited-edition","19":"pa_funcii-rezerva-de-energie","20":"pa_funcii-timp-mondial","21":"pa_funcii-ziua-saptamanii","22":"pa_garatia-24-luni","23":"pa_korpus-negru","24":"pa_kvarc-quartz","25":"pa_material-titan","26":"pa_mehanizm-baterie-solara","27":"pa_mehanizm-quartz","28":"pa_remeshok-negru","29":"pa_steklo-cristal-safir","30":"pa_strana-japonia","31":"pa_voda-10-atm","33":"first","34":"instock","35":"purchasable","36":"product-type-simple"},"acf":[],"_links":{"self":[{"href":"https:\/\/ceasuri.md\/ru\/wp-json\/wp\/v2\/product\/54127","targetHints":{"allow":["GET"]}}],"collection":[{"href":"https:\/\/ceasuri.md\/ru\/wp-json\/wp\/v2\/product"}],"about":[{"href":"https:\/\/ceasuri.md\/ru\/wp-json\/wp\/v2\/types\/product"}],"replies":[{"embeddable":true,"href":"https:\/\/ceasuri.md\/ru\/wp-json\/wp\/v2\/comments?post=54127"}],"wp:featuredmedia":[{"embeddable":true,"href":"https:\/\/ceasuri.md\/ru\/wp-json\/wp\/v2\/media\/54128"}],"wp:attachment":[{"href":"https:\/\/ceasuri.md\/ru\/wp-json\/wp\/v2\/media?parent=54127"}],"wp:term":[{"taxonomy":"product_brand","embeddable":true,"href":"https:\/\/ceasuri.md\/ru\/wp-json\/wp\/v2\/product_brand?post=54127"},{"taxonomy":"product_cat","embeddable":true,"href":"https:\/\/ceasuri.md\/ru\/wp-json\/wp\/v2\/product_cat?post=54127"},{"taxonomy":"product_tag","embeddable":true,"href":"https:\/\/ceasuri.md\/ru\/wp-json\/wp\/v2\/product_tag?post=54127"}],"curies":[{"name":"wp","href":"https:\/\/api.w.org\/{rel}","templated":true}]}}