{"id":54120,"date":"2026-04-03T00:06:46","date_gmt":"2026-04-02T21:06:46","guid":{"rendered":"http:\/\/new.ceasuri.md\/shop\/uncategorized\/seiko-astron-ssj021j1\/"},"modified":"2026-04-20T01:35:23","modified_gmt":"2026-04-19T22:35:23","slug":"seiko-astron-ssj021j1","status":"publish","type":"product","link":"https:\/\/ceasuri.md\/ru\/shop\/branduri\/seiko\/seiko-astron-ssj021j1\/","title":{"rendered":"\u0427\u0430\u0441\u044b SEIKO ASTRON SSJ021J1"},"content":{"rendered":"<p>Seiko Astron SSJ021J1 este un ceas uimitor care aduce tehnologia de ultim\u0103 or\u0103 \u00eempreun\u0103 cu designul \u0219i un nivel de calitate incredibil de ridicat. Acest ceas reprezint\u0103 un far de fiabilitate \u0219i stil. \u00cembin\u0103 perfect func\u021bionalitatea GPS avansat\u0103, energia solar\u0103 \u0219i elegan\u021ba atemporal\u0103 Seiko.<br \/>\nPentru \u00eenceput, ceasul are cea mai recent\u0103 mi\u0219care intern\u0103 Seiko Cal. 3X62. Aceast\u0103 mi\u0219care se conecteaz\u0103 la sateli\u021bii GPS, astfel \u00eenc\u00e2t se ajusteaz\u0103 automat la fusul orar local, asigur\u00e2ndu-v\u0103 c\u0103 sunte\u021bi \u00eentotdeauna \u00een sincronizare cu lumea, indiferent de loca\u021bia dumneavoastr\u0103. Alimentarea este realizat\u0103 de celulele solare integrate, care pot \u00eenc\u0103rca ceasul p\u00e2n\u0103 la 6 luni cu o \u00eenc\u0103rcare complet\u0103. Desigur, mi\u0219carea are o multitudine de caracteristici, cum ar fi un calendar perpetuu p\u00e2n\u0103 \u00een 2100, un indicator al rezervei de energie, modul avion, alinierea automat\u0103 a m\u00e2inilor \u0219i o func\u021bie de economisire a energiei.<br \/>\nA pune toate aceste caracteristici \u00eentr-un ceas este un lucru, dar pentru a face s\u0103 arate bine \u0219i confortabil este o alt\u0103 provocare \u0219i Seiko a reu\u0219it cu siguran\u021b\u0103, prin combinarea la notch materiale \u0219i design excelent. Pentru \u00eenceput, ceasul este fabricat din titan, ceea ce asigur\u0103 c\u0103 ceasul nu este prea greu (110 grame cu toate leg\u0103turile), iar carcasa \u0219i br\u0103\u021bara au o acoperire neagr\u0103 durabil\u0103. Cazul are un diametru modest de 41,2 mm \u0219i o grosime de 12 mm, care ambele asigur\u0103 o experien\u021b\u0103 de purtare foarte confortabil\u0103, \u00een ciuda ambal\u0103rii at\u00e2t de multe caracteristici sub capac. Cadranul superb \u00eei confer\u0103 un aspect foarte sofisticat, care este completat de luneta octogonal\u0103, fa\u021betat\u0103. Acest cadran este, desigur, protejat de sticl\u0103 de safir, care are un strat cu adev\u0103rat Super-clear, care face s\u0103 par\u0103 c\u0103 sticla nu este acolo \u0219i v\u0103 permite o vedere clar\u0103 a ad\u00e2ncimii minunate a cadranului.<br \/>\nAcest SSJ021J1 are 1 mare dezavantaj: este limitat la doar 1200 de piese!<br \/>\nDisponibil N 0903, 0905 din cele 1200 de exemplare.<\/p>","protected":false},"excerpt":{"rendered":"<p>Seiko Astron SSJ021J1 este un ceas uimitor care aduce tehnologia de ultim\u0103 or\u0103 \u00eempreun\u0103 cu designul \u0219i un nivel de calitate incredibil de ridicat. Acest ceas reprezint\u0103 un far de fiabilitate \u0219i stil. \u00cembin\u0103 perfect func\u021bionalitatea GPS avansat\u0103, energia solar\u0103 \u0219i elegan\u021ba atemporal\u0103 Seiko. Pentru \u00eenceput, ceasul are cea mai recent\u0103 mi\u0219care intern\u0103 Seiko Cal. [&hellip;]<\/p>\n","protected":false},"featured_media":54121,"comment_status":"closed","ping_status":"open","template":"","meta":{"_acf_changed":false},"product_brand":[],"product_cat":[20,106,205,588],"product_tag":[],"class_list":{"0":"post-54120","1":"product","2":"type-product","3":"status-publish","4":"has-post-thumbnail","6":"product_cat-ceasuri-barbati","7":"product_cat-ceasuri-premium","8":"product_cat-limited-edition","9":"product_cat-seiko","10":"pa_brand-seiko","11":"pa_braslet-titan","12":"pa_corpus-41-mm","13":"pa_forma-octogonala","14":"pa_funcii-calendarul-etern","15":"pa_funcii-data","16":"pa_funcii-gps","17":"pa_funcii-limited-edition","18":"pa_funcii-rezerva-de-energie","19":"pa_garatia-24-luni","20":"pa_korpus-negru","21":"pa_kvarc-quartz","22":"pa_material-titan","23":"pa_mehanizm-baterie-solara","24":"pa_mehanizm-quartz","25":"pa_remeshok-negru","26":"pa_steklo-cristal-safir","27":"pa_strana-japonia","28":"pa_voda-10-atm","30":"first","31":"instock","32":"purchasable","33":"product-type-simple"},"acf":[],"_links":{"self":[{"href":"https:\/\/ceasuri.md\/ru\/wp-json\/wp\/v2\/product\/54120","targetHints":{"allow":["GET"]}}],"collection":[{"href":"https:\/\/ceasuri.md\/ru\/wp-json\/wp\/v2\/product"}],"about":[{"href":"https:\/\/ceasuri.md\/ru\/wp-json\/wp\/v2\/types\/product"}],"replies":[{"embeddable":true,"href":"https:\/\/ceasuri.md\/ru\/wp-json\/wp\/v2\/comments?post=54120"}],"wp:featuredmedia":[{"embeddable":true,"href":"https:\/\/ceasuri.md\/ru\/wp-json\/wp\/v2\/media\/54121"}],"wp:attachment":[{"href":"https:\/\/ceasuri.md\/ru\/wp-json\/wp\/v2\/media?parent=54120"}],"wp:term":[{"taxonomy":"product_brand","embeddable":true,"href":"https:\/\/ceasuri.md\/ru\/wp-json\/wp\/v2\/product_brand?post=54120"},{"taxonomy":"product_cat","embeddable":true,"href":"https:\/\/ceasuri.md\/ru\/wp-json\/wp\/v2\/product_cat?post=54120"},{"taxonomy":"product_tag","embeddable":true,"href":"https:\/\/ceasuri.md\/ru\/wp-json\/wp\/v2\/product_tag?post=54120"}],"curies":[{"name":"wp","href":"https:\/\/api.w.org\/{rel}","templated":true}]}}