{"id":54115,"date":"2026-04-03T00:06:46","date_gmt":"2026-04-02T21:06:46","guid":{"rendered":"http:\/\/new.ceasuri.md\/shop\/uncategorized\/seiko-classic-sur564p1\/"},"modified":"2026-04-20T01:35:24","modified_gmt":"2026-04-19T22:35:24","slug":"seiko-classic-sur564p1","status":"publish","type":"product","link":"https:\/\/ceasuri.md\/ru\/shop\/branduri\/seiko\/seiko-classic-sur564p1\/","title":{"rendered":"Ceas SEIKO CLASSIC SUR564P1"},"content":{"rendered":"<p>Colec\u021bia Classique pentru femei a fost conceput\u0103 pentru a oferi ceasuri elegante, fiabile \u0219i accesibile pentru femeile cu discern\u0103m\u00e2nt. Acest ceas \u00eendepline\u0219te toate criteriile \u0219i v\u0103 va \u00eempodobi elegant \u00eencheietura m\u00e2inii pentru mul\u021bi ani de acum \u00eenainte. Cu un diametru de 29 mm, ceasul este caracterizat de afi\u0219ajul cu cifre complete, de m\u00e2inile fine care ies \u00een eviden\u021b\u0103 pe albul cadranului \u0219i de coroana original\u0103.<\/p>","protected":false},"excerpt":{"rendered":"<p>Colec\u021bia Classique pentru femei a fost conceput\u0103 pentru a oferi ceasuri elegante, fiabile \u0219i accesibile pentru femeile cu discern\u0103m\u00e2nt. Acest ceas \u00eendepline\u0219te toate criteriile \u0219i v\u0103 va \u00eempodobi elegant \u00eencheietura m\u00e2inii pentru mul\u021bi ani de acum \u00eenainte. Cu un diametru de 29 mm, ceasul este caracterizat de afi\u0219ajul cu cifre complete, de m\u00e2inile fine care [&hellip;]<\/p>\n","protected":false},"featured_media":54116,"comment_status":"closed","ping_status":"open","template":"","meta":{"_acf_changed":false},"product_brand":[],"product_cat":[25,588],"product_tag":[],"class_list":{"0":"post-54115","1":"product","2":"type-product","3":"status-publish","4":"has-post-thumbnail","6":"product_cat-ceasuri-dama","7":"product_cat-seiko","8":"pa_brand-seiko","9":"pa_braslet-otel-inoxidabil","10":"pa_corpus-29-mm","11":"pa_decor-cristale-swarowski","12":"pa_forma-rotund","13":"pa_funcii-special-edition","14":"pa_garatia-24-luni","15":"pa_korpus-roz-gold","16":"pa_kvarc-quartz","17":"pa_material-otel-inoxidabil","18":"pa_mehanizm-quartz","19":"pa_remeshok-roz-gold","20":"pa_steklo-hardlex-crystal","21":"pa_strana-japonia","22":"pa_voda-5-atm","24":"first","25":"instock","26":"purchasable","27":"product-type-simple"},"acf":[],"_links":{"self":[{"href":"https:\/\/ceasuri.md\/ru\/wp-json\/wp\/v2\/product\/54115","targetHints":{"allow":["GET"]}}],"collection":[{"href":"https:\/\/ceasuri.md\/ru\/wp-json\/wp\/v2\/product"}],"about":[{"href":"https:\/\/ceasuri.md\/ru\/wp-json\/wp\/v2\/types\/product"}],"replies":[{"embeddable":true,"href":"https:\/\/ceasuri.md\/ru\/wp-json\/wp\/v2\/comments?post=54115"}],"wp:featuredmedia":[{"embeddable":true,"href":"https:\/\/ceasuri.md\/ru\/wp-json\/wp\/v2\/media\/54116"}],"wp:attachment":[{"href":"https:\/\/ceasuri.md\/ru\/wp-json\/wp\/v2\/media?parent=54115"}],"wp:term":[{"taxonomy":"product_brand","embeddable":true,"href":"https:\/\/ceasuri.md\/ru\/wp-json\/wp\/v2\/product_brand?post=54115"},{"taxonomy":"product_cat","embeddable":true,"href":"https:\/\/ceasuri.md\/ru\/wp-json\/wp\/v2\/product_cat?post=54115"},{"taxonomy":"product_tag","embeddable":true,"href":"https:\/\/ceasuri.md\/ru\/wp-json\/wp\/v2\/product_tag?post=54115"}],"curies":[{"name":"wp","href":"https:\/\/api.w.org\/{rel}","templated":true}]}}