{"id":54111,"date":"2026-04-03T00:06:46","date_gmt":"2026-04-02T21:06:46","guid":{"rendered":"http:\/\/new.ceasuri.md\/shop\/uncategorized\/seiko-classic-sur573p1\/"},"modified":"2026-04-07T04:47:24","modified_gmt":"2026-04-07T01:47:24","slug":"seiko-classic-sur573p1","status":"publish","type":"product","link":"https:\/\/ceasuri.md\/ru\/shop\/branduri\/seiko\/seiko-classic-sur573p1\/","title":{"rendered":"Ceas SEIKO CLASSIC SUR573P1"},"content":{"rendered":"<p>Ceasul elegant, care reprezint\u0103 o abordare modern\u0103 a stilului clasic, cu carcas\u0103 \u0219i br\u0103\u021bar\u0103 rafinate, este ideal at\u00e2t pentru ocazii speciale, c\u00e2t \u0219i pentru uzul zilnic.<\/p>\n<p>Cadranul cu model \u00een relief este decorat cu indici simpli argintii, care \u00eei confer\u0103 un aspect modern, \u0219i este echipat cu calendar cu dat\u0103, ace \u0219i indicatoare LumiBrite.<\/p>\n<p>Fabricat din o\u021bel inoxidabil cu sticl\u0103 de safir rezistent\u0103 la zg\u00e2rieturi, acest ceas versatil este echipat cu un capac \u00een\u0219urubat \u0219i o \u00eenchiz\u0103toare tripl\u0103 cu buton pe br\u0103\u021bar\u0103.<\/p>","protected":false},"excerpt":{"rendered":"<p>Ceasul elegant, care reprezint\u0103 o abordare modern\u0103 a stilului clasic, cu carcas\u0103 \u0219i br\u0103\u021bar\u0103 rafinate, este ideal at\u00e2t pentru ocazii speciale, c\u00e2t \u0219i pentru uzul zilnic. Cadranul cu model \u00een relief este decorat cu indici simpli argintii, care \u00eei confer\u0103 un aspect modern, \u0219i este echipat cu calendar cu dat\u0103, ace \u0219i indicatoare LumiBrite. Fabricat [&hellip;]<\/p>\n","protected":false},"featured_media":54112,"comment_status":"closed","ping_status":"open","template":"","meta":{"_acf_changed":false},"product_brand":[],"product_cat":[25,588],"product_tag":[],"class_list":{"0":"post-54111","1":"product","2":"type-product","3":"status-publish","4":"has-post-thumbnail","6":"product_cat-ceasuri-dama","7":"product_cat-seiko","8":"pa_brand-seiko","9":"pa_braslet-otel-inoxidabil","10":"pa_corpus-34-mm","11":"pa_forma-rotund","12":"pa_funcii-data","13":"pa_garatia-24-luni","14":"pa_korpus-argintiu","15":"pa_material-otel-inoxidabil","16":"pa_mehanizm-quartz","17":"pa_remeshok-argintiu","18":"pa_steklo-cristal-safir","19":"pa_strana-japonia","20":"pa_voda-10-atm","22":"first","23":"instock","24":"purchasable","25":"product-type-simple"},"acf":[],"_links":{"self":[{"href":"https:\/\/ceasuri.md\/ru\/wp-json\/wp\/v2\/product\/54111","targetHints":{"allow":["GET"]}}],"collection":[{"href":"https:\/\/ceasuri.md\/ru\/wp-json\/wp\/v2\/product"}],"about":[{"href":"https:\/\/ceasuri.md\/ru\/wp-json\/wp\/v2\/types\/product"}],"replies":[{"embeddable":true,"href":"https:\/\/ceasuri.md\/ru\/wp-json\/wp\/v2\/comments?post=54111"}],"wp:featuredmedia":[{"embeddable":true,"href":"https:\/\/ceasuri.md\/ru\/wp-json\/wp\/v2\/media\/54112"}],"wp:attachment":[{"href":"https:\/\/ceasuri.md\/ru\/wp-json\/wp\/v2\/media?parent=54111"}],"wp:term":[{"taxonomy":"product_brand","embeddable":true,"href":"https:\/\/ceasuri.md\/ru\/wp-json\/wp\/v2\/product_brand?post=54111"},{"taxonomy":"product_cat","embeddable":true,"href":"https:\/\/ceasuri.md\/ru\/wp-json\/wp\/v2\/product_cat?post=54111"},{"taxonomy":"product_tag","embeddable":true,"href":"https:\/\/ceasuri.md\/ru\/wp-json\/wp\/v2\/product_tag?post=54111"}],"curies":[{"name":"wp","href":"https:\/\/api.w.org\/{rel}","templated":true}]}}