{"id":54106,"date":"2026-04-03T00:06:46","date_gmt":"2026-04-02T21:06:46","guid":{"rendered":"http:\/\/new.ceasuri.md\/shop\/uncategorized\/seiko-classic-sur575p1\/"},"modified":"2026-04-07T04:47:23","modified_gmt":"2026-04-07T01:47:23","slug":"seiko-classic-sur575p1","status":"publish","type":"product","link":"https:\/\/ceasuri.md\/ru\/shop\/branduri\/seiko\/seiko-classic-sur575p1\/","title":{"rendered":"Ceas SEIKO CLASSIC SUR575P1"},"content":{"rendered":"<p>O abordare modern\u0103 a unui stil clasic, acest ceas elegant are o carcas\u0103 elegant\u0103, unghiular\u0103 \u0219i un design cu br\u0103\u021bar\u0103 perfect at\u00e2t pentru ocazii vestimentare, c\u00e2t \u0219i pentru purtarea zilnic\u0103. Cadranul albastru inchis cu model presat prezint\u0103 indici simpli argintii pentru un aspect contemporan \u0219i include un calendar cu dat\u0103 \u0219i m\u00e2ini \u0219i indicatoare LumiBrite. Fabricat din o\u021bel inoxidabil cu un cristal de safir rezistent la zg\u00e2rieturi, acest ceas versatil este echipat cu o carcas\u0103 securizat\u0103 cu \u0219urub \u0219i cu o \u00eenchidere tripl\u0103 cu buton de eliberare.<\/p>","protected":false},"excerpt":{"rendered":"<p>O abordare modern\u0103 a unui stil clasic, acest ceas elegant are o carcas\u0103 elegant\u0103, unghiular\u0103 \u0219i un design cu br\u0103\u021bar\u0103 perfect at\u00e2t pentru ocazii vestimentare, c\u00e2t \u0219i pentru purtarea zilnic\u0103. Cadranul albastru inchis cu model presat prezint\u0103 indici simpli argintii pentru un aspect contemporan \u0219i include un calendar cu dat\u0103 \u0219i m\u00e2ini \u0219i indicatoare LumiBrite. [&hellip;]<\/p>\n","protected":false},"featured_media":54107,"comment_status":"closed","ping_status":"open","template":"","meta":{"_acf_changed":false},"product_brand":[],"product_cat":[25,588],"product_tag":[],"class_list":{"0":"post-54106","1":"product","2":"type-product","3":"status-publish","4":"has-post-thumbnail","6":"product_cat-ceasuri-dama","7":"product_cat-seiko","8":"pa_brand-seiko","9":"pa_braslet-otel-inoxidabil","10":"pa_corpus-34-mm","11":"pa_forma-rotund","12":"pa_funcii-data","13":"pa_garatia-24-luni","14":"pa_korpus-argintiu","15":"pa_material-otel-inoxidabil","16":"pa_mehanizm-quartz","17":"pa_remeshok-argintiu","18":"pa_steklo-cristal-safir","19":"pa_strana-japonia","20":"pa_voda-10-atm","22":"first","23":"instock","24":"purchasable","25":"product-type-simple"},"acf":[],"_links":{"self":[{"href":"https:\/\/ceasuri.md\/ru\/wp-json\/wp\/v2\/product\/54106","targetHints":{"allow":["GET"]}}],"collection":[{"href":"https:\/\/ceasuri.md\/ru\/wp-json\/wp\/v2\/product"}],"about":[{"href":"https:\/\/ceasuri.md\/ru\/wp-json\/wp\/v2\/types\/product"}],"replies":[{"embeddable":true,"href":"https:\/\/ceasuri.md\/ru\/wp-json\/wp\/v2\/comments?post=54106"}],"wp:featuredmedia":[{"embeddable":true,"href":"https:\/\/ceasuri.md\/ru\/wp-json\/wp\/v2\/media\/54107"}],"wp:attachment":[{"href":"https:\/\/ceasuri.md\/ru\/wp-json\/wp\/v2\/media?parent=54106"}],"wp:term":[{"taxonomy":"product_brand","embeddable":true,"href":"https:\/\/ceasuri.md\/ru\/wp-json\/wp\/v2\/product_brand?post=54106"},{"taxonomy":"product_cat","embeddable":true,"href":"https:\/\/ceasuri.md\/ru\/wp-json\/wp\/v2\/product_cat?post=54106"},{"taxonomy":"product_tag","embeddable":true,"href":"https:\/\/ceasuri.md\/ru\/wp-json\/wp\/v2\/product_tag?post=54106"}],"curies":[{"name":"wp","href":"https:\/\/api.w.org\/{rel}","templated":true}]}}