{"id":54098,"date":"2026-04-03T00:06:46","date_gmt":"2026-04-02T21:06:46","guid":{"rendered":"http:\/\/new.ceasuri.md\/shop\/uncategorized\/seiko-classic-sur578p1\/"},"modified":"2026-04-20T01:35:28","modified_gmt":"2026-04-19T22:35:28","slug":"seiko-classic-sur578p1","status":"publish","type":"product","link":"https:\/\/ceasuri.md\/ru\/shop\/branduri\/seiko\/seiko-classic-sur578p1\/","title":{"rendered":"Ceas SEIKO CLASSIC SUR578P1"},"content":{"rendered":"<p>Ceasurile cu cuar\u021b pentru femei Seiko sunt inspirate de modelul din 1970, cu designul iconic al br\u0103\u021b\u0103rii integrate.<\/p>\n<p>Acum, aceste ceasuri sunt disponibile \u00eentr-un diametru mai compact de 34 mm, pentru a ar\u0103ta elegant la \u00eencheietura m\u00e2inii doamnelor.<\/p>\n<p>Sunt echipate cu trei ace \u0219i o fereastr\u0103 pentru dat\u0103 \u00een pozi\u021bia \u201eora 3\u201d. Modelul este decorat cu un cadran alb uimitor, cu dungi orizontale.<\/p>","protected":false},"excerpt":{"rendered":"<p>Ceasurile cu cuar\u021b pentru femei Seiko sunt inspirate de modelul din 1970, cu designul iconic al br\u0103\u021b\u0103rii integrate. Acum, aceste ceasuri sunt disponibile \u00eentr-un diametru mai compact de 34 mm, pentru a ar\u0103ta elegant la \u00eencheietura m\u00e2inii doamnelor. Sunt echipate cu trei ace \u0219i o fereastr\u0103 pentru dat\u0103 \u00een pozi\u021bia \u201eora 3\u201d. Modelul este decorat [&hellip;]<\/p>\n","protected":false},"featured_media":54099,"comment_status":"closed","ping_status":"open","template":"","meta":{"_acf_changed":false},"product_brand":[],"product_cat":[25,588],"product_tag":[],"class_list":{"0":"post-54098","1":"product","2":"type-product","3":"status-publish","4":"has-post-thumbnail","6":"product_cat-ceasuri-dama","7":"product_cat-seiko","8":"pa_brand-seiko","9":"pa_braslet-otel-inoxidabil","10":"pa_corpus-34-mm","11":"pa_forma-rotund","12":"pa_funcii-data","13":"pa_garatia-24-luni","14":"pa_korpus-bicolor","15":"pa_kvarc-quartz","16":"pa_material-otel-inoxidabil","17":"pa_mehanizm-quartz","18":"pa_remeshok-bicolor","19":"pa_steklo-cristal-safir","20":"pa_strana-japonia","21":"pa_voda-10-atm","23":"first","24":"instock","25":"purchasable","26":"product-type-simple"},"acf":[],"_links":{"self":[{"href":"https:\/\/ceasuri.md\/ru\/wp-json\/wp\/v2\/product\/54098","targetHints":{"allow":["GET"]}}],"collection":[{"href":"https:\/\/ceasuri.md\/ru\/wp-json\/wp\/v2\/product"}],"about":[{"href":"https:\/\/ceasuri.md\/ru\/wp-json\/wp\/v2\/types\/product"}],"replies":[{"embeddable":true,"href":"https:\/\/ceasuri.md\/ru\/wp-json\/wp\/v2\/comments?post=54098"}],"wp:featuredmedia":[{"embeddable":true,"href":"https:\/\/ceasuri.md\/ru\/wp-json\/wp\/v2\/media\/54099"}],"wp:attachment":[{"href":"https:\/\/ceasuri.md\/ru\/wp-json\/wp\/v2\/media?parent=54098"}],"wp:term":[{"taxonomy":"product_brand","embeddable":true,"href":"https:\/\/ceasuri.md\/ru\/wp-json\/wp\/v2\/product_brand?post=54098"},{"taxonomy":"product_cat","embeddable":true,"href":"https:\/\/ceasuri.md\/ru\/wp-json\/wp\/v2\/product_cat?post=54098"},{"taxonomy":"product_tag","embeddable":true,"href":"https:\/\/ceasuri.md\/ru\/wp-json\/wp\/v2\/product_tag?post=54098"}],"curies":[{"name":"wp","href":"https:\/\/api.w.org\/{rel}","templated":true}]}}