{"id":54094,"date":"2026-04-03T00:06:46","date_gmt":"2026-04-02T21:06:46","guid":{"rendered":"http:\/\/new.ceasuri.md\/shop\/uncategorized\/seiko-5-symg42k1\/"},"modified":"2026-04-20T00:52:32","modified_gmt":"2026-04-19T21:52:32","slug":"seiko-5-symg42k1","status":"publish","type":"product","link":"https:\/\/ceasuri.md\/ru\/shop\/branduri\/seiko\/seiko-5-symg42k1\/","title":{"rendered":"Ceas SEIKO 5 SYMG42K1"},"content":{"rendered":"<p>Ceas de m\u00e2n\u0103 japonez \u00een stil sportiv, creat pentru femei.<\/p>\n<p>linii curate, cadran clasic \u0219i br\u0103\u021bar\u0103 rezistent\u0103 din o\u021bel inoxidabil, este simplu \u0219i elegant.<\/p>\n<p>Mecanism cu 21 de pietre. Rezerv\u0103 de mar\u0219\u0103 de 40 de ore. Posibilitate de \u00eenf\u0103\u0219urare manual\u0103.<\/p>\n<p>Capac posterior \u00een\u0219urubat.<\/p>\n<p>Br\u0103\u021bar\u0103 cu \u00eenchiz\u0103toare pliabil\u0103.<\/p>","protected":false},"excerpt":{"rendered":"<p>Ceas de m\u00e2n\u0103 japonez \u00een stil sportiv, creat pentru femei. linii curate, cadran clasic \u0219i br\u0103\u021bar\u0103 rezistent\u0103 din o\u021bel inoxidabil, este simplu \u0219i elegant. Mecanism cu 21 de pietre. Rezerv\u0103 de mar\u0219\u0103 de 40 de ore. Posibilitate de \u00eenf\u0103\u0219urare manual\u0103. Capac posterior \u00een\u0219urubat. Br\u0103\u021bar\u0103 cu \u00eenchiz\u0103toare pliabil\u0103.<\/p>","protected":false},"featured_media":54095,"comment_status":"closed","ping_status":"open","template":"","meta":{"_acf_changed":false},"product_brand":[],"product_cat":[25,588],"product_tag":[],"class_list":{"0":"post-54094","1":"product","2":"type-product","3":"status-publish","4":"has-post-thumbnail","6":"product_cat-ceasuri-dama","7":"product_cat-seiko","8":"pa_brand-seiko","9":"pa_braslet-otel-inoxidabil","10":"pa_corpus-29-mm","11":"pa_forma-rotund","12":"pa_funcii-data","13":"pa_funcii-ziua-saptamanii","14":"pa_garatia-24-luni","15":"pa_korpus-bicolor","16":"pa_material-otel-inoxidabil","17":"pa_mehanizm-mecanic","18":"pa_mehanizm-mecanism-automatic","19":"pa_remeshok-bicolor","20":"pa_steklo-cristal-mineral","21":"pa_strana-japonia","22":"pa_voda-5-atm","24":"first","25":"instock","26":"purchasable","27":"product-type-simple"},"acf":[],"_links":{"self":[{"href":"https:\/\/ceasuri.md\/ru\/wp-json\/wp\/v2\/product\/54094","targetHints":{"allow":["GET"]}}],"collection":[{"href":"https:\/\/ceasuri.md\/ru\/wp-json\/wp\/v2\/product"}],"about":[{"href":"https:\/\/ceasuri.md\/ru\/wp-json\/wp\/v2\/types\/product"}],"replies":[{"embeddable":true,"href":"https:\/\/ceasuri.md\/ru\/wp-json\/wp\/v2\/comments?post=54094"}],"wp:featuredmedia":[{"embeddable":true,"href":"https:\/\/ceasuri.md\/ru\/wp-json\/wp\/v2\/media\/54095"}],"wp:attachment":[{"href":"https:\/\/ceasuri.md\/ru\/wp-json\/wp\/v2\/media?parent=54094"}],"wp:term":[{"taxonomy":"product_brand","embeddable":true,"href":"https:\/\/ceasuri.md\/ru\/wp-json\/wp\/v2\/product_brand?post=54094"},{"taxonomy":"product_cat","embeddable":true,"href":"https:\/\/ceasuri.md\/ru\/wp-json\/wp\/v2\/product_cat?post=54094"},{"taxonomy":"product_tag","embeddable":true,"href":"https:\/\/ceasuri.md\/ru\/wp-json\/wp\/v2\/product_tag?post=54094"}],"curies":[{"name":"wp","href":"https:\/\/api.w.org\/{rel}","templated":true}]}}