{"id":54084,"date":"2026-04-03T00:06:46","date_gmt":"2026-04-02T21:06:46","guid":{"rendered":"http:\/\/new.ceasuri.md\/shop\/uncategorized\/claude-bernard-slim-line-quartz-chrono-10258-3-buin\/"},"modified":"2026-04-20T01:37:25","modified_gmt":"2026-04-19T22:37:25","slug":"claude-bernard-slim-line-quartz-chrono-10258-3-buin","status":"publish","type":"product","link":"https:\/\/ceasuri.md\/ru\/shop\/branduri\/claude-bernard\/claude-bernard-slim-line-quartz-chrono-10258-3-buin\/","title":{"rendered":"\u0427\u0430\u0441\u044b CLAUDE BERNARD SLIM LINE QUARTZ CHRONO 10258-3-BUIN"},"content":{"rendered":"<p>Claude Bernard Slim Line Chronograph este un ceas elegant \u0219i stilat cu capacit\u0103\u021bi avansate de cronograf. Cu o cronometrare de precizie \u0219i un design sub\u021bire, acest ceas este perfect pentru cei care doresc at\u00e2t func\u021bionalitate, c\u00e2t \u0219i mod\u0103.<br \/>\nUn ceas Claude Bernard nu este doar un ceas, ci o &#8222;ma\u0219in\u0103 a timpului&#8221; \u00een miniatur\u0103, care \u00eentruchipeaz\u0103 excelen\u021ba \u00een materie de inginerie \u0219i design, construit\u0103 pe baza a 500 de ani de tradi\u021bie orologier\u0103 elve\u021bian\u0103. De aproape 50 de ani, Claude Bernard, o companie de orologerie independent\u0103, de\u021binut\u0103 de o familie, produce ceasuri excep\u021bionale, frumoase \u0219i accesibile. Claude Bernard consider\u0103 c\u0103 este o onoare s\u0103 duc\u0103 mai departe tradi\u021bia marilor pionieri ai orologeriei. De asemenea, se m\u00e2ndre\u0219te cu utilizarea celor mai moderne materiale \u0219i tehnologii pentru a crea ceasuri din secolul XXI care ofer\u0103 calitate.<\/p>","protected":false},"excerpt":{"rendered":"<p>Claude Bernard Slim Line Chronograph este un ceas elegant \u0219i stilat cu capacit\u0103\u021bi avansate de cronograf. Cu o cronometrare de precizie \u0219i un design sub\u021bire, acest ceas este perfect pentru cei care doresc at\u00e2t func\u021bionalitate, c\u00e2t \u0219i mod\u0103. Un ceas Claude Bernard nu este doar un ceas, ci o &#8222;ma\u0219in\u0103 a timpului&#8221; \u00een miniatur\u0103, care [&hellip;]<\/p>\n","protected":false},"featured_media":54085,"comment_status":"closed","ping_status":"open","template":"","meta":{"_acf_changed":false},"product_brand":[],"product_cat":[20,19],"product_tag":[],"class_list":{"0":"post-54084","1":"product","2":"type-product","3":"status-publish","4":"has-post-thumbnail","6":"product_cat-ceasuri-barbati","7":"product_cat-claude-bernard","8":"pa_brand-claude-bernard","9":"pa_braslet-piele","10":"pa_corpus-40-mm","11":"pa_forma-rotund","12":"pa_funcii-cronograf","13":"pa_funcii-data","14":"pa_garatia-24-luni","15":"pa_korpus-argintiu","16":"pa_kvarc-quartz","17":"pa_material-otel-inoxidabil","18":"pa_mehanizm-quartz","19":"pa_remeshok-negru","20":"pa_steklo-cristal-safir","21":"pa_strana-elvetia","22":"pa_voda-3-atm","24":"first","25":"instock","26":"purchasable","27":"product-type-simple"},"acf":[],"_links":{"self":[{"href":"https:\/\/ceasuri.md\/ru\/wp-json\/wp\/v2\/product\/54084","targetHints":{"allow":["GET"]}}],"collection":[{"href":"https:\/\/ceasuri.md\/ru\/wp-json\/wp\/v2\/product"}],"about":[{"href":"https:\/\/ceasuri.md\/ru\/wp-json\/wp\/v2\/types\/product"}],"replies":[{"embeddable":true,"href":"https:\/\/ceasuri.md\/ru\/wp-json\/wp\/v2\/comments?post=54084"}],"wp:featuredmedia":[{"embeddable":true,"href":"https:\/\/ceasuri.md\/ru\/wp-json\/wp\/v2\/media\/54085"}],"wp:attachment":[{"href":"https:\/\/ceasuri.md\/ru\/wp-json\/wp\/v2\/media?parent=54084"}],"wp:term":[{"taxonomy":"product_brand","embeddable":true,"href":"https:\/\/ceasuri.md\/ru\/wp-json\/wp\/v2\/product_brand?post=54084"},{"taxonomy":"product_cat","embeddable":true,"href":"https:\/\/ceasuri.md\/ru\/wp-json\/wp\/v2\/product_cat?post=54084"},{"taxonomy":"product_tag","embeddable":true,"href":"https:\/\/ceasuri.md\/ru\/wp-json\/wp\/v2\/product_tag?post=54084"}],"curies":[{"name":"wp","href":"https:\/\/api.w.org\/{rel}","templated":true}]}}