{"id":54074,"date":"2026-04-03T00:06:46","date_gmt":"2026-04-02T21:06:46","guid":{"rendered":"http:\/\/new.ceasuri.md\/shop\/uncategorized\/claude-bernard-slim-line-quartz-lady-20231-3-bucin\/"},"modified":"2026-04-20T01:37:29","modified_gmt":"2026-04-19T22:37:29","slug":"claude-bernard-slim-line-quartz-lady-20231-3-bucin","status":"publish","type":"product","link":"https:\/\/ceasuri.md\/ru\/shop\/branduri\/claude-bernard\/claude-bernard-slim-line-quartz-lady-20231-3-bucin\/","title":{"rendered":"\u0427\u0430\u0441\u044b CLAUDE BERNARD SLIM LINE QUARTZ LADY 20231-3-BUCIN"},"content":{"rendered":"<p>Acest ceas elegant combin\u0103 sofisticarea \u0219i stilul cu designul s\u0103u sub\u021bire \u0219i elegant. Cu aspectul s\u0103u elegant, este perfect pentru orice ocazie. Ad\u0103uga\u021bi o not\u0103 de lux garderobei dvs. cu acest ceas sub\u021bire \u0219i rafinat.<br \/>\nUn ceas Claude Bernard nu este doar un ceas, ci o &#8222;ma\u0219in\u0103 a timpului&#8221; \u00een miniatur\u0103, care \u00eentruchipeaz\u0103 excelen\u021ba \u00een materie de inginerie \u0219i design, construit\u0103 pe baza a 500 de ani de tradi\u021bie orologier\u0103 elve\u021bian\u0103. De aproape 50 de ani, Claude Bernard, o companie de orologerie independent\u0103, de\u021binut\u0103 de o familie, produce ceasuri excep\u021bionale, frumoase \u0219i accesibile. Claude Bernard consider\u0103 c\u0103 este o onoare s\u0103 duc\u0103 mai departe tradi\u021bia marilor pionieri ai orologeriei. De asemenea, se m\u00e2ndre\u0219te cu utilizarea celor mai moderne materiale \u0219i tehnologii pentru a crea ceasuri din secolul XXI care ofer\u0103 calitate.<\/p>","protected":false},"excerpt":{"rendered":"<p>Acest ceas elegant combin\u0103 sofisticarea \u0219i stilul cu designul s\u0103u sub\u021bire \u0219i elegant. Cu aspectul s\u0103u elegant, este perfect pentru orice ocazie. Ad\u0103uga\u021bi o not\u0103 de lux garderobei dvs. cu acest ceas sub\u021bire \u0219i rafinat. Un ceas Claude Bernard nu este doar un ceas, ci o &#8222;ma\u0219in\u0103 a timpului&#8221; \u00een miniatur\u0103, care \u00eentruchipeaz\u0103 excelen\u021ba \u00een [&hellip;]<\/p>\n","protected":false},"featured_media":54075,"comment_status":"closed","ping_status":"open","template":"","meta":{"_acf_changed":false},"product_brand":[],"product_cat":[25,19],"product_tag":[],"class_list":{"0":"post-54074","1":"product","2":"type-product","3":"status-publish","4":"has-post-thumbnail","6":"product_cat-ceasuri-dama","7":"product_cat-claude-bernard","8":"pa_brand-claude-bernard","9":"pa_braslet-piele","10":"pa_corpus-32-mm","11":"pa_forma-rotund","12":"pa_garatia-24-luni","13":"pa_korpus-argintiu","14":"pa_kvarc-quartz","15":"pa_material-otel-inoxidabil","16":"pa_mehanizm-quartz","17":"pa_remeshok-negru","18":"pa_steklo-cristal-safir","19":"pa_strana-elvetia","20":"pa_voda-3-atm","22":"first","23":"instock","24":"purchasable","25":"product-type-simple"},"acf":[],"_links":{"self":[{"href":"https:\/\/ceasuri.md\/ru\/wp-json\/wp\/v2\/product\/54074","targetHints":{"allow":["GET"]}}],"collection":[{"href":"https:\/\/ceasuri.md\/ru\/wp-json\/wp\/v2\/product"}],"about":[{"href":"https:\/\/ceasuri.md\/ru\/wp-json\/wp\/v2\/types\/product"}],"replies":[{"embeddable":true,"href":"https:\/\/ceasuri.md\/ru\/wp-json\/wp\/v2\/comments?post=54074"}],"wp:featuredmedia":[{"embeddable":true,"href":"https:\/\/ceasuri.md\/ru\/wp-json\/wp\/v2\/media\/54075"}],"wp:attachment":[{"href":"https:\/\/ceasuri.md\/ru\/wp-json\/wp\/v2\/media?parent=54074"}],"wp:term":[{"taxonomy":"product_brand","embeddable":true,"href":"https:\/\/ceasuri.md\/ru\/wp-json\/wp\/v2\/product_brand?post=54074"},{"taxonomy":"product_cat","embeddable":true,"href":"https:\/\/ceasuri.md\/ru\/wp-json\/wp\/v2\/product_cat?post=54074"},{"taxonomy":"product_tag","embeddable":true,"href":"https:\/\/ceasuri.md\/ru\/wp-json\/wp\/v2\/product_tag?post=54074"}],"curies":[{"name":"wp","href":"https:\/\/api.w.org\/{rel}","templated":true}]}}