{"id":54070,"date":"2026-04-03T00:06:46","date_gmt":"2026-04-02T21:06:46","guid":{"rendered":"http:\/\/new.ceasuri.md\/shop\/uncategorized\/claude-bernard-slim-line-automatic-3-hands-80102-37j-aid\/"},"modified":"2026-04-20T01:37:31","modified_gmt":"2026-04-19T22:37:31","slug":"claude-bernard-slim-line-automatic-3-hands-80102-37j-aid","status":"publish","type":"product","link":"https:\/\/ceasuri.md\/ru\/shop\/branduri\/claude-bernard\/claude-bernard-slim-line-automatic-3-hands-80102-37j-aid\/","title":{"rendered":"Ceas CLAUDE BERNARD SLIM LINE AUTOMATIC 3 HANDS 80102-37J-AID"},"content":{"rendered":"<p>Experimenta\u021bi precizia \u0219i elegan\u021ba cu Claude Bernard Slim Line Automatic Date. Acest ceas are un design sub\u021bire \u0219i dispune de func\u021bia de dat\u0103 automat\u0103, fiind o alegere perfect\u0103 pentru cei care apreciaz\u0103 stilul \u0219i confortul.<br \/>\nUn ceas Claude Bernard nu este doar un ceas, ci o &#8222;ma\u0219in\u0103 a timpului&#8221; \u00een miniatur\u0103, care \u00eentruchipeaz\u0103 excelen\u021ba \u00een materie de inginerie \u0219i design, construit\u0103 pe baza a 500 de ani de tradi\u021bie orologier\u0103 elve\u021bian\u0103. De aproape 50 de ani, Claude Bernard, o companie de orologerie independent\u0103, de\u021binut\u0103 de o familie, produce ceasuri excep\u021bionale, frumoase \u0219i accesibile. Claude Bernard consider\u0103 c\u0103 este o onoare s\u0103 duc\u0103 mai departe tradi\u021bia marilor pionieri ai orologeriei. De asemenea, se m\u00e2ndre\u0219te cu utilizarea celor mai moderne materiale \u0219i tehnologii pentru a crea ceasuri din secolul XXI care ofer\u0103 calitate.<\/p>","protected":false},"excerpt":{"rendered":"<p>Experimenta\u021bi precizia \u0219i elegan\u021ba cu Claude Bernard Slim Line Automatic Date. Acest ceas are un design sub\u021bire \u0219i dispune de func\u021bia de dat\u0103 automat\u0103, fiind o alegere perfect\u0103 pentru cei care apreciaz\u0103 stilul \u0219i confortul. Un ceas Claude Bernard nu este doar un ceas, ci o &#8222;ma\u0219in\u0103 a timpului&#8221; \u00een miniatur\u0103, care \u00eentruchipeaz\u0103 excelen\u021ba \u00een [&hellip;]<\/p>\n","protected":false},"featured_media":54071,"comment_status":"closed","ping_status":"open","template":"","meta":{"_acf_changed":false},"product_brand":[],"product_cat":[20,106,19],"product_tag":[],"class_list":{"0":"post-54070","1":"product","2":"type-product","3":"status-publish","4":"has-post-thumbnail","6":"product_cat-ceasuri-barbati","7":"product_cat-ceasuri-premium","8":"product_cat-claude-bernard","9":"pa_brand-claude-bernard","10":"pa_braslet-piele","11":"pa_corpus-40-mm","12":"pa_forma-rotund","13":"pa_funcii-data","14":"pa_garatia-24-luni","15":"pa_korpus-auriu","16":"pa_material-otel-inoxidabil","17":"pa_mehanizm-mecanic","18":"pa_mehanizm-mecanism-automatic","19":"pa_remeshok-maro","20":"pa_steklo-cristal-safir","21":"pa_strana-elvetia","22":"pa_voda-3-atm","24":"first","25":"instock","26":"purchasable","27":"product-type-simple"},"acf":[],"_links":{"self":[{"href":"https:\/\/ceasuri.md\/ru\/wp-json\/wp\/v2\/product\/54070","targetHints":{"allow":["GET"]}}],"collection":[{"href":"https:\/\/ceasuri.md\/ru\/wp-json\/wp\/v2\/product"}],"about":[{"href":"https:\/\/ceasuri.md\/ru\/wp-json\/wp\/v2\/types\/product"}],"replies":[{"embeddable":true,"href":"https:\/\/ceasuri.md\/ru\/wp-json\/wp\/v2\/comments?post=54070"}],"wp:featuredmedia":[{"embeddable":true,"href":"https:\/\/ceasuri.md\/ru\/wp-json\/wp\/v2\/media\/54071"}],"wp:attachment":[{"href":"https:\/\/ceasuri.md\/ru\/wp-json\/wp\/v2\/media?parent=54070"}],"wp:term":[{"taxonomy":"product_brand","embeddable":true,"href":"https:\/\/ceasuri.md\/ru\/wp-json\/wp\/v2\/product_brand?post=54070"},{"taxonomy":"product_cat","embeddable":true,"href":"https:\/\/ceasuri.md\/ru\/wp-json\/wp\/v2\/product_cat?post=54070"},{"taxonomy":"product_tag","embeddable":true,"href":"https:\/\/ceasuri.md\/ru\/wp-json\/wp\/v2\/product_tag?post=54070"}],"curies":[{"name":"wp","href":"https:\/\/api.w.org\/{rel}","templated":true}]}}